{"id":55288,"date":"2023-12-14T11:36:28","date_gmt":"2023-12-14T11:36:28","guid":{"rendered":"https:\/\/chessgamesemporium.com\/?post_type=product&#038;p=55288"},"modified":"2023-12-14T11:40:41","modified_gmt":"2023-12-14T11:40:41","slug":"akcijska-jenga","status":"publish","type":"product","link":"https:\/\/chessgamesemporium.com\/fr\/shop\/vsi-izdelki\/akcijska-jenga\/","title":{"rendered":"Jenga Action"},"content":{"rendered":"<p>Le Jenga Action se joue de deux mani\u00e8res diff\u00e9rentes :<\/p>\n<p>1. Jenga classique (Un jeu de tour pour plusieurs joueurs. Qui aura le plus de sang-froid et de dext\u00e9rit\u00e9 pour retirer les blocs de la tour sans la faire tomber ?)<br \/>\n2. Jenga Action, o\u00f9 les tuiles Action ont des effets sp\u00e9ciaux.<\/p>\n<p>Signification des tuiles Action :<\/p>\n<table>\n<tbody>\n<tr>\n<td width=\"56\">=<\/td>\n<td width=\"548\">Un joueur qui pioche cette tuile doit la placer au sommet de la tour et piocher une nouvelle tuile. Si cette tuile est une tuile Action, le joueur doit \u00e9galement respecter sa r\u00e8gle.<\/td>\n<\/tr>\n<tr>\n<td width=\"56\">C<\/td>\n<td width=\"548\">Changer le sens du jeu.<\/td>\n<\/tr>\n<tr>\n<td width=\"56\">X<\/td>\n<td width=\"548\">Le joueur suivant passe son tour.<\/td>\n<\/tr>\n<tr>\n<td width=\"56\">JOKER<\/td>\n<td width=\"548\">Un joueur qui pioche ce joker et le place au sommet de la tour peut choisir de rejouer, de changer le sens du jeu ou de forcer le joueur suivant \u00e0 passer son tour.<\/td>\n<\/tr>\n<\/tbody>\n<\/table>\n<p>&nbsp;<\/p>\n<p>Dimenzije: 75 x 75 x 270 mm<br \/>\nMaterial: Les &#8211; borovec<\/p>","protected":false},"excerpt":{"rendered":"<p>Igro AKCIJSKA JENGA lahko igrate na dva na\u010dina: 1. Obi\u010dajna jenga (Razstavljanje stolpa za ve\u010d igralcev. Kdo ima ve\u010d \u017eivcev in bolj spretno roko pri jemanju posameznih kosov iz stolpa, brez da se le ta podre.) 2. Akcijska jenga, kjer se upo\u0161tevajo akcijske plo\u0161\u010dice. Pomen akcijskih plo\u0161\u010dic: = Igralec, ki izvle\u010de plo\u0161\u010dico s tem znakom, [&hellip;]<\/p>","protected":false},"featured_media":55294,"comment_status":"open","ping_status":"closed","template":"","meta":{"_seopress_robots_primary_cat":"none","_seopress_titles_title":"","_seopress_titles_desc":"","_seopress_robots_index":""},"product_brand":[],"product_cat":[677,194],"product_tag":[],"class_list":{"0":"post-55288","1":"product","2":"type-product","3":"status-publish","4":"has-post-thumbnail","6":"product_cat-druzabne-igre","7":"product_cat-vsi-izdelki","9":"entry","10":"has-media","12":"first","13":"instock","14":"taxable","15":"shipping-taxable","16":"purchasable","17":"product-type-simple","18":"has-product-nav","19":"col","20":"span_1_of_4","21":"owp-content-center","22":"item-entry","23":"owp-thumbs-layout-horizontal","24":"owp-btn-normal","25":"owp-tabs-layout-section"},"wcpa_form_fields":null,"_links":{"self":[{"href":"https:\/\/chessgamesemporium.com\/fr\/wp-json\/wp\/v2\/product\/55288","targetHints":{"allow":["GET"]}}],"collection":[{"href":"https:\/\/chessgamesemporium.com\/fr\/wp-json\/wp\/v2\/product"}],"about":[{"href":"https:\/\/chessgamesemporium.com\/fr\/wp-json\/wp\/v2\/types\/product"}],"replies":[{"embeddable":true,"href":"https:\/\/chessgamesemporium.com\/fr\/wp-json\/wp\/v2\/comments?post=55288"}],"version-history":[{"count":0,"href":"https:\/\/chessgamesemporium.com\/fr\/wp-json\/wp\/v2\/product\/55288\/revisions"}],"wp:featuredmedia":[{"embeddable":true,"href":"https:\/\/chessgamesemporium.com\/fr\/wp-json\/wp\/v2\/media\/55294"}],"wp:attachment":[{"href":"https:\/\/chessgamesemporium.com\/fr\/wp-json\/wp\/v2\/media?parent=55288"}],"wp:term":[{"taxonomy":"product_brand","embeddable":true,"href":"https:\/\/chessgamesemporium.com\/fr\/wp-json\/wp\/v2\/product_brand?post=55288"},{"taxonomy":"product_cat","embeddable":true,"href":"https:\/\/chessgamesemporium.com\/fr\/wp-json\/wp\/v2\/product_cat?post=55288"},{"taxonomy":"product_tag","embeddable":true,"href":"https:\/\/chessgamesemporium.com\/fr\/wp-json\/wp\/v2\/product_tag?post=55288"}],"curies":[{"name":"wp","href":"https:\/\/api.w.org\/{rel}","templated":true}]}}