{"id":55789,"date":"2024-02-07T08:29:35","date_gmt":"2024-02-07T08:29:35","guid":{"rendered":"https:\/\/chessgamesemporium.com\/?post_type=product&#038;p=55789"},"modified":"2026-03-12T07:51:09","modified_gmt":"2026-03-12T07:51:09","slug":"playing-the-english","status":"publish","type":"product","link":"https:\/\/chessgamesemporium.com\/fr\/shop\/livres-echecs\/ouvertures-echecs\/playing-the-english\/","title":{"rendered":"Playing the English"},"content":{"rendered":"<p>Avtor: Nikolaos Ntirlis<br \/>\nLeto izdaje: 2023<br \/>\nLangue : Anglais<br \/>\n\u0160t. strani: 440<br \/>\nDimensiones: 24 x 17 cm<br \/>\nCouverture : souple<\/p>\n<p>Angle\u0161ka otvoritev se pojavi po 1.c4 in je odli\u010dno prakti\u010dno oro\u017eje za igralce na vseh ravneh. Beli narekuje otvoritev \u017ee od prve poteze in pogosto dose\u017ee polo\u017eaje, kjer je razumevanje tem in na\u010drtov pomembnej\u0161e od najnovej\u0161e ra\u010dunalni\u0161ke analize.<\/p>\n<p>Nikolaos Ntirlis \u017ee vrsto let uspe\u0161no igra angle\u0161ko otvoritev na dopisnih tekmovanjih na visoki ravni. \u010ceprav so njegove analize vrhunske, Ntirlis razume tudi razli\u010dne potrebe med dopisnim in turnirskim \u0161ahom, zato je ta repertoar posebej prilagojen prakti\u010dnim igralcem.<\/p>\n<p>Repertoar svetovnega formata ponuja popoln repertoar z 1.c4 in prikazuje, kako se odzvati na vse glavne mo\u017enosti, ki jih lahko \u010drni izbere. Vsako poglavje knjige se za\u010dne z uvodom, v katerem so opisani glavni na\u010drti in koncepti, zato boste opremljeni tako s strate\u0161kim kot teoreti\u010dnim znanjem, ki ga potrebujete, da boste premagali svoje nasprotnike.<\/p>\n<p>&nbsp;<\/p>","protected":false},"excerpt":{"rendered":"<p><a href=\"https:\/\/chessgamesemporium.com\/wp-content\/uploads\/2024\/02\/Playing-the-English-excerpt.pdf\" target=\"_blank\" rel=\"noopener\">Extrait PDF<\/a><\/p>","protected":false},"featured_media":55803,"comment_status":"open","ping_status":"closed","template":"","meta":{"_seopress_robots_primary_cat":"none","_seopress_titles_title":"","_seopress_titles_desc":"","_seopress_robots_index":""},"product_brand":[],"product_cat":[605,512],"product_tag":[],"class_list":{"0":"post-55789","1":"product","2":"type-product","3":"status-publish","4":"has-post-thumbnail","6":"product_cat-otvoritve","7":"product_cat-sahovske-knjige","8":"pa_avtor-nikolaos-ntirlis","9":"pa_glavna-linija-1-c4-e5-2-nc3-nf6-3-nf3-nc6","10":"pa_leto-izdaje-1037","11":"pa_nivo-knjige-srednji","12":"pa_otvoritev-tema-angleska-otvoritev","13":"pa_stran-oboje-nevtralno","14":"pa_tip-knjige-otvoritve","15":"pa_zalozba-quality-chess","17":"entry","18":"has-media","20":"first","21":"instock","22":"taxable","23":"shipping-taxable","24":"purchasable","25":"product-type-simple","26":"has-product-nav","27":"col","28":"span_1_of_4","29":"owp-content-center","30":"item-entry","31":"owp-thumbs-layout-horizontal","32":"owp-btn-normal","33":"owp-tabs-layout-section"},"wcpa_form_fields":null,"_links":{"self":[{"href":"https:\/\/chessgamesemporium.com\/fr\/wp-json\/wp\/v2\/product\/55789","targetHints":{"allow":["GET"]}}],"collection":[{"href":"https:\/\/chessgamesemporium.com\/fr\/wp-json\/wp\/v2\/product"}],"about":[{"href":"https:\/\/chessgamesemporium.com\/fr\/wp-json\/wp\/v2\/types\/product"}],"replies":[{"embeddable":true,"href":"https:\/\/chessgamesemporium.com\/fr\/wp-json\/wp\/v2\/comments?post=55789"}],"version-history":[{"count":0,"href":"https:\/\/chessgamesemporium.com\/fr\/wp-json\/wp\/v2\/product\/55789\/revisions"}],"wp:featuredmedia":[{"embeddable":true,"href":"https:\/\/chessgamesemporium.com\/fr\/wp-json\/wp\/v2\/media\/55803"}],"wp:attachment":[{"href":"https:\/\/chessgamesemporium.com\/fr\/wp-json\/wp\/v2\/media?parent=55789"}],"wp:term":[{"taxonomy":"product_brand","embeddable":true,"href":"https:\/\/chessgamesemporium.com\/fr\/wp-json\/wp\/v2\/product_brand?post=55789"},{"taxonomy":"product_cat","embeddable":true,"href":"https:\/\/chessgamesemporium.com\/fr\/wp-json\/wp\/v2\/product_cat?post=55789"},{"taxonomy":"product_tag","embeddable":true,"href":"https:\/\/chessgamesemporium.com\/fr\/wp-json\/wp\/v2\/product_tag?post=55789"}],"curies":[{"name":"wp","href":"https:\/\/api.w.org\/{rel}","templated":true}]}}