{"id":55985,"date":"2024-02-15T11:58:53","date_gmt":"2024-02-15T11:58:53","guid":{"rendered":"https:\/\/chessgamesemporium.com\/?post_type=product&#038;p=55985"},"modified":"2026-04-10T10:02:06","modified_gmt":"2026-04-10T10:02:06","slug":"backgammon-set-seul","status":"publish","type":"product","link":"https:\/\/chessgamesemporium.com\/fr\/shop\/backgammon\/backgammon-backgammon\/backgammon-set-seul\/","title":{"rendered":"Jeu de backgammon S\u00e9oul"},"content":{"rendered":"<p>Jeu de backgammon S\u00e9oul<\/p>\n<p>Dimensions : 345 x 195 x 55 mm<\/p>\n<p>Contenu :<br \/>\n1 coffret en bois, 1 d\u00e9 double, 4 d\u00e9s, 15 pions fonc\u00e9s, 15 pions clairs, un sac en tissu pour ranger les pions.<\/p>\n<div><\/div>\n<div>Attention ! Ne convient pas aux enfants de moins de 3 ans en raison des petites pi\u00e8ces ! Risque d'\u00e9touffement.<\/div>","protected":false},"excerpt":{"rendered":"<p>Backgammon set SEUL Dimenzije: 345 x 195 x 55 mm Vsebina: 1 kaseta, 1 podvojitvena kocka, 4 igralne kocke, 15 temnih igralnih \u017eetonov, 15 svetlih igralnih \u017eetonov, vre\u010dka iz blaga za \u017eetone. OPOZORILO! Ni primerno za otroke pod tretjim letom starosti.<\/p>","protected":false},"featured_media":55988,"comment_status":"open","ping_status":"closed","template":"","meta":{"_seopress_robots_primary_cat":"none","_seopress_titles_title":"","_seopress_titles_desc":"","_seopress_robots_index":""},"product_brand":[],"product_cat":[552,551],"product_tag":[],"class_list":{"0":"post-55985","1":"product","2":"type-product","3":"status-publish","4":"has-post-thumbnail","6":"product_cat-backgammon-backgammon","7":"product_cat-backgammon","9":"entry","10":"has-media","12":"first","13":"instock","14":"taxable","15":"shipping-taxable","16":"purchasable","17":"product-type-simple","18":"has-product-nav","19":"col","20":"span_1_of_4","21":"owp-content-center","22":"item-entry","23":"owp-thumbs-layout-horizontal","24":"owp-btn-normal","25":"owp-tabs-layout-section"},"wcpa_form_fields":null,"_links":{"self":[{"href":"https:\/\/chessgamesemporium.com\/fr\/wp-json\/wp\/v2\/product\/55985","targetHints":{"allow":["GET"]}}],"collection":[{"href":"https:\/\/chessgamesemporium.com\/fr\/wp-json\/wp\/v2\/product"}],"about":[{"href":"https:\/\/chessgamesemporium.com\/fr\/wp-json\/wp\/v2\/types\/product"}],"replies":[{"embeddable":true,"href":"https:\/\/chessgamesemporium.com\/fr\/wp-json\/wp\/v2\/comments?post=55985"}],"version-history":[{"count":0,"href":"https:\/\/chessgamesemporium.com\/fr\/wp-json\/wp\/v2\/product\/55985\/revisions"}],"wp:featuredmedia":[{"embeddable":true,"href":"https:\/\/chessgamesemporium.com\/fr\/wp-json\/wp\/v2\/media\/55988"}],"wp:attachment":[{"href":"https:\/\/chessgamesemporium.com\/fr\/wp-json\/wp\/v2\/media?parent=55985"}],"wp:term":[{"taxonomy":"product_brand","embeddable":true,"href":"https:\/\/chessgamesemporium.com\/fr\/wp-json\/wp\/v2\/product_brand?post=55985"},{"taxonomy":"product_cat","embeddable":true,"href":"https:\/\/chessgamesemporium.com\/fr\/wp-json\/wp\/v2\/product_cat?post=55985"},{"taxonomy":"product_tag","embeddable":true,"href":"https:\/\/chessgamesemporium.com\/fr\/wp-json\/wp\/v2\/product_tag?post=55985"}],"curies":[{"name":"wp","href":"https:\/\/api.w.org\/{rel}","templated":true}]}}