{"id":56527,"date":"2024-03-26T09:01:35","date_gmt":"2024-03-26T09:01:35","guid":{"rendered":"https:\/\/chessgamesemporium.com\/?post_type=product&#038;p=56527"},"modified":"2026-03-06T13:06:30","modified_gmt":"2026-03-06T13:06:30","slug":"zbirka-knjig-mala-sahovska-biblioteka","status":"publish","type":"product","link":"https:\/\/chessgamesemporium.com\/fr\/shop\/livres-echecs\/strategie-et-tactique\/zbirka-knjig-mala-sahovska-biblioteka\/","title":{"rendered":"Zbirka knjig Mala \u0161ahovska biblioteka"},"content":{"rendered":"<p>V primeru nakupa celotne zbirke Mala \u0161ahovska biblioteka &#8211; 40 odli\u010dnih knji\u017eic \u0161e posebej ugodna cena!<\/p>\n<p>Knjige so prevodi ruskih klasik.<br \/>\nJezik: srbski<\/p>","protected":false},"excerpt":{"rendered":"<p>V primeru nakupa celotne zbirke Mala \u0161ahovska biblioteka &#8211; 40 odli\u010dnih knji\u017eic \u0161e posebej ugodna cena! Knjige so prevodi ruskih klasik. Jezik: srbski<\/p>","protected":false},"featured_media":56574,"comment_status":"open","ping_status":"closed","template":"","meta":{"_seopress_robots_primary_cat":"none","_seopress_titles_title":"","_seopress_titles_desc":"","_seopress_robots_index":""},"product_brand":[],"product_cat":[512,608,194],"product_tag":[],"class_list":{"0":"post-56527","1":"product","2":"type-product","3":"status-publish","4":"has-post-thumbnail","6":"product_cat-sahovske-knjige","7":"product_cat-strategija-in-taktika","8":"product_cat-vsi-izdelki","9":"pa_nivo-knjige-srednji","10":"pa_stran-oboje-nevtralno","11":"pa_tip-knjige-biografije-zgodovina","12":"pa_zalozba-sahohlacnik","14":"entry","15":"has-media","17":"first","18":"instock","19":"taxable","20":"shipping-taxable","21":"product-type-grouped","22":"has-product-nav","23":"col","24":"span_1_of_4","25":"owp-content-center","26":"item-entry","27":"owp-thumbs-layout-horizontal","28":"owp-btn-normal","29":"owp-tabs-layout-section","30":"has-no-thumbnails"},"wcpa_form_fields":null,"_links":{"self":[{"href":"https:\/\/chessgamesemporium.com\/fr\/wp-json\/wp\/v2\/product\/56527","targetHints":{"allow":["GET"]}}],"collection":[{"href":"https:\/\/chessgamesemporium.com\/fr\/wp-json\/wp\/v2\/product"}],"about":[{"href":"https:\/\/chessgamesemporium.com\/fr\/wp-json\/wp\/v2\/types\/product"}],"replies":[{"embeddable":true,"href":"https:\/\/chessgamesemporium.com\/fr\/wp-json\/wp\/v2\/comments?post=56527"}],"version-history":[{"count":0,"href":"https:\/\/chessgamesemporium.com\/fr\/wp-json\/wp\/v2\/product\/56527\/revisions"}],"wp:featuredmedia":[{"embeddable":true,"href":"https:\/\/chessgamesemporium.com\/fr\/wp-json\/wp\/v2\/media\/56574"}],"wp:attachment":[{"href":"https:\/\/chessgamesemporium.com\/fr\/wp-json\/wp\/v2\/media?parent=56527"}],"wp:term":[{"taxonomy":"product_brand","embeddable":true,"href":"https:\/\/chessgamesemporium.com\/fr\/wp-json\/wp\/v2\/product_brand?post=56527"},{"taxonomy":"product_cat","embeddable":true,"href":"https:\/\/chessgamesemporium.com\/fr\/wp-json\/wp\/v2\/product_cat?post=56527"},{"taxonomy":"product_tag","embeddable":true,"href":"https:\/\/chessgamesemporium.com\/fr\/wp-json\/wp\/v2\/product_tag?post=56527"}],"curies":[{"name":"wp","href":"https:\/\/api.w.org\/{rel}","templated":true}]}}