{"id":56772,"date":"2024-04-04T09:19:02","date_gmt":"2024-04-04T09:19:02","guid":{"rendered":"https:\/\/chessgamesemporium.com\/?post_type=product&#038;p=56772"},"modified":"2026-03-30T05:51:35","modified_gmt":"2026-03-30T05:51:35","slug":"preklopna-sahovska-garnitura-dubrovnik-burnt","status":"publish","type":"product","link":"https:\/\/chessgamesemporium.com\/fr\/shop\/sahovski-kompleti\/zlozljive-garniture\/preklopna-sahovska-garnitura-dubrovnik-burnt\/","title":{"rendered":"Jeu d'\u00e9checs pliant Dubrovnik Burnt"},"content":{"rendered":"<p>D\u00e9couvrez le jeu d'\u00e9checs pliant Dubrovnik Burnt, un \u00e9l\u00e9gant jeu fabriqu\u00e9 en bois d'acacia indien de haute qualit\u00e9. Ce jeu d'\u00e9checs portable est impr\u00e9gn\u00e9 de la riche histoire et des traditions \u00e9chiqu\u00e9ennes, et s'inspire des Olympiades d'\u00e9checs de Dubrovnik de 1950.<\/p>\n<p>Chaque pi\u00e8ce est fabriqu\u00e9e \u00e0 la main avec un souci du d\u00e9tail, garantissant une excellente qualit\u00e9 et un plaisir esth\u00e9tique optimal. L'\u00e9chiquier compl\u00e8te l'\u00e9l\u00e9gance du jeu et cr\u00e9e un magnifique contraste avec les pi\u00e8ces.<\/p>\n<p>Le jeu d'\u00e9checs pliant Dubrovnik Burnt est bien plus qu'un simple jeu ; c'est un symbole d'histoire et de passion pour les \u00e9checs. Laissez-vous envo\u00fbter par la magie du jeu et d\u00e9couvrez comment ce superbe jeu d'\u00e9checs peut enrichir votre exp\u00e9rience par sa beaut\u00e9 et son style.<\/p>\n<p>Pi\u00e8ces d'\u00e9checs<br \/>\nDimensions : (hauteur | largeur de la base)<br \/>\nRoi : 8,0 cm | 3,2 cm<br \/>\nReine : 7,8 cm | 3,2 cm<br \/>\nTour : 4,6 cm | 3,0 cm<br \/>\nFou : 6,4 cm | 3,0 cm<br \/>\nCavalier : 5,7 cm | 3,0 cm<br \/>\nPion : 4,1 cm | 2,5 cm<\/p>\n<p>\u00c9chiquier pliable - Cassette Tournoi n\u00b0 5<br \/>\nTaille des cases : 5,0 x 5,0 cm<br \/>\nDimensions du jeu (ferm\u00e9) : 48 x 24 x 5 cm<\/p>\n<p>Attention ! Ne convient pas aux enfants de moins de 3 ans en raison des petites pi\u00e8ces ! Risque d'\u00e9touffement.<\/p>\n<p>&nbsp;<\/p>","protected":false},"excerpt":{"rendered":"<p>Predstavljamo vam Preklopno \u0161ahovsko garnituro Dubrovnik Burnt &#8211; eleganten \u0161ahovski set, ki ga odlikuje izdelava iz kvalitetnega lesa indijske akacije. Ta prenosljiva garnitura izra\u017ea bogato zgodovino \u0161ahovske kulture in tradicijo ter je navdihnjena z zgodovino \u0161ahovske olimpijade leta 1950 v Dubrovniku. Vsaka figura v tej garnituri je ro\u010dno izdelana s posebno pozornostjo do detajlov, kar [&hellip;]<\/p>","protected":false},"featured_media":56775,"comment_status":"open","ping_status":"closed","template":"","meta":{"_seopress_robots_primary_cat":"none","_seopress_titles_title":"","_seopress_titles_desc":"","_seopress_robots_index":""},"product_brand":[],"product_cat":[510,518],"product_tag":[],"class_list":{"0":"post-56772","1":"product","2":"type-product","3":"status-publish","4":"has-post-thumbnail","6":"product_cat-sahovski-kompleti","7":"product_cat-zlozljive-garniture","8":"wcpa_has_options","10":"entry","11":"has-media","13":"first","14":"instock","15":"taxable","16":"shipping-taxable","17":"purchasable","18":"product-type-simple","19":"has-product-nav","20":"col","21":"span_1_of_4","22":"owp-content-center","23":"item-entry","24":"owp-thumbs-layout-horizontal","25":"owp-btn-normal","26":"owp-tabs-layout-section"},"wcpa_form_fields":{"rules":{"pric_overide_base_price":false,"pric_overide_base_price_if_gt_zero":false,"pric_overide_base_price_fully":false,"pric_cal_option_once":false,"pric_use_as_fee":false,"bind_quantity":false,"quantity_bind_formula":false},"fields":[{"type":"text","elementId":"wcpa-text-1666713333654","label":"Gravura ( opcijsko )","description":"Vpi\u0161ite \u017eeljeni tekst za graviranje (npr. Vse najbolj\u0161e, IME, datum ipd.)","desc_type":true,"enablePrice":true,"pricingType":"fixed","price":"7","name":"text-1666713333654","fee_label":"Za naro\u010dnike izven eu, bo davek od\u0161tet na blagajni.","subtype":"text","maxlength":"16","cl_rule":"show","col":6,"relations":false,"form_id":46231,"form_rules":{"pric_cal_option_once":false,"exclude_from_discount":false,"pric_use_as_fee":false,"fee_label":"Fee","render_after_acb":false,"disp_hide_options_price":false}}]},"_links":{"self":[{"href":"https:\/\/chessgamesemporium.com\/fr\/wp-json\/wp\/v2\/product\/56772","targetHints":{"allow":["GET"]}}],"collection":[{"href":"https:\/\/chessgamesemporium.com\/fr\/wp-json\/wp\/v2\/product"}],"about":[{"href":"https:\/\/chessgamesemporium.com\/fr\/wp-json\/wp\/v2\/types\/product"}],"replies":[{"embeddable":true,"href":"https:\/\/chessgamesemporium.com\/fr\/wp-json\/wp\/v2\/comments?post=56772"}],"version-history":[{"count":0,"href":"https:\/\/chessgamesemporium.com\/fr\/wp-json\/wp\/v2\/product\/56772\/revisions"}],"wp:featuredmedia":[{"embeddable":true,"href":"https:\/\/chessgamesemporium.com\/fr\/wp-json\/wp\/v2\/media\/56775"}],"wp:attachment":[{"href":"https:\/\/chessgamesemporium.com\/fr\/wp-json\/wp\/v2\/media?parent=56772"}],"wp:term":[{"taxonomy":"product_brand","embeddable":true,"href":"https:\/\/chessgamesemporium.com\/fr\/wp-json\/wp\/v2\/product_brand?post=56772"},{"taxonomy":"product_cat","embeddable":true,"href":"https:\/\/chessgamesemporium.com\/fr\/wp-json\/wp\/v2\/product_cat?post=56772"},{"taxonomy":"product_tag","embeddable":true,"href":"https:\/\/chessgamesemporium.com\/fr\/wp-json\/wp\/v2\/product_tag?post=56772"}],"curies":[{"name":"wp","href":"https:\/\/api.w.org\/{rel}","templated":true}]}}