{"id":56853,"date":"2024-04-15T10:19:20","date_gmt":"2024-04-15T10:19:20","guid":{"rendered":"https:\/\/chessgamesemporium.com\/?post_type=product&#038;p=56853"},"modified":"2026-05-03T08:31:37","modified_gmt":"2026-05-03T08:31:37","slug":"plasticne-sahovske-figure-staunton-obtezene","status":"publish","type":"product","link":"https:\/\/chessgamesemporium.com\/fr\/shop\/sahovske-figure\/plasticne-figure\/plasticne-sahovske-figure-staunton-obtezene\/","title":{"rendered":"PI\u00c8CES D'\u00c9CHECS STAUNTON LEST\u00c9ES EN PLASTIQUE"},"content":{"rendered":"<div class=\"cge-desc-tabs\" data-cge-tabs=\"\">\n<div class=\"cge-desc-tab-buttons\">\n<button class=\"active\" type=\"button\" data-tab=\"opis\">Description<\/button><br \/>\n<button type=\"button\" data-tab=\"specifikacije\">Sp\u00e9cifications<\/button><br \/>\n<button type=\"button\" data-tab=\"primernost\">Convient pour<\/button>\n<\/div>\n<p><!-- OPIS --><\/p>\n<div class=\"cge-desc-tab-panel active\" data-panel=\"opis\">\n<p>Les pi\u00e8ces d'\u00e9checs STAUNTON, lest\u00e9es (triple poids), offrent une stabilit\u00e9 extr\u00eame et une sensation de jeu plus professionnelle. Le poids suppl\u00e9mentaire am\u00e9liore l'\u00e9quilibre, un atout appr\u00e9ci\u00e9 des joueurs de tous niveaux.<\/p>\n<p>Les socles feutr\u00e9s permettent des mouvements fluides et silencieux, tout en prot\u00e9geant l'\u00e9chiquier des rayures. Ce jeu offre un excellent rapport qualit\u00e9-prix, ce qui en fait un choix id\u00e9al pour les \u00e9coles, les clubs et les particuliers recherchant du mat\u00e9riel s\u00e9rieux et abordable.<\/p>\n<p class=\"cge-seo\">Les pi\u00e8ces d\u2019\u00e9checs Staunton en plastique comptent parmi les choix les plus populaires pour l\u2019entra\u00eenement, les clubs d\u2019\u00e9checs et l\u2019usage \u00e0 domicile, car elles combinent durabilit\u00e9, stabilit\u00e9 et prix abordable en un seul ensemble.<\/p>\n<p class=\"cge-warning\">Attention ! Ne convient pas aux enfants de moins de 3 ans en raison des petites pi\u00e8ces ! Risque d'\u00e9touffement.<\/p>\n<\/div>\n<p><!-- SPECIFIKACIJE --><\/p>\n<div class=\"cge-desc-tab-panel\" data-panel=\"specifikacije\">\n<div class=\"cge-spec-list\">\n<div><b>Base :<\/b> feutr\u00e9e<\/div>\n<div><b>Lest\u00e9es<\/b> Triplement lest\u00e9es<\/div>\n<div><b>Mat\u00e9riau :<\/b> Plastique<\/div>\n<div><b>Couleur :<\/b> Blanc et noir<\/div>\n<div><b>Adapt\u00e9 pour \u00e9chiquier :<\/b> Taille des cases 50 mm \u00e0 58 mm<\/div>\n<\/div>\n<p class=\"cge-spec-heading\">Dimensions : (hauteur | largeur de la base)<\/p>\n<div class=\"cge-dimensions\">\n<div><b>Roi :<\/b> 9,5 cm (3.75 in) | 3,7 cm (1.45 in)<\/div>\n<div><b>Reine :<\/b> 7,5 cm (2.95 in) | 3,6 cm (1.40 in)<\/div>\n<div><b>Tour :<\/b> 4,6 cm (1.80 in) | 3,2 cm (1.25 in)<\/div>\n<div><b>Fou :<\/b> 6,5 cm (2.55 in) | 3,1 cm (1.20 in)<\/div>\n<div><b>Cavalier :<\/b> 5,8 cm (2.30 in) | 3,2 cm (1.25 in)<\/div>\n<div><b>Pion :<\/b> 4,5 cm (1.75 in) | 2,7 cm (1.05 in)<\/div>\n<\/div>\n<\/div>\n<p><!-- PRIMERNOST --><\/p>\n<div class=\"cge-desc-tab-panel\" data-panel=\"primernost\">\n<div class=\"cge-check-list\">\n<div>\u2713 \u00c9coles et clubs d\u2019\u00e9checs<\/div>\n<div>\u2713 Clubs et tournois d\u2019\u00e9checs<\/div>\n<div>\u2713 usage \u00e0 domicile<\/div>\n<div>\u2713 Joueurs recherchant des pi\u00e8ces plus lourdes et plus stables<\/div>\n<\/div>\n<\/div>\n<\/div>","protected":false},"excerpt":{"rendered":"<p>Opis Specifikacije Primernost Trojno obte\u017eene \u0161ahovske figure STAUNTON nudijo izjemno stabilnost in profesionalnej\u0161i ob\u010dutek pri igri. Dodatna masa v notranjosti figur pripomore k bolj\u0161i uravnote\u017eenosti, kar cenijo tako izku\u0161eni igralci kot tudi za\u010detniki. Filc pod figurami omogo\u010da tiho in gladko premikanje, obenem pa \u0161\u010diti \u0161ahovnico pred praskami. Gre za cenovno ugoden komplet s presenetljivo dobrim [&hellip;]<\/p>","protected":false},"featured_media":56871,"comment_status":"open","ping_status":"closed","template":"","meta":{"_seopress_robots_primary_cat":"none","_seopress_titles_title":"\u0160ahovske figure Staunton \u2013 plasti\u010dne, obte\u017eene | \u0160ahovska trgovina Muba","_seopress_titles_desc":"Obte\u017eene in podlo\u017eene \u0161ahovske figure Staunton za stabilno in tiho igro. Mo\u017een dokup dodatnih kraljic za promocije. Klasi\u010den dizajn za natan\u010dno igranje.","_seopress_robots_index":""},"product_brand":[],"product_cat":[511,521],"product_tag":[595],"class_list":{"0":"post-56853","1":"product","2":"type-product","3":"status-publish","4":"has-post-thumbnail","6":"product_cat-sahovske-figure","7":"product_cat-plasticne-figure","8":"product_tag-95mm","9":"wcpa_has_options","11":"entry","12":"has-media","14":"first","15":"instock","16":"taxable","17":"shipping-taxable","18":"purchasable","19":"product-type-simple","20":"has-product-nav","21":"col","22":"span_1_of_4","23":"owp-content-center","24":"item-entry","25":"owp-thumbs-layout-horizontal","26":"owp-btn-normal","27":"owp-tabs-layout-section"},"wcpa_form_fields":{"rules":{"pric_overide_base_price":false,"pric_overide_base_price_if_gt_zero":false,"pric_overide_base_price_fully":false,"pric_cal_option_once":false,"pric_use_as_fee":false,"bind_quantity":false,"quantity_bind_formula":false},"fields":[{"type":"checkbox-group","elementId":"wcpa-checkbox-group-1707738535577","label":"Dodatek","enablePrice":true,"priceOptions":"fixed_for_all","pricingType":"fixed","price":"5","name":"checkbox-group-1707738535577","other_text":"Other","cl_rule":"show","col":6,"values":[{"label":"Dodatni kraljici (bela in \u010drna)","value":"5.00 Eur","price":"","pimage":"","pimage_id":"","pthumb":""}],"relations":false,"form_id":55845,"form_rules":{"pric_cal_option_once":false,"exclude_from_discount":false,"pric_use_as_fee":false,"fee_label":"Fee","render_after_acb":false,"disp_hide_options_price":false}}]},"_links":{"self":[{"href":"https:\/\/chessgamesemporium.com\/fr\/wp-json\/wp\/v2\/product\/56853","targetHints":{"allow":["GET"]}}],"collection":[{"href":"https:\/\/chessgamesemporium.com\/fr\/wp-json\/wp\/v2\/product"}],"about":[{"href":"https:\/\/chessgamesemporium.com\/fr\/wp-json\/wp\/v2\/types\/product"}],"replies":[{"embeddable":true,"href":"https:\/\/chessgamesemporium.com\/fr\/wp-json\/wp\/v2\/comments?post=56853"}],"version-history":[{"count":3,"href":"https:\/\/chessgamesemporium.com\/fr\/wp-json\/wp\/v2\/product\/56853\/revisions"}],"predecessor-version":[{"id":64409,"href":"https:\/\/chessgamesemporium.com\/fr\/wp-json\/wp\/v2\/product\/56853\/revisions\/64409"}],"wp:featuredmedia":[{"embeddable":true,"href":"https:\/\/chessgamesemporium.com\/fr\/wp-json\/wp\/v2\/media\/56871"}],"wp:attachment":[{"href":"https:\/\/chessgamesemporium.com\/fr\/wp-json\/wp\/v2\/media?parent=56853"}],"wp:term":[{"taxonomy":"product_brand","embeddable":true,"href":"https:\/\/chessgamesemporium.com\/fr\/wp-json\/wp\/v2\/product_brand?post=56853"},{"taxonomy":"product_cat","embeddable":true,"href":"https:\/\/chessgamesemporium.com\/fr\/wp-json\/wp\/v2\/product_cat?post=56853"},{"taxonomy":"product_tag","embeddable":true,"href":"https:\/\/chessgamesemporium.com\/fr\/wp-json\/wp\/v2\/product_tag?post=56853"}],"curies":[{"name":"wp","href":"https:\/\/api.w.org\/{rel}","templated":true}]}}