{"id":56860,"date":"2024-04-15T10:20:57","date_gmt":"2024-04-15T10:20:57","guid":{"rendered":"https:\/\/chessgamesemporium.com\/?post_type=product&#038;p=56860"},"modified":"2026-04-18T04:08:55","modified_gmt":"2026-04-18T04:08:55","slug":"plasticne-sahovske-figure-staunton-neobtezene","status":"publish","type":"product","link":"https:\/\/chessgamesemporium.com\/fr\/shop\/sahovske-figure\/plasticne-figure\/plasticne-sahovske-figure-staunton-neobtezene\/","title":{"rendered":"Pi\u00e8ces d'\u00e9checs en plastique STAUNTON NON LEST\u00c9ES"},"content":{"rendered":"<p>Socle : Feutr\u00e9<br \/>\nMat\u00e9riau : Plastique<br \/>\nCouleur : noir et blanc<\/p>\n<p>Pi\u00e8ces d'\u00e9checs color\u00e9es en plastique, motif Staunton, feutr\u00e9es.<\/p>\n<p>Dimensions : (hauteur | largeur de la base)<br \/>\nRoi : 9,5 cm | 3,7 cm<br \/>\nReine : 7,5 cm | 3,6 cm<br \/>\nTour : 4,6 cm | 3,2 cm<br \/>\nFou : 6,5 cm | 3,1 cm<br \/>\nCavalier: 5,8 cm | 3,2 cm<br \/>\nPion : 4,5 cm | 2,7 cm<\/p>\n<p>Le jeu de pi\u00e8ces d'\u00e9checs en plastique STAUNTON NON LEST\u00c9ES est un choix fiable et abordable pour les clubs d'\u00e9checs, les \u00e9tablissements scolaires et les d\u00e9butants. Bien que non lest\u00e9, ce jeu convient aussi bien \u00e0 une utilisation quotidienne qu'en tournoi.<\/p>\n<p>La taille standard du roi (9,5 cm) offre une prise en main famili\u00e8re, tandis que le socle feutr\u00e9 assure des mouvements silencieux et stables. Gr\u00e2ce \u00e0 son prix abordable, ce jeu est id\u00e9al pour les achats group\u00e9s de clubs d'\u00e9checs scolaires, les organisateurs de tournois ou pour d\u00e9buter. Si l'int\u00e9r\u00eat pour les \u00e9checs diminue, le risque financier reste minime.<\/p>\n<p>Ce jeu convient aux :<\/p>\n<p>clubs et associations d'\u00e9checs,<\/p>\n<p>clubs scolaires et classes,<\/p>\n<p>d\u00e9butants et enfants.<\/p>\n<p>Attention ! Ne convient pas aux enfants de moins de 3 ans en raison des petites pi\u00e8ces ! Risque d'\u00e9touffement.<\/p>","protected":false},"excerpt":{"rendered":"<p>Podlaga: Podlo\u017eene s filcem Material: Plastika Barva: Bela in \u010drna Plasti\u010dne figure tipa Staunton, standardne vi\u0161ine, podlo\u017eene s filcem. Dimenzije: (vi\u0161ina figure | premer podlage) Kralj: 9,5 cm | 3,7 cm Dama: 7,5 cm | 3,6 cm Top: 4,6 cm | 3,2 cm Lovec: 6,5 cm | 3,1 cm Skaka\u010d: 5,8 cm | 3,2 cm [&hellip;]<\/p>","protected":false},"featured_media":56871,"comment_status":"open","ping_status":"closed","template":"","meta":{"_seopress_robots_primary_cat":"none","_seopress_titles_title":"","_seopress_titles_desc":"Lahke neobte\u017eene \u0161ahovske figure standardne velikosti za hitro postavitev in enostavno uporabo. Klasi\u010den Staunton slog je idealen za u\u010denje, analizo in vsakodnevno igro.","_seopress_robots_index":""},"product_brand":[],"product_cat":[511,521],"product_tag":[595],"class_list":{"0":"post-56860","1":"product","2":"type-product","3":"status-publish","4":"has-post-thumbnail","6":"product_cat-sahovske-figure","7":"product_cat-plasticne-figure","8":"product_tag-95mm","9":"wcpa_has_options","11":"entry","12":"has-media","14":"first","15":"instock","16":"taxable","17":"shipping-taxable","18":"purchasable","19":"product-type-simple","20":"has-product-nav","21":"col","22":"span_1_of_4","23":"owp-content-center","24":"item-entry","25":"owp-thumbs-layout-horizontal","26":"owp-btn-normal","27":"owp-tabs-layout-section"},"wcpa_form_fields":{"rules":{"pric_overide_base_price":false,"pric_overide_base_price_if_gt_zero":false,"pric_overide_base_price_fully":false,"pric_cal_option_once":false,"pric_use_as_fee":false,"bind_quantity":false,"quantity_bind_formula":false},"fields":[{"type":"checkbox-group","elementId":"wcpa-checkbox-group-1707738535577","label":"Dodatek","enablePrice":true,"priceOptions":"fixed_for_all","pricingType":"fixed","price":"5","name":"checkbox-group-1707738535577","other_text":"Other","cl_rule":"show","col":6,"values":[{"label":"Dodatni kraljici (bela in \u010drna)","value":"5.00 Eur","price":"","pimage":"","pimage_id":"","pthumb":""}],"relations":false,"form_id":55845,"form_rules":{"pric_cal_option_once":false,"exclude_from_discount":false,"pric_use_as_fee":false,"fee_label":"Fee","render_after_acb":false,"disp_hide_options_price":false}}]},"_links":{"self":[{"href":"https:\/\/chessgamesemporium.com\/fr\/wp-json\/wp\/v2\/product\/56860","targetHints":{"allow":["GET"]}}],"collection":[{"href":"https:\/\/chessgamesemporium.com\/fr\/wp-json\/wp\/v2\/product"}],"about":[{"href":"https:\/\/chessgamesemporium.com\/fr\/wp-json\/wp\/v2\/types\/product"}],"replies":[{"embeddable":true,"href":"https:\/\/chessgamesemporium.com\/fr\/wp-json\/wp\/v2\/comments?post=56860"}],"version-history":[{"count":0,"href":"https:\/\/chessgamesemporium.com\/fr\/wp-json\/wp\/v2\/product\/56860\/revisions"}],"wp:featuredmedia":[{"embeddable":true,"href":"https:\/\/chessgamesemporium.com\/fr\/wp-json\/wp\/v2\/media\/56871"}],"wp:attachment":[{"href":"https:\/\/chessgamesemporium.com\/fr\/wp-json\/wp\/v2\/media?parent=56860"}],"wp:term":[{"taxonomy":"product_brand","embeddable":true,"href":"https:\/\/chessgamesemporium.com\/fr\/wp-json\/wp\/v2\/product_brand?post=56860"},{"taxonomy":"product_cat","embeddable":true,"href":"https:\/\/chessgamesemporium.com\/fr\/wp-json\/wp\/v2\/product_cat?post=56860"},{"taxonomy":"product_tag","embeddable":true,"href":"https:\/\/chessgamesemporium.com\/fr\/wp-json\/wp\/v2\/product_tag?post=56860"}],"curies":[{"name":"wp","href":"https:\/\/api.w.org\/{rel}","templated":true}]}}