{"id":57109,"date":"2024-05-28T09:10:06","date_gmt":"2024-05-28T09:10:06","guid":{"rendered":"https:\/\/chessgamesemporium.com\/?post_type=product&#038;p=57109"},"modified":"2026-03-12T07:32:59","modified_gmt":"2026-03-12T07:32:59","slug":"mastering-chess-endgame-calculation-1","status":"publish","type":"product","link":"https:\/\/chessgamesemporium.com\/fr\/shop\/livres-echecs\/fins-de-partie\/mastering-chess-endgame-calculation-1\/","title":{"rendered":"MASTERING CHESS ENDGAME CALCULATION &#8211; 1"},"content":{"rendered":"<p>Avtor: Tadej Sakel\u0161ek, Adrian Mikhalchishin<br \/>\nLeto izdaje: 2023<br \/>\nLangue : Anglais<br \/>\n\u0160t. strani: 274<br \/>\nDimensiones: 24 x 17 cm<br \/>\nCouverture : souple<\/p>\n<p>Ta knjiga je prvi del trilogije in je zasnovan tako, da pomaga \u0161ahistom do ratinga 1700, da izbolj\u0161ajo svoje ve\u0161\u010dine ra\u010dunanja kon\u010dnic. Knjiga zajema vse pomembne teoreti\u010dne polo\u017eaje in tehnike, ki so potrebni za uspe\u0161no igro v kon\u010dnicah in vklju\u010duje 400 skrbno izbranih vaj, ki bralcem pomagajo pri vadbi in krepitvi njihovega znanja. Razumevanje teh konceptov je urejeno na progresiven na\u010din. Kar lo\u010duje to knjigo o kon\u010dnicah, so jasne in jedrnate razlage klju\u010dnih konceptov in idej v kombinaciji s prakti\u010dnimi vajami.<\/p>\n<p>Na splo\u0161no je prva knjiga trilogije odli\u010den vir za vsakega \u0161ahista, ki \u017eeli izbolj\u0161ati svoje sposobnosti kon\u010dnic. Zaradi Mihal\u010di\u0161inove in Sakel\u0161kove temeljite obravnave pomembnih teoreti\u010dnih stali\u0161\u010d in tehnik v kombinaciji z njunimi jasnimi razlagami in \u0161tevilnimi vajami je ta knjiga idealna izbira za igralce do ratinga 1700.&#8221;<\/p>","protected":false},"excerpt":{"rendered":"<p>Avtor: Tadej Sakel\u0161ek, Adrian Mikhalchishin Leto izdaje: 2023 Jezik: Angle\u0161ki \u0160t. strani: 274 Format: 24 x 17 cm Platnice: mehke Ta knjiga je prvi del trilogije in je zasnovan tako, da pomaga \u0161ahistom do ratinga 1700, da izbolj\u0161ajo svoje ve\u0161\u010dine ra\u010dunanja kon\u010dnic. Knjiga zajema vse pomembne teoreti\u010dne polo\u017eaje in tehnike, ki so potrebni za uspe\u0161no [&hellip;]<\/p>","protected":false},"featured_media":57112,"comment_status":"open","ping_status":"closed","template":"","meta":{"_seopress_robots_primary_cat":"none","_seopress_titles_title":"","_seopress_titles_desc":"","_seopress_robots_index":""},"product_brand":[],"product_cat":[609,512],"product_tag":[],"class_list":{"0":"post-57109","1":"product","2":"type-product","3":"status-publish","4":"has-post-thumbnail","6":"product_cat-koncnice","7":"product_cat-sahovske-knjige","8":"pa_nivo-knjige-zacetni","9":"pa_stran-oboje-nevtralno","10":"pa_tip-knjige-koncnice","12":"entry","13":"has-media","15":"first","16":"instock","17":"taxable","18":"shipping-taxable","19":"purchasable","20":"product-type-simple","21":"has-product-nav","22":"col","23":"span_1_of_4","24":"owp-content-center","25":"item-entry","26":"owp-thumbs-layout-horizontal","27":"owp-btn-normal","28":"owp-tabs-layout-section","29":"has-no-thumbnails"},"wcpa_form_fields":null,"_links":{"self":[{"href":"https:\/\/chessgamesemporium.com\/fr\/wp-json\/wp\/v2\/product\/57109","targetHints":{"allow":["GET"]}}],"collection":[{"href":"https:\/\/chessgamesemporium.com\/fr\/wp-json\/wp\/v2\/product"}],"about":[{"href":"https:\/\/chessgamesemporium.com\/fr\/wp-json\/wp\/v2\/types\/product"}],"replies":[{"embeddable":true,"href":"https:\/\/chessgamesemporium.com\/fr\/wp-json\/wp\/v2\/comments?post=57109"}],"version-history":[{"count":0,"href":"https:\/\/chessgamesemporium.com\/fr\/wp-json\/wp\/v2\/product\/57109\/revisions"}],"wp:featuredmedia":[{"embeddable":true,"href":"https:\/\/chessgamesemporium.com\/fr\/wp-json\/wp\/v2\/media\/57112"}],"wp:attachment":[{"href":"https:\/\/chessgamesemporium.com\/fr\/wp-json\/wp\/v2\/media?parent=57109"}],"wp:term":[{"taxonomy":"product_brand","embeddable":true,"href":"https:\/\/chessgamesemporium.com\/fr\/wp-json\/wp\/v2\/product_brand?post=57109"},{"taxonomy":"product_cat","embeddable":true,"href":"https:\/\/chessgamesemporium.com\/fr\/wp-json\/wp\/v2\/product_cat?post=57109"},{"taxonomy":"product_tag","embeddable":true,"href":"https:\/\/chessgamesemporium.com\/fr\/wp-json\/wp\/v2\/product_tag?post=57109"}],"curies":[{"name":"wp","href":"https:\/\/api.w.org\/{rel}","templated":true}]}}