{"id":57129,"date":"2024-05-28T10:37:07","date_gmt":"2024-05-28T10:37:07","guid":{"rendered":"https:\/\/chessgamesemporium.com\/?post_type=product&#038;p=57129"},"modified":"2026-03-12T08:10:16","modified_gmt":"2026-03-12T08:10:16","slug":"master-your-chess-with-judit-polgar","status":"publish","type":"product","link":"https:\/\/chessgamesemporium.com\/fr\/shop\/livres-echecs\/strategie-et-tactique\/master-your-chess-with-judit-polgar\/","title":{"rendered":"MASTER YOUR CHESS WITH JUDIT POLGAR"},"content":{"rendered":"<p>Avtor: Judit Polg\u00e1r, Andras Toth<br \/>\nLeto izdaje: 2022<br \/>\nLangue : Anglais<br \/>\n\u0160t. strani: 508<br \/>\nFormat: 24,2 x 18 cm<br \/>\nPlatnice: trde<\/p>\n<p>Zgodba sester Polgar je izjemna. Zamisel, da bi se lahko Laszlo Polgar, povpre\u010den \u0161ahist, odlo\u010dil, da bo svoje otroke spremenil v \u0161ahovske genije, in nato uspel nad njegovimi najbolj norimi sanjami, je neverjetna.<\/p>\n<p>Nakazuje, da je s pravim treningom vse mogo\u010de.<\/p>\n<p>V tej knjigi Judit Polgar, najmo\u010dnej\u0161a od treh sester in nekdanja igralka med najbolj\u0161ih 10 na svetu, razkrije nekaj skrivnosti svojega uspeha. Skupaj z nagrajenim trenerjem, mednarodnim mojstrom Andrasom Tothom, je ustvarila te\u010daj, ki temelji na usposabljanju, ki ga je prejela kot mlada igralka. Kot bi imeli zasebno lekcijo enega najbolj\u0161ih igralcev na svetu.<\/p>\n<p>Nau\u010dili se boste, kako kaznovati tri najpogostej\u0161e otvoritvene napake in kako opaziti skrite takti\u010dne prilo\u017enosti in kako prisiliti nasprotnika, da oslabi svojo pozicijo. Razumeli boste, kako obvladati eno najte\u017ejih ve\u0161\u010din v \u0161ahu: prevzeti pobudo. In na\u0161li boste orodja, s katerimi se boste spremenili v dobro podmazan, zloben, napadalni stroj.<\/p>\n<p>Master Your Chess z Judit Polgar pokriva vse vidike igre: od otvoritve do kon\u010dnic. Priro\u010dnik je na voljo tako ambicioznim za\u010detnikom, ki \u017eelijo svoj \u0161ahovski razvoj zgraditi na mo\u010dnih temeljih, kot igralcem z \u017ee nekaj predznanja, kateri bi radi napredovali.<\/p>\n<p>&nbsp;<\/p>\n<p>Nih\u010de ni rekel, da je obvladovanje \u0161aha enostavno! Toda s podporo velemojstrice Judit Polgar in mednarodnega mojstra Totha se boste nau\u010dili obvladati svoj \u0161ah in napadati kot sama \u0161ahovska legenda.<\/p>","protected":false},"excerpt":{"rendered":"<p>Avtor: Judit Polg\u00e1r, Andras Toth Leto izdaje: 2022 Jezik: Angle\u0161ki \u0160t. strani: 508 Format: 24,2 x 18 cm Platnice: trde Zgodba sester Polgar je izjemna. Zamisel, da bi se lahko Laszlo Polgar, povpre\u010den \u0161ahist, odlo\u010dil, da bo svoje otroke spremenil v \u0161ahovske genije, in nato uspel nad njegovimi najbolj norimi sanjami, je neverjetna. Nakazuje, da [&hellip;]<\/p>","protected":false},"featured_media":57134,"comment_status":"open","ping_status":"closed","template":"","meta":{"_seopress_robots_primary_cat":"none","_seopress_titles_title":"","_seopress_titles_desc":"","_seopress_robots_index":""},"product_brand":[],"product_cat":[608,512],"product_tag":[],"class_list":{"0":"post-57129","1":"product","2":"type-product","3":"status-publish","4":"has-post-thumbnail","6":"product_cat-strategija-in-taktika","7":"product_cat-sahovske-knjige","8":"pa_avtor-andras-toth","9":"pa_avtor-judit-polgar","10":"pa_leto-izdaje-747","11":"pa_nivo-knjige-srednji","12":"pa_stran-oboje-nevtralno","13":"pa_tip-knjige-trening-vaje","14":"pa_zalozba-new-in-chess","16":"entry","17":"has-media","19":"first","20":"instock","21":"taxable","22":"shipping-taxable","23":"purchasable","24":"product-type-simple","25":"has-product-nav","26":"col","27":"span_1_of_4","28":"owp-content-center","29":"item-entry","30":"owp-thumbs-layout-horizontal","31":"owp-btn-normal","32":"owp-tabs-layout-section","33":"has-no-thumbnails"},"wcpa_form_fields":null,"_links":{"self":[{"href":"https:\/\/chessgamesemporium.com\/fr\/wp-json\/wp\/v2\/product\/57129","targetHints":{"allow":["GET"]}}],"collection":[{"href":"https:\/\/chessgamesemporium.com\/fr\/wp-json\/wp\/v2\/product"}],"about":[{"href":"https:\/\/chessgamesemporium.com\/fr\/wp-json\/wp\/v2\/types\/product"}],"replies":[{"embeddable":true,"href":"https:\/\/chessgamesemporium.com\/fr\/wp-json\/wp\/v2\/comments?post=57129"}],"version-history":[{"count":0,"href":"https:\/\/chessgamesemporium.com\/fr\/wp-json\/wp\/v2\/product\/57129\/revisions"}],"wp:featuredmedia":[{"embeddable":true,"href":"https:\/\/chessgamesemporium.com\/fr\/wp-json\/wp\/v2\/media\/57134"}],"wp:attachment":[{"href":"https:\/\/chessgamesemporium.com\/fr\/wp-json\/wp\/v2\/media?parent=57129"}],"wp:term":[{"taxonomy":"product_brand","embeddable":true,"href":"https:\/\/chessgamesemporium.com\/fr\/wp-json\/wp\/v2\/product_brand?post=57129"},{"taxonomy":"product_cat","embeddable":true,"href":"https:\/\/chessgamesemporium.com\/fr\/wp-json\/wp\/v2\/product_cat?post=57129"},{"taxonomy":"product_tag","embeddable":true,"href":"https:\/\/chessgamesemporium.com\/fr\/wp-json\/wp\/v2\/product_tag?post=57129"}],"curies":[{"name":"wp","href":"https:\/\/api.w.org\/{rel}","templated":true}]}}