{"id":57520,"date":"2024-06-12T11:12:06","date_gmt":"2024-06-12T11:12:06","guid":{"rendered":"https:\/\/chessgamesemporium.com\/?post_type=product&#038;p=57520"},"modified":"2025-08-29T09:11:50","modified_gmt":"2025-08-29T09:11:50","slug":"plasticne-sahovske-figure-zagreb-royal","status":"publish","type":"product","link":"https:\/\/chessgamesemporium.com\/fr\/shop\/sahovske-figure\/plasticne-figure\/plasticne-sahovske-figure-zagreb-royal\/","title":{"rendered":"Pi\u00e8ces d'\u00e9checs en plastique Zagreb Royal"},"content":{"rendered":"<p>Socle : Feutr\u00e9<br \/>\nMat\u00e9riau : Plastique<br \/>\nCouleur : Beige et noir<\/p>\n<p>Pi\u00e8ces d'\u00e9checs \u00e9l\u00e9gantes et robustes, inspir\u00e9es des pi\u00e8ces en bois Dubrovnik Royal.<br \/>\nGr\u00e2ce \u00e0 leur poids et \u00e0 leur socle lisse, ces pi\u00e8ces offrent un jeu silencieux et stable, id\u00e9al pour les \u00e9coles, les clubs et les particuliers.<\/p>\n<p><b>Dimensions : (hauteur | largeur de la base)<\/b><br \/>\nRoi : 9,7 cm | 4,2 cm<br \/>\nReine : 8,0 cm | 4,2 cm<br \/>\nTour : 5,5 cm | 3,3 cm<br \/>\nFou : 7,5 cm | 3,5 cm<br \/>\nCavalier : 6,8 cm | 3,5 cm<br \/>\nPion : 5,0 cm | 3,0 cm<\/p>\n<p>Attention ! Ne convient pas aux enfants de moins de 3 ans en raison des petites pi\u00e8ces ! Risque d'\u00e9touffement.<\/p>","protected":false},"excerpt":{"rendered":"<p>Podlaga: Podlo\u017eene s filcem Material: Plastika Barva: Be\u017e in \u010drna Elegantne, robustne figure narejene po zgledu lesenih \u0161ahovskih figur Dubrovnik Royal. Zaradi obte\u017eitve in dobre podlage omogo\u010dajo tiho in stabilno igranje, kar jih naredi idealne za \u0161ole, klube in doma\u010do uporabo. Dimenzije: (vi\u0161ina figure | premer podlage) Kralj: 9,7 cm | 4,2 cm Dama: 8,0 [&hellip;]<\/p>","protected":false},"featured_media":57523,"comment_status":"open","ping_status":"closed","template":"","meta":{"_seopress_robots_primary_cat":"none","_seopress_titles_title":"","_seopress_titles_desc":"","_seopress_robots_index":""},"product_brand":[],"product_cat":[511,521],"product_tag":[],"class_list":{"0":"post-57520","1":"product","2":"type-product","3":"status-publish","4":"has-post-thumbnail","6":"product_cat-sahovske-figure","7":"product_cat-plasticne-figure","8":"wcpa_has_options","10":"entry","11":"has-media","13":"first","14":"instock","15":"taxable","16":"shipping-taxable","17":"purchasable","18":"product-type-simple","19":"has-product-nav","20":"col","21":"span_1_of_4","22":"owp-content-center","23":"item-entry","24":"owp-thumbs-layout-horizontal","25":"owp-btn-normal","26":"owp-tabs-layout-section"},"wcpa_form_fields":{"rules":{"pric_overide_base_price":false,"pric_overide_base_price_if_gt_zero":false,"pric_overide_base_price_fully":false,"pric_cal_option_once":false,"pric_use_as_fee":false,"bind_quantity":false,"quantity_bind_formula":false},"fields":[{"type":"checkbox-group","elementId":"wcpa-checkbox-group-1707738535577","label":"Dodatek","enablePrice":true,"priceOptions":"fixed_for_all","pricingType":"fixed","price":"5","name":"checkbox-group-1707738535577","other_text":"Other","cl_rule":"show","col":6,"values":[{"label":"Dodatni kraljici (bela in \u010drna)","value":"5.00 Eur","price":"","pimage":"","pimage_id":"","pthumb":""}],"relations":false,"form_id":55845,"form_rules":{"pric_cal_option_once":false,"exclude_from_discount":false,"pric_use_as_fee":false,"fee_label":"Fee","render_after_acb":false,"disp_hide_options_price":false}}]},"_links":{"self":[{"href":"https:\/\/chessgamesemporium.com\/fr\/wp-json\/wp\/v2\/product\/57520","targetHints":{"allow":["GET"]}}],"collection":[{"href":"https:\/\/chessgamesemporium.com\/fr\/wp-json\/wp\/v2\/product"}],"about":[{"href":"https:\/\/chessgamesemporium.com\/fr\/wp-json\/wp\/v2\/types\/product"}],"replies":[{"embeddable":true,"href":"https:\/\/chessgamesemporium.com\/fr\/wp-json\/wp\/v2\/comments?post=57520"}],"version-history":[{"count":0,"href":"https:\/\/chessgamesemporium.com\/fr\/wp-json\/wp\/v2\/product\/57520\/revisions"}],"wp:featuredmedia":[{"embeddable":true,"href":"https:\/\/chessgamesemporium.com\/fr\/wp-json\/wp\/v2\/media\/57523"}],"wp:attachment":[{"href":"https:\/\/chessgamesemporium.com\/fr\/wp-json\/wp\/v2\/media?parent=57520"}],"wp:term":[{"taxonomy":"product_brand","embeddable":true,"href":"https:\/\/chessgamesemporium.com\/fr\/wp-json\/wp\/v2\/product_brand?post=57520"},{"taxonomy":"product_cat","embeddable":true,"href":"https:\/\/chessgamesemporium.com\/fr\/wp-json\/wp\/v2\/product_cat?post=57520"},{"taxonomy":"product_tag","embeddable":true,"href":"https:\/\/chessgamesemporium.com\/fr\/wp-json\/wp\/v2\/product_tag?post=57520"}],"curies":[{"name":"wp","href":"https:\/\/api.w.org\/{rel}","templated":true}]}}