{"id":57803,"date":"2024-09-06T06:22:32","date_gmt":"2024-09-06T06:22:32","guid":{"rendered":"https:\/\/chessgamesemporium.com\/?post_type=product&#038;p=57803"},"modified":"2026-03-12T07:54:16","modified_gmt":"2026-03-12T07:54:16","slug":"turbo-charge-your-tactics-2-accelerate-and-win","status":"publish","type":"product","link":"https:\/\/chessgamesemporium.com\/fr\/shop\/sahovske-knjige\/strategija-in-taktika\/turbo-charge-your-tactics-2-accelerate-and-win\/","title":{"rendered":"Turbo-Charge your Tactics 2 \u2013 Accelerate and Win"},"content":{"rendered":"<p>Avtor:\u00a0Mykhaylo Oleksiyenko, Vladimir Grabinsky<br \/>\nLeto izdaje: 2024<br \/>\nLangue : Anglais<br \/>\n\u0160t. strani: 280<br \/>\nDimensiones: 24 x 17 cm<\/p>\n<p>Turbo-Charge Your Tactics 2 zaklju\u010di ve\u010dletni podvig GM Mykhayla Oleksiyenka in njegovega svetovno-znanega trenerja IM Vladimirja Grabinskega, s ciljem da ustvarita popolno knjigo \u0161ahovskih ugank. Drugi del nadgradi prvega z uporabo partij s svetovnih prvenstev. Ve\u010dino \u0161ahovskih partij odlo\u010di taktika, zato je re\u0161evanje takti\u010dnih ugank naju\u010dinkovitej\u0161a pot k napredku.<\/p>\n<div class=\"elementor-element elementor-element-ac961a3 internallinks wd-single-content elementor-widget elementor-widget-wd_single_product_content\" data-id=\"ac961a3\" data-element_type=\"widget\" data-widget_type=\"wd_single_product_content.default\">\n<div class=\"elementor-widget-container\">\n<p>Ta knjiga vsebuje tudi posebno poglevje o uporabi \u0161ahovskih strojev. Stroji natan\u010dno analizirajo, a hkrati lahko \u0161kodijo na\u0161emu razumevanju \u0161aha, \u010de jim slepo zaupamo, tako da je pomembno vedeti, kako jih uporabiti.<\/p>\n<\/div>\n<\/div>","protected":false},"excerpt":{"rendered":"<p><a href=\"https:\/\/chessgamesemporium.com\/wp-content\/uploads\/2024\/09\/Turbo-ChargeYourTactics2-Excerpt.pdf\">Extrait PDF<\/a><\/p>","protected":false},"featured_media":57806,"comment_status":"open","ping_status":"closed","template":"","meta":{"_seopress_robots_primary_cat":"none","_seopress_titles_title":"","_seopress_titles_desc":"","_seopress_robots_index":""},"product_brand":[],"product_cat":[608],"product_tag":[],"class_list":{"0":"post-57803","1":"product","2":"type-product","3":"status-publish","4":"has-post-thumbnail","6":"product_cat-strategija-in-taktika","7":"pa_avtor-axel-smith","8":"pa_leto-izdaje-1037","9":"pa_nivo-knjige-srednji","10":"pa_stran-oboje-nevtralno","11":"pa_tip-knjige-trening-vaje","12":"pa_zalozba-quality-chess","14":"entry","15":"has-media","17":"first","18":"instock","19":"taxable","20":"shipping-taxable","21":"purchasable","22":"product-type-variable","23":"has-product-nav","24":"col","25":"span_1_of_4","26":"owp-content-center","27":"item-entry","28":"owp-thumbs-layout-horizontal","29":"owp-btn-normal","30":"owp-tabs-layout-section"},"wcpa_form_fields":null,"_links":{"self":[{"href":"https:\/\/chessgamesemporium.com\/fr\/wp-json\/wp\/v2\/product\/57803","targetHints":{"allow":["GET"]}}],"collection":[{"href":"https:\/\/chessgamesemporium.com\/fr\/wp-json\/wp\/v2\/product"}],"about":[{"href":"https:\/\/chessgamesemporium.com\/fr\/wp-json\/wp\/v2\/types\/product"}],"replies":[{"embeddable":true,"href":"https:\/\/chessgamesemporium.com\/fr\/wp-json\/wp\/v2\/comments?post=57803"}],"version-history":[{"count":0,"href":"https:\/\/chessgamesemporium.com\/fr\/wp-json\/wp\/v2\/product\/57803\/revisions"}],"wp:featuredmedia":[{"embeddable":true,"href":"https:\/\/chessgamesemporium.com\/fr\/wp-json\/wp\/v2\/media\/57806"}],"wp:attachment":[{"href":"https:\/\/chessgamesemporium.com\/fr\/wp-json\/wp\/v2\/media?parent=57803"}],"wp:term":[{"taxonomy":"product_brand","embeddable":true,"href":"https:\/\/chessgamesemporium.com\/fr\/wp-json\/wp\/v2\/product_brand?post=57803"},{"taxonomy":"product_cat","embeddable":true,"href":"https:\/\/chessgamesemporium.com\/fr\/wp-json\/wp\/v2\/product_cat?post=57803"},{"taxonomy":"product_tag","embeddable":true,"href":"https:\/\/chessgamesemporium.com\/fr\/wp-json\/wp\/v2\/product_tag?post=57803"}],"curies":[{"name":"wp","href":"https:\/\/api.w.org\/{rel}","templated":true}]}}