{"id":57808,"date":"2024-09-06T06:26:08","date_gmt":"2024-09-06T06:26:08","guid":{"rendered":"https:\/\/chessgamesemporium.com\/?post_type=product&#038;p=57808"},"modified":"2026-03-12T07:54:59","modified_gmt":"2026-03-12T07:54:59","slug":"turbo-charge-your-tactics-1-drive-your-improvement","status":"publish","type":"product","link":"https:\/\/chessgamesemporium.com\/fr\/shop\/livres-echecs\/strategie-et-tactique\/turbo-charge-your-tactics-1-drive-your-improvement\/","title":{"rendered":"Turbo-Charge your Tactics 1 \u2013 Drive Your Improvement"},"content":{"rendered":"<p>Avtor:\u00a0Mykhaylo Oleksiyenko, Vladimir Grabinsky<br \/>\nLeto izdaje: 2024<br \/>\nLangue : Anglais<br \/>\n\u0160t. strani: 328<br \/>\nDimensiones: 24 x 17 cm<\/p>\n<p>Turbo-Charge Your Tactics 1 je v osnovi knjiga \u0161ahovskih ugank. V ve\u010dletnem podvigu sta GM Mykhaylo Oleksiyenko in njegov svetovno-znani trener IM Vladimir Grabinsky ustvarila ta uvod v svet &#8220;nenaravnih&#8221; takti\u010dnih potez.<\/p>\n<div class=\"elementor-element elementor-element-ac961a3 internallinks wd-single-content elementor-widget elementor-widget-wd_single_product_content\" data-id=\"ac961a3\" data-element_type=\"widget\" data-widget_type=\"wd_single_product_content.default\">\n<div class=\"elementor-widget-container\">\n<p>Z izjemno lepimi primeri, ni va\u017eno od kod &#8211; ali hitrih spletnih iger and prakse svetovnih velemojstrov &#8211; bo ta knjiga pozdravila va\u0161o &#8220;izbirno slepoto&#8221;, tako da poru\u0161i la\u017eno idejo, da so \u0161ahovski principi nezmotljiva pravila, ne le uporabna vodila.\u00a0 Ve\u010dino \u0161ahovskih partij odlo\u010di taktika, zato je re\u0161evanje takti\u010dnih ugank naju\u010dinkovitej\u0161a pot k napredku.<\/p>\n<\/div>\n<\/div>","protected":false},"excerpt":{"rendered":"<p><a href=\"https:\/\/chessgamesemporium.com\/wp-content\/uploads\/2024\/09\/Turbo-ChargeYourTactics1-Excerpt.pdf\" target=\"_blank\" rel=\"noopener\">Extrait PDF<\/a><\/p>","protected":false},"featured_media":57811,"comment_status":"open","ping_status":"closed","template":"","meta":{"_seopress_robots_primary_cat":"none","_seopress_titles_title":"","_seopress_titles_desc":"","_seopress_robots_index":""},"product_brand":[],"product_cat":[608],"product_tag":[],"class_list":{"0":"post-57808","1":"product","2":"type-product","3":"status-publish","4":"has-post-thumbnail","6":"product_cat-strategija-in-taktika","7":"pa_avtor-axel-smith","8":"pa_leto-izdaje-1023","9":"pa_nivo-knjige-srednji","10":"pa_stran-oboje-nevtralno","11":"pa_tip-knjige-trening-vaje","12":"pa_zalozba-quality-chess","14":"entry","15":"has-media","17":"first","18":"instock","19":"taxable","20":"shipping-taxable","21":"purchasable","22":"product-type-variable","23":"has-product-nav","24":"col","25":"span_1_of_4","26":"owp-content-center","27":"item-entry","28":"owp-thumbs-layout-horizontal","29":"owp-btn-normal","30":"owp-tabs-layout-section"},"wcpa_form_fields":null,"_links":{"self":[{"href":"https:\/\/chessgamesemporium.com\/fr\/wp-json\/wp\/v2\/product\/57808","targetHints":{"allow":["GET"]}}],"collection":[{"href":"https:\/\/chessgamesemporium.com\/fr\/wp-json\/wp\/v2\/product"}],"about":[{"href":"https:\/\/chessgamesemporium.com\/fr\/wp-json\/wp\/v2\/types\/product"}],"replies":[{"embeddable":true,"href":"https:\/\/chessgamesemporium.com\/fr\/wp-json\/wp\/v2\/comments?post=57808"}],"version-history":[{"count":0,"href":"https:\/\/chessgamesemporium.com\/fr\/wp-json\/wp\/v2\/product\/57808\/revisions"}],"wp:featuredmedia":[{"embeddable":true,"href":"https:\/\/chessgamesemporium.com\/fr\/wp-json\/wp\/v2\/media\/57811"}],"wp:attachment":[{"href":"https:\/\/chessgamesemporium.com\/fr\/wp-json\/wp\/v2\/media?parent=57808"}],"wp:term":[{"taxonomy":"product_brand","embeddable":true,"href":"https:\/\/chessgamesemporium.com\/fr\/wp-json\/wp\/v2\/product_brand?post=57808"},{"taxonomy":"product_cat","embeddable":true,"href":"https:\/\/chessgamesemporium.com\/fr\/wp-json\/wp\/v2\/product_cat?post=57808"},{"taxonomy":"product_tag","embeddable":true,"href":"https:\/\/chessgamesemporium.com\/fr\/wp-json\/wp\/v2\/product_tag?post=57808"}],"curies":[{"name":"wp","href":"https:\/\/api.w.org\/{rel}","templated":true}]}}