{"id":57830,"date":"2024-09-09T06:47:33","date_gmt":"2024-09-09T06:47:33","guid":{"rendered":"https:\/\/chessgamesemporium.com\/?post_type=product&#038;p=57830"},"modified":"2026-03-11T08:51:05","modified_gmt":"2026-03-11T08:51:05","slug":"the-woodpecker-method-2","status":"publish","type":"product","link":"https:\/\/chessgamesemporium.com\/fr\/shop\/livres-echecs\/strategie-et-tactique\/the-woodpecker-method-2\/","title":{"rendered":"The Woodpecker Method 2"},"content":{"rendered":"<p>Avtor: Axel Smith<br \/>\nLeto izdaje: 2024<br \/>\nLangue : Anglais<br \/>\n\u0160t. strani: 384<br \/>\nDimensiones: 24 x 17 cm<\/p>\n<p>Od njene izdaje leta 2018, je The Woodpecker Method postala vodilni priro\u010dnik med \u0161ahisti z \u017eeljo po takti\u010dnem napredku. The Woodpecker Method 2 je nadaljevanje tega, namenjena nadgradnji spretnosti pozicijskih odlo\u010ditev.<\/p>\n<p class=\"v1MsoNormal\">&#8220;Metoda detlja&#8221; pomeni re\u0161evanje velike koli\u010dine ugank v \u010dasu ve\u010dih tednov, nato pa ponovno re\u0161evanje istih ugank v vse kraj\u0161em \u010dasu. To sprogramira podzavest, izboj\u0161a natan\u010dnost in hitrost odlo\u010ditev.<\/p>\n<p class=\"v1MsoNormal\">The Woodpecker Method 2 vsebuje 1000 pozicijskih primerov in re\u0161itev, z natan\u010dnimi navodili kako od njih pridobiti \u010dim ve\u010d. Vse naloge so bile ve\u010dkrat preverjene z najsodobnej\u0161imi programi in preverjene s strani \u0161ahistov, med drugimi GM Nodirbek Abdusattotov, ki se je povzpel do pozicije \u010detrtega na svetu po tem ko je predelal to knjigo.<\/p>","protected":false},"excerpt":{"rendered":"<p><a href=\"https:\/\/chessgamesemporium.com\/wp-content\/uploads\/2024\/09\/Woodpecker-2-\u2013-excerpt.pdf\" target=\"_blank\" rel=\"noopener\">Extrait PDF<\/a><\/p>","protected":false},"featured_media":57834,"comment_status":"open","ping_status":"closed","template":"","meta":{"_seopress_robots_primary_cat":"none","_seopress_titles_title":"","_seopress_titles_desc":"","_seopress_robots_index":""},"product_brand":[],"product_cat":[512,608],"product_tag":[],"class_list":{"0":"post-57830","1":"product","2":"type-product","3":"status-publish","4":"has-post-thumbnail","6":"product_cat-sahovske-knjige","7":"product_cat-strategija-in-taktika","8":"pa_avtor-axel-smith","9":"pa_leto-izdaje-1023","10":"pa_nivo-knjige-srednji","11":"pa_stran-oboje-nevtralno","12":"pa_tip-knjige-trening-vaje","13":"pa_zalozba-quality-chess","15":"entry","16":"has-media","18":"first","19":"instock","20":"taxable","21":"shipping-taxable","22":"purchasable","23":"product-type-variable","24":"has-product-nav","25":"col","26":"span_1_of_4","27":"owp-content-center","28":"item-entry","29":"owp-thumbs-layout-horizontal","30":"owp-btn-normal","31":"owp-tabs-layout-section"},"wcpa_form_fields":null,"_links":{"self":[{"href":"https:\/\/chessgamesemporium.com\/fr\/wp-json\/wp\/v2\/product\/57830","targetHints":{"allow":["GET"]}}],"collection":[{"href":"https:\/\/chessgamesemporium.com\/fr\/wp-json\/wp\/v2\/product"}],"about":[{"href":"https:\/\/chessgamesemporium.com\/fr\/wp-json\/wp\/v2\/types\/product"}],"replies":[{"embeddable":true,"href":"https:\/\/chessgamesemporium.com\/fr\/wp-json\/wp\/v2\/comments?post=57830"}],"version-history":[{"count":0,"href":"https:\/\/chessgamesemporium.com\/fr\/wp-json\/wp\/v2\/product\/57830\/revisions"}],"wp:featuredmedia":[{"embeddable":true,"href":"https:\/\/chessgamesemporium.com\/fr\/wp-json\/wp\/v2\/media\/57834"}],"wp:attachment":[{"href":"https:\/\/chessgamesemporium.com\/fr\/wp-json\/wp\/v2\/media?parent=57830"}],"wp:term":[{"taxonomy":"product_brand","embeddable":true,"href":"https:\/\/chessgamesemporium.com\/fr\/wp-json\/wp\/v2\/product_brand?post=57830"},{"taxonomy":"product_cat","embeddable":true,"href":"https:\/\/chessgamesemporium.com\/fr\/wp-json\/wp\/v2\/product_cat?post=57830"},{"taxonomy":"product_tag","embeddable":true,"href":"https:\/\/chessgamesemporium.com\/fr\/wp-json\/wp\/v2\/product_tag?post=57830"}],"curies":[{"name":"wp","href":"https:\/\/api.w.org\/{rel}","templated":true}]}}