{"id":57886,"date":"2024-09-16T09:37:12","date_gmt":"2024-09-16T09:37:12","guid":{"rendered":"https:\/\/chessgamesemporium.com\/?post_type=product&#038;p=57886"},"modified":"2026-04-10T07:38:26","modified_gmt":"2026-04-10T07:38:26","slug":"sahovski-komplet-dubrovnik-elegant-black","status":"publish","type":"product","link":"https:\/\/chessgamesemporium.com\/fr\/shop\/sahovski-kompleti\/sestavljeni-kompleti\/sahovski-komplet-dubrovnik-elegant-black\/","title":{"rendered":"Jeu d\u2019\u00e9checs Dubrovnik Elegant Black \u2013 bois premium"},"content":{"rendered":"<p>Inspir\u00e9 des pi\u00e8ces originales Dubrovnik cr\u00e9\u00e9es pour l\u2019Olympiade d\u2019\u00e9checs de 1950 \u00e0 Dubrovnik, ce jeu repr\u00e9sente l\u2019un des designs les plus embl\u00e9matiques de l\u2019histoire des \u00e9checs. Bobby Fischer l\u2019a consid\u00e9r\u00e9 comme l\u2019un des meilleurs jeux jamais fabriqu\u00e9s. Les pi\u00e8ces sont con\u00e7ues sans symboles religieux, mettant l\u2019accent sur des formes \u00e9pur\u00e9es, l\u2019\u00e9quilibre et une jouabilit\u00e9 parfaite. Gr\u00e2ce \u00e0 leurs bases larges, elles offrent une excellente stabilit\u00e9, id\u00e9ales pour le jeu r\u00e9el. Ce set en bois premium allie histoire, qualit\u00e9 artisanale et \u00e9l\u00e9gance intemporelle, parfait comme cadeau pour joueurs et collectionneurs.<\/p>\n<p><b>Pi\u00e8ces d'\u00e9checs<\/b><\/p>\n<p>Pi\u00e8ces d'\u00e9checs en bois de qualit\u00e9. Feutr\u00e9es, lest\u00e9es, doublement vernies ! Taille tournoi.<\/p>\n<p>Mat\u00e9riau :<br \/>\nSheesham \/ buis<\/p>\n<p>Dimensions : (hauteur | largeur de la base)<br \/>\nRoi : 9,0 cm | 3,1 cm<br \/>\nReine : 8,0 cm | 3,1 cm<br \/>\nTour : 5,2 cm | 2,9 cm<br \/>\nFou : 7,4 cm | 2,9 cm<br \/>\nCavalier : 6,6 cm | 2,9 cm<br \/>\nPion : 5,4 cm | 2,6 cm<\/p>\n<p><b>\u00c9chiquier :<\/b><br \/>\nUn \u00e9chiquier de luxe en bois orn\u00e9 d'une mosa\u00efque artistique. Non peint, il laisse transpara\u00eetre les couleurs naturelles du bois. Un vernis protecteur rehausse son \u00e9clat.<\/p>\n<p>Dimensions des cases : 45 x 45 mm<br \/>\nDimensions de l'\u00e9chiquier : 48 \u00d7 48 \u00d7 5 cm<\/p>\n<p>Attention ! Ne convient pas aux enfants de moins de 3 ans en raison des petites pi\u00e8ces ! Risque d'\u00e9touffement.<\/p>","protected":false},"excerpt":{"rendered":"<p>Le jeu d\u2019\u00e9checs Dubrovnik Elegant Black est un set en bois premium inspir\u00e9 des pi\u00e8ces Dubrovnik de 1950. La finition noire lui donne un style moderne et \u00e9l\u00e9gant. Un cadeau parfait pour joueurs et collectionneurs.<\/p>","protected":false},"featured_media":57890,"comment_status":"open","ping_status":"closed","template":"","meta":{"_seopress_robots_primary_cat":"none","_seopress_titles_title":"","_seopress_titles_desc":"","_seopress_robots_index":""},"product_brand":[],"product_cat":[510,581],"product_tag":[],"class_list":{"0":"post-57886","1":"product","2":"type-product","3":"status-publish","4":"has-post-thumbnail","6":"product_cat-sahovski-kompleti","7":"product_cat-sestavljeni-kompleti","9":"entry","10":"has-media","12":"first","13":"instock","14":"taxable","15":"shipping-taxable","16":"purchasable","17":"product-type-simple","18":"has-product-nav","19":"col","20":"span_1_of_4","21":"owp-content-center","22":"item-entry","23":"owp-thumbs-layout-horizontal","24":"owp-btn-normal","25":"owp-tabs-layout-section"},"wcpa_form_fields":null,"_links":{"self":[{"href":"https:\/\/chessgamesemporium.com\/fr\/wp-json\/wp\/v2\/product\/57886","targetHints":{"allow":["GET"]}}],"collection":[{"href":"https:\/\/chessgamesemporium.com\/fr\/wp-json\/wp\/v2\/product"}],"about":[{"href":"https:\/\/chessgamesemporium.com\/fr\/wp-json\/wp\/v2\/types\/product"}],"replies":[{"embeddable":true,"href":"https:\/\/chessgamesemporium.com\/fr\/wp-json\/wp\/v2\/comments?post=57886"}],"version-history":[{"count":0,"href":"https:\/\/chessgamesemporium.com\/fr\/wp-json\/wp\/v2\/product\/57886\/revisions"}],"wp:featuredmedia":[{"embeddable":true,"href":"https:\/\/chessgamesemporium.com\/fr\/wp-json\/wp\/v2\/media\/57890"}],"wp:attachment":[{"href":"https:\/\/chessgamesemporium.com\/fr\/wp-json\/wp\/v2\/media?parent=57886"}],"wp:term":[{"taxonomy":"product_brand","embeddable":true,"href":"https:\/\/chessgamesemporium.com\/fr\/wp-json\/wp\/v2\/product_brand?post=57886"},{"taxonomy":"product_cat","embeddable":true,"href":"https:\/\/chessgamesemporium.com\/fr\/wp-json\/wp\/v2\/product_cat?post=57886"},{"taxonomy":"product_tag","embeddable":true,"href":"https:\/\/chessgamesemporium.com\/fr\/wp-json\/wp\/v2\/product_tag?post=57886"}],"curies":[{"name":"wp","href":"https:\/\/api.w.org\/{rel}","templated":true}]}}