{"id":58123,"date":"2024-09-20T08:47:45","date_gmt":"2024-09-20T08:47:45","guid":{"rendered":"https:\/\/chessgamesemporium.com\/?post_type=product&#038;p=58123"},"modified":"2026-01-07T08:33:38","modified_gmt":"2026-01-07T08:33:38","slug":"sahovska-garnitura-legate","status":"publish","type":"product","link":"https:\/\/chessgamesemporium.com\/fr\/shop\/sahovski-kompleti\/zlozljive-garniture\/sahovska-garnitura-legate\/","title":{"rendered":"Jeu d'\u00e9checs Legate"},"content":{"rendered":"<p>Pi\u00e8ces d'\u00e9checs :<br \/>\nEn bois, feutr\u00e9es, vernies, design br\u00fbl\u00e9<\/p>\n<p>Dimensions : (hauteur | largeur de la base)<br \/>\nRoi : 10,2 cm | 3,6 cm<br \/>\nReine : 9,7 cm | 3,6 cm<br \/>\nTour : 6,7 cm | 3,3 cm<br \/>\nFou : 6,7 cm | 3,3 cm<br \/>\nCavalier : 6,6 cm | 3,2 cm<br \/>\nPion : 5,2 cm | 2,9 cm<\/p>\n<p>\u00c9chiquier pliable :<br \/>\nMotif br\u00fbl\u00e9, avec plateau de rangement<\/p>\n<p>Dimensions des cases : 4,8 cm x 4,8 cm<br \/>\nDimensions du jeu (ferm\u00e9) : 47,5 x 23,5 x 5 cm<\/p>\n<p>Le jeu d'\u00e9checs Legate est le dernier-n\u00e9 de notre gamme d\u00e9corative. Son design unique en fait un jeu d'\u00e9checs de luxe. Les \u00e9l\u00e9gantes pi\u00e8ces sont r\u00e9alis\u00e9es en bois de charme et d'\u00e9rable sycomore. Tout comme l'\u00e9chiquier, il comporte des ornements br\u00fbl\u00e9s. L'\u00e9chiquier pliant br\u00fbl\u00e9 est dot\u00e9 d'un plateau int\u00e9rieur pour ranger les pi\u00e8ces.<\/p>\n<p>Attention ! Ne convient pas aux enfants de moins de 3 ans en raison des petites pi\u00e8ces ! Risque d'\u00e9touffement.<\/p>","protected":false},"excerpt":{"rendered":"<p>Figure: Lesene, podlo\u017eene, lakirane, v\u017egan dizajn Dimenzije: (vi\u0161ina figure| premer podlage) Kralj: 10,2 cm | 3,6 cm Dama: 9,7 cm | 3,6 cm Top: 6,7 cm | 3,3 cm Lovec: 7,7 cm | 3,2 cm Skaka\u010d: 6,6 cm | 3,2 cm Kmet: 5,2 cm | 2,9 cm \u0160ahovnica \u2013 preklopna lesena \u0161ahovska kaseta V\u017egan dizajn, [&hellip;]<\/p>","protected":false},"featured_media":58126,"comment_status":"open","ping_status":"closed","template":"","meta":{"_seopress_robots_primary_cat":"none","_seopress_titles_title":"","_seopress_titles_desc":"","_seopress_robots_index":""},"product_brand":[],"product_cat":[510,518],"product_tag":[],"class_list":{"0":"post-58123","1":"product","2":"type-product","3":"status-publish","4":"has-post-thumbnail","6":"product_cat-sahovski-kompleti","7":"product_cat-zlozljive-garniture","8":"wcpa_has_options","10":"entry","11":"has-media","13":"first","14":"instock","15":"taxable","16":"shipping-taxable","17":"purchasable","18":"product-type-simple","19":"has-product-nav","20":"col","21":"span_1_of_4","22":"owp-content-center","23":"item-entry","24":"owp-thumbs-layout-horizontal","25":"owp-btn-normal","26":"owp-tabs-layout-section"},"wcpa_form_fields":{"rules":{"pric_overide_base_price":false,"pric_overide_base_price_if_gt_zero":false,"pric_overide_base_price_fully":false,"pric_cal_option_once":false,"pric_use_as_fee":false,"bind_quantity":false,"quantity_bind_formula":false},"fields":[{"type":"text","elementId":"wcpa-text-1666713333654","label":"Gravura ( opcijsko )","description":"Vpi\u0161ite \u017eeljeni tekst za graviranje (npr. Vse najbolj\u0161e, IME, datum ipd.)","desc_type":true,"enablePrice":true,"pricingType":"fixed","price":"7","name":"text-1666713333654","fee_label":"Za naro\u010dnike izven eu, bo davek od\u0161tet na blagajni.","subtype":"text","maxlength":"16","cl_rule":"show","col":6,"relations":false,"form_id":46231,"form_rules":{"pric_cal_option_once":false,"exclude_from_discount":false,"pric_use_as_fee":false,"fee_label":"Fee","render_after_acb":false,"disp_hide_options_price":false}}]},"_links":{"self":[{"href":"https:\/\/chessgamesemporium.com\/fr\/wp-json\/wp\/v2\/product\/58123","targetHints":{"allow":["GET"]}}],"collection":[{"href":"https:\/\/chessgamesemporium.com\/fr\/wp-json\/wp\/v2\/product"}],"about":[{"href":"https:\/\/chessgamesemporium.com\/fr\/wp-json\/wp\/v2\/types\/product"}],"replies":[{"embeddable":true,"href":"https:\/\/chessgamesemporium.com\/fr\/wp-json\/wp\/v2\/comments?post=58123"}],"version-history":[{"count":0,"href":"https:\/\/chessgamesemporium.com\/fr\/wp-json\/wp\/v2\/product\/58123\/revisions"}],"wp:featuredmedia":[{"embeddable":true,"href":"https:\/\/chessgamesemporium.com\/fr\/wp-json\/wp\/v2\/media\/58126"}],"wp:attachment":[{"href":"https:\/\/chessgamesemporium.com\/fr\/wp-json\/wp\/v2\/media?parent=58123"}],"wp:term":[{"taxonomy":"product_brand","embeddable":true,"href":"https:\/\/chessgamesemporium.com\/fr\/wp-json\/wp\/v2\/product_brand?post=58123"},{"taxonomy":"product_cat","embeddable":true,"href":"https:\/\/chessgamesemporium.com\/fr\/wp-json\/wp\/v2\/product_cat?post=58123"},{"taxonomy":"product_tag","embeddable":true,"href":"https:\/\/chessgamesemporium.com\/fr\/wp-json\/wp\/v2\/product_tag?post=58123"}],"curies":[{"name":"wp","href":"https:\/\/api.w.org\/{rel}","templated":true}]}}