{"id":58889,"date":"2024-12-11T09:44:56","date_gmt":"2024-12-11T09:44:56","guid":{"rendered":"https:\/\/chessgamesemporium.com\/?post_type=product&#038;p=58889"},"modified":"2026-03-09T10:52:33","modified_gmt":"2026-03-09T10:52:33","slug":"conceptual-rook-endgames-workbook","status":"publish","type":"product","link":"https:\/\/chessgamesemporium.com\/fr\/shop\/livres-echecs\/fins-de-partie\/conceptual-rook-endgames-workbook\/","title":{"rendered":"CONCEPTUAL ROOK ENDGAMES WORKBOOK"},"content":{"rendered":"<p>Avtor: Jacob Aagaard<br \/>\nLeto izdaje: 2024<br \/>\nLangue : Anglais<br \/>\n\u0160t. strani: 160<br \/>\nDimensiones: 24 x 17 cm<br \/>\nCouverture : souple<\/p>\n<p>Topovske kon\u010dnice so najpogostej\u0161e kon\u010dnice, pa tudi eno najbolj vznemirljivih in zahtevnih podro\u010dij \u0161aha. Leta 2023 je Quality Chess izdal &#8220;Theoretical Rook Endgames&#8221; GM Sama Shanklanda in svojo sestrsko knjigo &#8220;Conceptual Rook Endgames&#8221; GM Jacoba Aagaarda, manjkal je \u0161e delovni zvezek.<\/p>\n<p>Ta nova knjiga dopolnjuje zmagoviti trio s predstavitvijo 208 pou\u010dnih vaj razli\u010dnih te\u017eavnosti, ki preizku\u0161ajo in krepijo bral\u010deve spretnosti in razumevanje. Conceptual Rook Endgames Workbook bo mo\u010dno dvignil va\u0161e sposobnosti v kon\u010dnicah, ne glede na to, ali ga uporabljate kot samostojen delovni zvezek ali kot zadnji korak v trilogiji Aagaard-Shankland Rook Endgames.<\/p>","protected":false},"excerpt":{"rendered":"<p><a href=\"https:\/\/chessgamesemporium.com\/wp-content\/uploads\/2024\/12\/CRE-Workbook-excerpt.pdf\" target=\"_blank\" rel=\"noopener\">Extrait PDF<\/a><\/p>","protected":false},"featured_media":58892,"comment_status":"open","ping_status":"closed","template":"","meta":{"_seopress_robots_primary_cat":"none","_seopress_titles_title":"","_seopress_titles_desc":"","_seopress_robots_index":""},"product_brand":[],"product_cat":[609,512],"product_tag":[],"class_list":{"0":"post-58889","1":"product","2":"type-product","3":"status-publish","4":"has-post-thumbnail","6":"product_cat-koncnice","7":"product_cat-sahovske-knjige","8":"pa_avtor-jacob-aagaard","9":"pa_leto-izdaje-1023","10":"pa_nivo-knjige-napredni","11":"pa_nivo-knjige-srednji","12":"pa_stran-oboje-nevtralno","13":"pa_tip-knjige-koncnice","14":"pa_tip-knjige-trening-vaje","15":"pa_zalozba-quality-chess","17":"entry","18":"has-media","20":"first","21":"instock","22":"taxable","23":"shipping-taxable","24":"purchasable","25":"product-type-simple","26":"has-product-nav","27":"col","28":"span_1_of_4","29":"owp-content-center","30":"item-entry","31":"owp-thumbs-layout-horizontal","32":"owp-btn-normal","33":"owp-tabs-layout-section","34":"has-no-thumbnails"},"wcpa_form_fields":null,"_links":{"self":[{"href":"https:\/\/chessgamesemporium.com\/fr\/wp-json\/wp\/v2\/product\/58889","targetHints":{"allow":["GET"]}}],"collection":[{"href":"https:\/\/chessgamesemporium.com\/fr\/wp-json\/wp\/v2\/product"}],"about":[{"href":"https:\/\/chessgamesemporium.com\/fr\/wp-json\/wp\/v2\/types\/product"}],"replies":[{"embeddable":true,"href":"https:\/\/chessgamesemporium.com\/fr\/wp-json\/wp\/v2\/comments?post=58889"}],"version-history":[{"count":0,"href":"https:\/\/chessgamesemporium.com\/fr\/wp-json\/wp\/v2\/product\/58889\/revisions"}],"wp:featuredmedia":[{"embeddable":true,"href":"https:\/\/chessgamesemporium.com\/fr\/wp-json\/wp\/v2\/media\/58892"}],"wp:attachment":[{"href":"https:\/\/chessgamesemporium.com\/fr\/wp-json\/wp\/v2\/media?parent=58889"}],"wp:term":[{"taxonomy":"product_brand","embeddable":true,"href":"https:\/\/chessgamesemporium.com\/fr\/wp-json\/wp\/v2\/product_brand?post=58889"},{"taxonomy":"product_cat","embeddable":true,"href":"https:\/\/chessgamesemporium.com\/fr\/wp-json\/wp\/v2\/product_cat?post=58889"},{"taxonomy":"product_tag","embeddable":true,"href":"https:\/\/chessgamesemporium.com\/fr\/wp-json\/wp\/v2\/product_tag?post=58889"}],"curies":[{"name":"wp","href":"https:\/\/api.w.org\/{rel}","templated":true}]}}