{"id":58906,"date":"2024-12-11T10:24:39","date_gmt":"2024-12-11T10:24:39","guid":{"rendered":"https:\/\/chessgamesemporium.com\/?post_type=product&#038;p=58906"},"modified":"2026-03-12T07:56:24","modified_gmt":"2026-03-12T07:56:24","slug":"100-endgame-patterns-you-must-know","status":"publish","type":"product","link":"https:\/\/chessgamesemporium.com\/fr\/shop\/livres-echecs\/fins-de-partie\/100-endgame-patterns-you-must-know\/","title":{"rendered":"100 Endgame patterns you must know"},"content":{"rendered":"<p>Avtor: Jesus De la Villa<br \/>\nLeto izdaje: 2021<br \/>\nLangue : Anglais<br \/>\n\u0160t. strani: 464<br \/>\nFormat: 24,0 x 17,0 cm<br \/>\nCouverture : souple<\/p>\n<p>\u010ce se zavedate vzorcev kon\u010dne igre, hitreje opazite klju\u010dne poteze, bolje analizirate in izra\u010dunate, se izogibate napakam in si bolj natan\u010dno zapomnite, kar ste preu\u010dili.<\/p>\n<p>Ve\u010dina vzorcev v kon\u010dnicah, ki jih Jesus de la Villa predstavi v tej novi knjigi, je iz faze igre, tik preden se pojavi teoreti\u010dna kon\u010dica. Poznavanje teh prakti\u010dnih osnov kon\u010dnice igre vam bo omogo\u010dilo, da v celoti izkoristite vse, kar ste se nau\u010dili v De la Villini splo\u0161no priznani klasi\u010dni 100 kon\u010dnic, ki jih morate poznati.<\/p>\n<p>Preu\u010devanje vzorcev je smiselno le, \u010de se boste z njimi pogosto sre\u010devali. De la Villa predstavi tiste, ki imajo najve\u010dji prakti\u010dni pomen, ter jih pojasni in ilustrira s skrbno izbranimi primeri. Da bi \u010dim bolj jasno prikazal vzorce, se osredoto\u010da predvsem na polo\u017eaje, v katerih imata obe strani samo eno figuro. Predstavitev stali\u0161\u010d ve\u010d figurami lahko zamegli sliko in naredi motive manj enostavne.<\/p>\n<p>Dejstvo, da igralci razmi\u0161ljajo po vzorcih, ima pomemben stranski u\u010dinek: njihove napake v kon\u010dnicah se ponavadi ponavljajo. Zato De la Villa ni vklju\u010dil le primerov iz iger elitnih GM-jev, ampak tudi amaterjev. Napake so vedno pou\u010dne in delo s to knjigo bo resno zmanj\u0161alo \u0161tevilo tipi\u010dnih napak, h katerim ste nagnjeni. \u0160tevilne prakti\u010dne vaje, ki jih je izbral De la Villa, vam bodo pomagale izbolj\u0161ati in obdr\u017eati nau\u010deno.<\/p>","protected":false},"excerpt":{"rendered":"<p>Avtor: Jesus De la Villa Leto izdaje: 2021 Jezik: Angle\u0161ki \u0160t. strani: 464 Format: 24,0 x 17,0 cm Platnice: mehke \u010ce se zavedate vzorcev kon\u010dne igre, hitreje opazite klju\u010dne poteze, bolje analizirate in izra\u010dunate, se izogibate napakam in si bolj natan\u010dno zapomnite, kar ste preu\u010dili. Ve\u010dina vzorcev v kon\u010dnicah, ki jih Jesus de la Villa [&hellip;]<\/p>","protected":false},"featured_media":58909,"comment_status":"open","ping_status":"closed","template":"","meta":{"_seopress_robots_primary_cat":"none","_seopress_titles_title":"","_seopress_titles_desc":"","_seopress_robots_index":""},"product_brand":[],"product_cat":[609,512],"product_tag":[],"class_list":{"0":"post-58906","1":"product","2":"type-product","3":"status-publish","4":"has-post-thumbnail","6":"product_cat-koncnice","7":"product_cat-sahovske-knjige","8":"pa_avtor-jesus-de-la-villa","9":"pa_leto-izdaje-745","10":"pa_nivo-knjige-srednji","11":"pa_stran-oboje-nevtralno","12":"pa_tip-knjige-koncnice","13":"pa_zalozba-new-in-chess","15":"entry","16":"has-media","18":"first","19":"instock","20":"taxable","21":"shipping-taxable","22":"purchasable","23":"product-type-simple","24":"has-product-nav","25":"col","26":"span_1_of_4","27":"owp-content-center","28":"item-entry","29":"owp-thumbs-layout-horizontal","30":"owp-btn-normal","31":"owp-tabs-layout-section","32":"has-no-thumbnails"},"wcpa_form_fields":null,"_links":{"self":[{"href":"https:\/\/chessgamesemporium.com\/fr\/wp-json\/wp\/v2\/product\/58906","targetHints":{"allow":["GET"]}}],"collection":[{"href":"https:\/\/chessgamesemporium.com\/fr\/wp-json\/wp\/v2\/product"}],"about":[{"href":"https:\/\/chessgamesemporium.com\/fr\/wp-json\/wp\/v2\/types\/product"}],"replies":[{"embeddable":true,"href":"https:\/\/chessgamesemporium.com\/fr\/wp-json\/wp\/v2\/comments?post=58906"}],"version-history":[{"count":0,"href":"https:\/\/chessgamesemporium.com\/fr\/wp-json\/wp\/v2\/product\/58906\/revisions"}],"wp:featuredmedia":[{"embeddable":true,"href":"https:\/\/chessgamesemporium.com\/fr\/wp-json\/wp\/v2\/media\/58909"}],"wp:attachment":[{"href":"https:\/\/chessgamesemporium.com\/fr\/wp-json\/wp\/v2\/media?parent=58906"}],"wp:term":[{"taxonomy":"product_brand","embeddable":true,"href":"https:\/\/chessgamesemporium.com\/fr\/wp-json\/wp\/v2\/product_brand?post=58906"},{"taxonomy":"product_cat","embeddable":true,"href":"https:\/\/chessgamesemporium.com\/fr\/wp-json\/wp\/v2\/product_cat?post=58906"},{"taxonomy":"product_tag","embeddable":true,"href":"https:\/\/chessgamesemporium.com\/fr\/wp-json\/wp\/v2\/product_tag?post=58906"}],"curies":[{"name":"wp","href":"https:\/\/api.w.org\/{rel}","templated":true}]}}