{"id":58911,"date":"2024-12-11T10:37:51","date_gmt":"2024-12-11T10:37:51","guid":{"rendered":"https:\/\/chessgamesemporium.com\/?post_type=product&#038;p=58911"},"modified":"2026-03-09T10:57:42","modified_gmt":"2026-03-09T10:57:42","slug":"the-100-endgames-you-must-know-workbook","status":"publish","type":"product","link":"https:\/\/chessgamesemporium.com\/fr\/shop\/livres-echecs\/fins-de-partie\/the-100-endgames-you-must-know-workbook\/","title":{"rendered":"The 100 Endgames you must know workbook"},"content":{"rendered":"<p>Avtor: Jesus De la Villa<br \/>\nLeto izdaje: 2021<br \/>\nLangue : Anglais<br \/>\n\u0160t. strani: 464<br \/>\nFormat: 24,0 x 17,0 cm<br \/>\nCouverture : souple<\/p>\n<p>Svetovna uspe\u0161nica Jesusa de la Ville 100 kon\u010dnic, ki jih morate poznati, je uspe\u0161no razkrila mit, da je teorija kon\u010dnic zapletena in da so knjige o kon\u010dnicah dolgo\u010dasne. Ocenjevalci so pohvalili njegovo jasnost in popolnost, na tiso\u010de igralcev pa je dramati\u010dno izbolj\u0161alo svoje razumevanje kon\u010dnic (in rezultate!).<\/p>\n<p>V zadnjih letih so se De la Villini \u0161tudenti v\u010dasih prito\u017eevali, da ko so morali uporabiti tisto, kar so preu\u010devali v 100 Endgames, gradiva niso vedno imeli pripravljenega na dosegu roke. De la Villa je nato pri\u0161el do pomembnega odkritja: ve\u010dino napak, ki so jih naredili njegovi u\u010denci, delajo tudi drugi, celo mo\u010dni in v\u010dasih slavni \u0161ahisti!<\/p>\n<p>De la Villa je za\u010del zbirati gradivo za usposabljanje in izbral tiste vaje, ki so najbolj primerne za ohranjanje in izbolj\u0161anje va\u0161ega znanja ter izogibanje pogostim napakam. V tej knjigi \u0161panski velemojster predstavlja na stotine vaj, razvr\u0161\u010denih po razli\u010dnih poglavjih v 100 kon\u010dnih igrah. Z re\u0161evanjem teh ugank boste pridobili najpomembnej\u0161e ideje, osve\u017eili svoje znanje in izbolj\u0161ali svojo tehniko.<\/p>\n<p>Ta knjiga vsebuje ogromno jasnih, jedrnatih in preprostih navodil za kon\u010dnico igro. Nasveti, ki jih De la Villa daje v re\u0161itvah, so prakti\u010dni in uporabni. Idealno za vsakega za\u010detnika, klubskega igralca in Mojstrskega kandidata, ki \u017eeli osvojiti ve\u010d iger.<\/p>","protected":false},"excerpt":{"rendered":"<p>Avtor: Jesus De la Villa Leto izdaje: 2021 Jezik: Angle\u0161ki \u0160t. strani: 464 Format: 24,0 x 17,0 cm Platnice: mehke Svetovna uspe\u0161nica Jesusa de la Ville 100 kon\u010dnic, ki jih morate poznati, je uspe\u0161no razkrila mit, da je teorija kon\u010dnic zapletena in da so knjige o kon\u010dnicah dolgo\u010dasne. Ocenjevalci so pohvalili njegovo jasnost in popolnost, [&hellip;]<\/p>","protected":false},"featured_media":58914,"comment_status":"open","ping_status":"closed","template":"","meta":{"_seopress_robots_primary_cat":"none","_seopress_titles_title":"","_seopress_titles_desc":"","_seopress_robots_index":""},"product_brand":[],"product_cat":[609,512],"product_tag":[],"class_list":{"0":"post-58911","1":"product","2":"type-product","3":"status-publish","4":"has-post-thumbnail","6":"product_cat-koncnice","7":"product_cat-sahovske-knjige","8":"pa_avtor-jesus-de-la-villa","9":"pa_leto-izdaje-745","10":"pa_nivo-knjige-srednji","11":"pa_stran-oboje-nevtralno","12":"pa_tip-knjige-koncnice","13":"pa_zalozba-new-in-chess","15":"entry","16":"has-media","18":"first","19":"instock","20":"taxable","21":"shipping-taxable","22":"purchasable","23":"product-type-simple","24":"has-product-nav","25":"col","26":"span_1_of_4","27":"owp-content-center","28":"item-entry","29":"owp-thumbs-layout-horizontal","30":"owp-btn-normal","31":"owp-tabs-layout-section","32":"has-no-thumbnails"},"wcpa_form_fields":null,"_links":{"self":[{"href":"https:\/\/chessgamesemporium.com\/fr\/wp-json\/wp\/v2\/product\/58911","targetHints":{"allow":["GET"]}}],"collection":[{"href":"https:\/\/chessgamesemporium.com\/fr\/wp-json\/wp\/v2\/product"}],"about":[{"href":"https:\/\/chessgamesemporium.com\/fr\/wp-json\/wp\/v2\/types\/product"}],"replies":[{"embeddable":true,"href":"https:\/\/chessgamesemporium.com\/fr\/wp-json\/wp\/v2\/comments?post=58911"}],"version-history":[{"count":0,"href":"https:\/\/chessgamesemporium.com\/fr\/wp-json\/wp\/v2\/product\/58911\/revisions"}],"wp:featuredmedia":[{"embeddable":true,"href":"https:\/\/chessgamesemporium.com\/fr\/wp-json\/wp\/v2\/media\/58914"}],"wp:attachment":[{"href":"https:\/\/chessgamesemporium.com\/fr\/wp-json\/wp\/v2\/media?parent=58911"}],"wp:term":[{"taxonomy":"product_brand","embeddable":true,"href":"https:\/\/chessgamesemporium.com\/fr\/wp-json\/wp\/v2\/product_brand?post=58911"},{"taxonomy":"product_cat","embeddable":true,"href":"https:\/\/chessgamesemporium.com\/fr\/wp-json\/wp\/v2\/product_cat?post=58911"},{"taxonomy":"product_tag","embeddable":true,"href":"https:\/\/chessgamesemporium.com\/fr\/wp-json\/wp\/v2\/product_tag?post=58911"}],"curies":[{"name":"wp","href":"https:\/\/api.w.org\/{rel}","templated":true}]}}