{"id":59166,"date":"2025-01-17T09:05:17","date_gmt":"2025-01-17T09:05:17","guid":{"rendered":"https:\/\/chessgamesemporium.com\/?post_type=product&#038;p=59166"},"modified":"2026-04-09T16:02:06","modified_gmt":"2026-04-09T16:02:06","slug":"sahovska-ura-dgt1500","status":"publish","type":"product","link":"https:\/\/chessgamesemporium.com\/fr\/shop\/sahovske-ure\/digitalne-ure\/sahovska-ura-dgt1500\/","title":{"rendered":"DGT 1500 horloge d\u2019\u00e9checs \u2013 blitz et entra\u00eenement"},"content":{"rendered":"<p>Dimensions :<br \/>\nHorloge : 170 x 96 x 58 mm<br \/>\nAffichage : 136 x 25 mm<br \/>\nPoids : 220 g<\/p>\n<p>Modes de r\u00e9glage disponibles :<br \/>\n01 Compte \u00e0 rebours<br \/>\n02 Fischer Bonus<br \/>\n03 D\u00e9lai<br \/>\n04 Scrabble\u2122<br \/>\n05 Temps par coup<br \/>\n06 Temps par coup + temps restant du coup pr\u00e9c\u00e9dent<\/p>\n<p>L'horloge d'\u00e9checs DGT1500 est con\u00e7ue pour les parties d'\u00e9checs rapides. Elle est id\u00e9ale pour les parties o\u00f9 chaque seconde compte. Ce mod\u00e8le unique poss\u00e8de un chiffre suppl\u00e9mentaire affichant les dixi\u00e8mes de seconde. Son affichage clair et net est facile \u00e0 lire m\u00eame lors des parties les plus intenses.<\/p>\n<p>Sa configuration simple permet aux joueurs de commencer rapidement les parties, faisant de cette horloge un excellent choix pour les parties amicales rapides. Ce syst\u00e8me de quotient permet de d\u00e9finir des temps diff\u00e9rents pour chaque joueur, ajoutant ainsi une nouvelle dimension strat\u00e9gique et une plus grande \u00e9quit\u00e9 au jeu. Cette horloge d'\u00e9checs n'est pas seulement un instrument de mesure du temps, elle t\u00e9moigne \u00e9galement de l'innovation et de l'\u00e9l\u00e9gance des \u00e9checs modernes.<\/p>","protected":false},"excerpt":{"rendered":"<p>La DGT 1500 est une horloge d\u2019\u00e9checs num\u00e9rique id\u00e9ale pour le blitz et les parties rapides. Elle dispose d\u2019un \u00e9cran clair, d\u2019une utilisation simple et prend en charge Fischer et le d\u00e9lai. Id\u00e9ale pour les d\u00e9butants et l\u2019entra\u00eenement.<br \/>\n<a href=\"https:\/\/chessgamesemporium.com\/wp-content\/uploads\/2025\/01\/MAN_71029_User-manual-DGT1500_All-Lang_V1.7.5.pdf\" target=\"_blank\" rel=\"noopener\">manuel d'utilisation<\/a><\/p>","protected":false},"featured_media":59175,"comment_status":"open","ping_status":"closed","template":"","meta":{"_seopress_robots_primary_cat":"none","_seopress_titles_title":"","_seopress_titles_desc":"","_seopress_robots_index":""},"product_brand":[],"product_cat":[520,513],"product_tag":[],"class_list":{"0":"post-59166","1":"product","2":"type-product","3":"status-publish","4":"has-post-thumbnail","6":"product_cat-digitalne-ure","7":"product_cat-sahovske-ure","9":"entry","10":"has-media","12":"first","13":"instock","14":"taxable","15":"shipping-taxable","16":"purchasable","17":"product-type-variable","18":"has-product-nav","19":"col","20":"span_1_of_4","21":"owp-content-center","22":"item-entry","23":"owp-thumbs-layout-horizontal","24":"owp-btn-normal","25":"owp-tabs-layout-section"},"wcpa_form_fields":null,"_links":{"self":[{"href":"https:\/\/chessgamesemporium.com\/fr\/wp-json\/wp\/v2\/product\/59166","targetHints":{"allow":["GET"]}}],"collection":[{"href":"https:\/\/chessgamesemporium.com\/fr\/wp-json\/wp\/v2\/product"}],"about":[{"href":"https:\/\/chessgamesemporium.com\/fr\/wp-json\/wp\/v2\/types\/product"}],"replies":[{"embeddable":true,"href":"https:\/\/chessgamesemporium.com\/fr\/wp-json\/wp\/v2\/comments?post=59166"}],"version-history":[{"count":0,"href":"https:\/\/chessgamesemporium.com\/fr\/wp-json\/wp\/v2\/product\/59166\/revisions"}],"wp:featuredmedia":[{"embeddable":true,"href":"https:\/\/chessgamesemporium.com\/fr\/wp-json\/wp\/v2\/media\/59175"}],"wp:attachment":[{"href":"https:\/\/chessgamesemporium.com\/fr\/wp-json\/wp\/v2\/media?parent=59166"}],"wp:term":[{"taxonomy":"product_brand","embeddable":true,"href":"https:\/\/chessgamesemporium.com\/fr\/wp-json\/wp\/v2\/product_brand?post=59166"},{"taxonomy":"product_cat","embeddable":true,"href":"https:\/\/chessgamesemporium.com\/fr\/wp-json\/wp\/v2\/product_cat?post=59166"},{"taxonomy":"product_tag","embeddable":true,"href":"https:\/\/chessgamesemporium.com\/fr\/wp-json\/wp\/v2\/product_tag?post=59166"}],"curies":[{"name":"wp","href":"https:\/\/api.w.org\/{rel}","templated":true}]}}