{"id":59187,"date":"2025-01-17T09:46:59","date_gmt":"2025-01-17T09:46:59","guid":{"rendered":"https:\/\/chessgamesemporium.com\/?post_type=product&#038;p=59187"},"modified":"2026-04-10T09:02:22","modified_gmt":"2026-04-10T09:02:22","slug":"100-endgames-you-should-know","status":"publish","type":"product","link":"https:\/\/chessgamesemporium.com\/fr\/shop\/livres-echecs\/fins-de-partie\/100-endgames-you-should-know\/","title":{"rendered":"100 ENDGAMES YOU MUST KNOW"},"content":{"rendered":"<p data-start=\"327\" data-end=\"450\">Autor: Jesus de la Villa<br data-start=\"351\" data-end=\"354\" \/>A\u00f1o de publicaci\u00f3n: 2015<br data-start=\"371\" data-end=\"374\" \/>Langue : anglais<br data-start=\"389\" data-end=\"392\" \/>N\u00famero de p\u00e1ginas: 257<br data-start=\"407\" data-end=\"410\" \/>Format : 23,5 \u00d7 17 cm<br data-start=\"430\" data-end=\"433\" \/>Couverture : souple<\/p>\n<p data-start=\"452\" data-end=\"1034\">La bonne nouvelle concernant les finales est qu\u2019il en existe relativement peu qu\u2019un joueur d\u2019\u00e9checs doit r\u00e9ellement ma\u00eetriser, et une fois apprises, ces connaissances restent pour toujours. La mauvaise nouvelle est que de nombreux joueurs ont encore des difficult\u00e9s avec la technique des finales, notamment \u00e0 cause des contr\u00f4les de temps modernes qui laissent peu de place \u00e0 l\u2019analyse approfondie. Dans 100 Endgames You Must Know, Jes\u00fas de la Villa d\u00e9monte le mythe selon lequel la th\u00e9orie des finales est compliqu\u00e9e et apprend \u00e0 diriger la partie vers des positions connues et ma\u00eetris\u00e9es.<\/p>\n<p data-start=\"1036\" data-end=\"1215\">\ud83d\udcd8 Le livre inclut uniquement les finales les plus importantes qui :<br data-start=\"1087\" data-end=\"1090\" \/>\u2714 apparaissent le plus souvent dans la pratique<br data-start=\"1127\" data-end=\"1130\" \/>\u2714 sont faciles \u00e0 apprendre<br data-start=\"1154\" data-end=\"1157\" \/>\u2714 contiennent des id\u00e9es utiles dans des positions plus complexes<\/p>\n<p data-start=\"1217\" data-end=\"1476\">\ud83d\udcc8 En \u00e9tudiant ce livre, vous am\u00e9liorerez consid\u00e9rablement votre jeu gr\u00e2ce \u00e0 :<br data-start=\"1293\" data-end=\"1296\" \/>\u2714 des r\u00e8gles claires et simples<br data-start=\"1324\" data-end=\"1327\" \/>\u2714 des explications d\u00e9taill\u00e9es et faciles \u00e0 comprendre<br data-start=\"1359\" data-end=\"1362\" \/>\u2714 de nombreux diagrammes pour faciliter l\u2019apprentissage<br data-start=\"1396\" data-end=\"1399\" \/>\u2714 des r\u00e9sum\u00e9s clairs des id\u00e9es cl\u00e9s<br data-start=\"1433\" data-end=\"1436\" \/>\u2714 de nombreux tests pour v\u00e9rifier vos progr\u00e8s<\/p>\n<p data-start=\"1478\" data-end=\"1669\">Ce livre est consid\u00e9r\u00e9 comme l\u2019un des ouvrages les plus populaires et recommand\u00e9s pour apprendre les finales et aide les joueurs de tous niveaux \u00e0 am\u00e9liorer leur compr\u00e9hension du jeu et \u00e0 convertir les positions gagnantes avec assurance.<\/p>\n<p data-start=\"1671\" data-end=\"1806\">\ud83c\udfc6 Jes\u00fas de la Villa (1958) est un grand ma\u00eetre international espagnol, entra\u00eeneur reconnu et auteur \u00e0 succ\u00e8s. Il a remport\u00e9 deux fois le championnat d\u2019Espagne et est consid\u00e9r\u00e9 comme l\u2019un des principaux experts des finales.<\/p>","protected":false},"excerpt":{"rendered":"<p>100 Endgames You Must Know est l\u2019un des livres les plus populaires pour apprendre les finales. Aide les joueurs de tous niveaux \u00e0 am\u00e9liorer leur jeu et gagner plus de parties.<\/p>\n<p><a href=\"https:\/\/chessgamesemporium.com\/wp-content\/uploads\/2025\/01\/9026.pdf\" target=\"_blank\" rel=\"noopener\">Extrait PDF<\/a><\/p>","protected":false},"featured_media":59191,"comment_status":"open","ping_status":"closed","template":"","meta":{"_seopress_robots_primary_cat":"none","_seopress_titles_title":"","_seopress_titles_desc":"","_seopress_robots_index":""},"product_brand":[],"product_cat":[609,512],"product_tag":[],"class_list":{"0":"post-59187","1":"product","2":"type-product","3":"status-publish","4":"has-post-thumbnail","6":"product_cat-koncnice","7":"product_cat-sahovske-knjige","8":"pa_avtor-jesus-de-la-villa","9":"pa_leto-izdaje-852","10":"pa_nivo-knjige-srednji","11":"pa_stran-oboje-nevtralno","12":"pa_tip-knjige-koncnice","13":"pa_zalozba-new-in-chess","15":"entry","16":"has-media","18":"first","19":"instock","20":"taxable","21":"shipping-taxable","22":"purchasable","23":"product-type-simple","24":"has-product-nav","25":"col","26":"span_1_of_4","27":"owp-content-center","28":"item-entry","29":"owp-thumbs-layout-horizontal","30":"owp-btn-normal","31":"owp-tabs-layout-section","32":"has-no-thumbnails"},"wcpa_form_fields":null,"_links":{"self":[{"href":"https:\/\/chessgamesemporium.com\/fr\/wp-json\/wp\/v2\/product\/59187","targetHints":{"allow":["GET"]}}],"collection":[{"href":"https:\/\/chessgamesemporium.com\/fr\/wp-json\/wp\/v2\/product"}],"about":[{"href":"https:\/\/chessgamesemporium.com\/fr\/wp-json\/wp\/v2\/types\/product"}],"replies":[{"embeddable":true,"href":"https:\/\/chessgamesemporium.com\/fr\/wp-json\/wp\/v2\/comments?post=59187"}],"version-history":[{"count":0,"href":"https:\/\/chessgamesemporium.com\/fr\/wp-json\/wp\/v2\/product\/59187\/revisions"}],"wp:featuredmedia":[{"embeddable":true,"href":"https:\/\/chessgamesemporium.com\/fr\/wp-json\/wp\/v2\/media\/59191"}],"wp:attachment":[{"href":"https:\/\/chessgamesemporium.com\/fr\/wp-json\/wp\/v2\/media?parent=59187"}],"wp:term":[{"taxonomy":"product_brand","embeddable":true,"href":"https:\/\/chessgamesemporium.com\/fr\/wp-json\/wp\/v2\/product_brand?post=59187"},{"taxonomy":"product_cat","embeddable":true,"href":"https:\/\/chessgamesemporium.com\/fr\/wp-json\/wp\/v2\/product_cat?post=59187"},{"taxonomy":"product_tag","embeddable":true,"href":"https:\/\/chessgamesemporium.com\/fr\/wp-json\/wp\/v2\/product_tag?post=59187"}],"curies":[{"name":"wp","href":"https:\/\/api.w.org\/{rel}","templated":true}]}}