{"id":59259,"date":"2025-01-27T12:13:36","date_gmt":"2025-01-27T12:13:36","guid":{"rendered":"https:\/\/chessgamesemporium.com\/?post_type=product&#038;p=59259"},"modified":"2026-03-06T14:04:15","modified_gmt":"2026-03-06T14:04:15","slug":"the-tricky-tromp","status":"publish","type":"product","link":"https:\/\/chessgamesemporium.com\/fr\/shop\/livres-echecs\/ouvertures-echecs\/the-tricky-tromp\/","title":{"rendered":"The Tricky Tromp"},"content":{"rendered":"<p>Avtor: Richard Palliser<br \/>\nLeto izdaje: 2024<br \/>\nLangue : Anglais<br \/>\n\u0160t. strani: 272<br \/>\nFormat: 23,5 x 17 cm<br \/>\nCouverture : souple<\/p>\n<p>IM Richard Palliser ori\u0161e borbeni repertoar Trompowskega (1. d4 Sf6 2. Lg5) za belega. Analizirane variante obravnavajo vse obi\u010dajne odgovore \u010drnega.<\/p>\n<p>Ve\u010dni favorit kreativnih igralcev, &#8216;Tromp&#8217; \u017ee od samega za\u010detka postavlja zapletene te\u017eave za \u010drnega. Igral ga je Anand v dvoboju za svetovnega prvaka, Carlsen, Nakamura, Erigaisi, Praggnanandhaa in mnogi drugi vrhunski igralci pa so ga uporabili kot oro\u017eje presene\u010denja. Zaradi neobi\u010dajnih pozicij v tej otvoritvi, se \u010drni lahko hitro znajde v te\u017eavah.<\/p>\n<p>Ena barvita varianta, opisana znotraj, je drzna 1. d4 Nf6 2. Bg5 Ne4 3. h4!? \u2013 priljubljena izbira &#8216;gospoda Trompowskega&#8217;, \u0161tirikratnega britanskega prvaka, Julian Hodgsona. Ta varianta ohranja svojo mo\u010d tudi v letu 2024, kar vodi do nenavadne in bogate igre v srednji igri.<\/p>\n<p>IM Richard Palliser je zelo izku\u0161en \u0161ahovski pisec in uvodni strokovnjak, ki je tesno sodeloval z Gawainom Jonesom in Simonom Williamsom. Je tudi urednik revije CHESS Magazine in avtor \u0161tevilnih knjig, vklju\u010dno z Starting Out: The Trompowsky Attack leta 2009.<\/p>","protected":false},"excerpt":{"rendered":"<p>Avtor: Richard Palliser Leto izdaje: 2024 Jezik: Angle\u0161ki \u0160t. strani: 272 Format: 23,5 x 17 cm Platnice: mehke IM Richard Palliser ori\u0161e borbeni repertoar Trompowskega (1. d4 Sf6 2. Lg5) za belega. Analizirane variante obravnavajo vse obi\u010dajne odgovore \u010drnega. Ve\u010dni favorit kreativnih igralcev, &#8216;Tromp&#8217; \u017ee od samega za\u010detka postavlja zapletene te\u017eave za \u010drnega. Igral ga [&hellip;]<\/p>","protected":false},"featured_media":59263,"comment_status":"open","ping_status":"closed","template":"","meta":{"_seopress_robots_primary_cat":"none","_seopress_titles_title":"","_seopress_titles_desc":"","_seopress_robots_index":""},"product_brand":[],"product_cat":[605,512],"product_tag":[],"class_list":{"0":"post-59259","1":"product","2":"type-product","3":"status-publish","4":"has-post-thumbnail","6":"product_cat-otvoritve","7":"product_cat-sahovske-knjige","8":"pa_avtor-richard-palliser","9":"pa_glavna-linija-1-d4-nf6-2-bg5","10":"pa_leto-izdaje-1023","11":"pa_nivo-knjige-srednji","12":"pa_otvoritev-tema-trompowsky","13":"pa_stran-oboje-nevtralno","14":"pa_tip-knjige-otvoritve","15":"pa_zalozba-popular-chess","17":"entry","18":"has-media","20":"first","21":"instock","22":"taxable","23":"shipping-taxable","24":"purchasable","25":"product-type-simple","26":"has-product-nav","27":"col","28":"span_1_of_4","29":"owp-content-center","30":"item-entry","31":"owp-thumbs-layout-horizontal","32":"owp-btn-normal","33":"owp-tabs-layout-section","34":"has-no-thumbnails"},"wcpa_form_fields":null,"_links":{"self":[{"href":"https:\/\/chessgamesemporium.com\/fr\/wp-json\/wp\/v2\/product\/59259","targetHints":{"allow":["GET"]}}],"collection":[{"href":"https:\/\/chessgamesemporium.com\/fr\/wp-json\/wp\/v2\/product"}],"about":[{"href":"https:\/\/chessgamesemporium.com\/fr\/wp-json\/wp\/v2\/types\/product"}],"replies":[{"embeddable":true,"href":"https:\/\/chessgamesemporium.com\/fr\/wp-json\/wp\/v2\/comments?post=59259"}],"version-history":[{"count":0,"href":"https:\/\/chessgamesemporium.com\/fr\/wp-json\/wp\/v2\/product\/59259\/revisions"}],"wp:featuredmedia":[{"embeddable":true,"href":"https:\/\/chessgamesemporium.com\/fr\/wp-json\/wp\/v2\/media\/59263"}],"wp:attachment":[{"href":"https:\/\/chessgamesemporium.com\/fr\/wp-json\/wp\/v2\/media?parent=59259"}],"wp:term":[{"taxonomy":"product_brand","embeddable":true,"href":"https:\/\/chessgamesemporium.com\/fr\/wp-json\/wp\/v2\/product_brand?post=59259"},{"taxonomy":"product_cat","embeddable":true,"href":"https:\/\/chessgamesemporium.com\/fr\/wp-json\/wp\/v2\/product_cat?post=59259"},{"taxonomy":"product_tag","embeddable":true,"href":"https:\/\/chessgamesemporium.com\/fr\/wp-json\/wp\/v2\/product_tag?post=59259"}],"curies":[{"name":"wp","href":"https:\/\/api.w.org\/{rel}","templated":true}]}}