{"id":59266,"date":"2025-01-27T12:44:01","date_gmt":"2025-01-27T12:44:01","guid":{"rendered":"https:\/\/chessgamesemporium.com\/?post_type=product&#038;p=59266"},"modified":"2026-03-12T07:30:07","modified_gmt":"2026-03-12T07:30:07","slug":"100-tactical-patterns-you-must-know","status":"publish","type":"product","link":"https:\/\/chessgamesemporium.com\/fr\/shop\/livres-echecs\/strategie-et-tactique\/100-tactical-patterns-you-must-know\/","title":{"rendered":"100 Tactical Patterns You Must Know"},"content":{"rendered":"<p>Avtor: Frank Erwich<br \/>\nLeto izdaje: 2024<br \/>\nLangue : Anglais<br \/>\n\u0160t. strani: 352<br \/>\nDimensiones: 24 x 17 cm<br \/>\nCouverture : souple<\/p>\n<p>\u0160ah je 99% taktika. Pri takti\u010dnih vzorcih gre za neposredne gro\u017enje, ki dajejo takoj\u0161nje rezultate. \u010ce se nau\u010dite 100 takti\u010dnih vzorcev, ki jih morate poznati, boste dramati\u010dno izbolj\u0161ali svojo uspe\u0161nost.\u00a0Na tristo straneh vas izku\u0161eni \u0161ahovski trener Frank Erwich nau\u010di vseh takti\u010dnih vzorcev kateri:<\/p>\n<p>se pojavljajo najpogosteje<br \/>\nse je enostavno nau\u010diti<br \/>\nuporabni v prakti\u010dnih igrah<\/p>\n<p>Dobili boste ogromno jasnih, jedrnatih in preprostih navodil za \u0161ahovsko taktiko, ki so idealna za vsakega za\u010detnika, klubskega igralca in mojstrskega kandidata, ki \u017eeli zmagati ve\u010d partij.<\/p>\n<p>Frank Erwich je mojster FIDE in izku\u0161en \u0161ahovski trener iz Nizozemske. Je magister psihologije. Frank je urednik knjig za New In Chess in je izdal uspe\u0161nici: 1001 \u0161ahovskih vaj za klubske igralce in 1001 \u0161ahovskih vaj za napredne klubske igralce.<\/p>","protected":false},"excerpt":{"rendered":"<p><a href=\"https:\/\/chessgamesemporium.com\/wp-content\/uploads\/2025\/01\/9187.pdf\" target=\"_blank\" rel=\"noopener\">Extrait PDF<\/a><\/p>","protected":false},"featured_media":59272,"comment_status":"open","ping_status":"closed","template":"","meta":{"_seopress_robots_primary_cat":"none","_seopress_titles_title":"","_seopress_titles_desc":"","_seopress_robots_index":""},"product_brand":[],"product_cat":[512,608],"product_tag":[],"class_list":{"0":"post-59266","1":"product","2":"type-product","3":"status-publish","4":"has-post-thumbnail","6":"product_cat-sahovske-knjige","7":"product_cat-strategija-in-taktika","8":"pa_avtor-frank-erwich","9":"pa_leto-izdaje-1023","10":"pa_nivo-knjige-srednji","11":"pa_stran-oboje-nevtralno","12":"pa_tip-knjige-taktika","13":"pa_zalozba-new-in-chess","15":"entry","16":"has-media","18":"first","19":"instock","20":"taxable","21":"shipping-taxable","22":"purchasable","23":"product-type-simple","24":"has-product-nav","25":"col","26":"span_1_of_4","27":"owp-content-center","28":"item-entry","29":"owp-thumbs-layout-horizontal","30":"owp-btn-normal","31":"owp-tabs-layout-section","32":"has-no-thumbnails"},"wcpa_form_fields":null,"_links":{"self":[{"href":"https:\/\/chessgamesemporium.com\/fr\/wp-json\/wp\/v2\/product\/59266","targetHints":{"allow":["GET"]}}],"collection":[{"href":"https:\/\/chessgamesemporium.com\/fr\/wp-json\/wp\/v2\/product"}],"about":[{"href":"https:\/\/chessgamesemporium.com\/fr\/wp-json\/wp\/v2\/types\/product"}],"replies":[{"embeddable":true,"href":"https:\/\/chessgamesemporium.com\/fr\/wp-json\/wp\/v2\/comments?post=59266"}],"version-history":[{"count":0,"href":"https:\/\/chessgamesemporium.com\/fr\/wp-json\/wp\/v2\/product\/59266\/revisions"}],"wp:featuredmedia":[{"embeddable":true,"href":"https:\/\/chessgamesemporium.com\/fr\/wp-json\/wp\/v2\/media\/59272"}],"wp:attachment":[{"href":"https:\/\/chessgamesemporium.com\/fr\/wp-json\/wp\/v2\/media?parent=59266"}],"wp:term":[{"taxonomy":"product_brand","embeddable":true,"href":"https:\/\/chessgamesemporium.com\/fr\/wp-json\/wp\/v2\/product_brand?post=59266"},{"taxonomy":"product_cat","embeddable":true,"href":"https:\/\/chessgamesemporium.com\/fr\/wp-json\/wp\/v2\/product_cat?post=59266"},{"taxonomy":"product_tag","embeddable":true,"href":"https:\/\/chessgamesemporium.com\/fr\/wp-json\/wp\/v2\/product_tag?post=59266"}],"curies":[{"name":"wp","href":"https:\/\/api.w.org\/{rel}","templated":true}]}}