{"id":59376,"date":"2025-02-05T10:58:02","date_gmt":"2025-02-05T10:58:02","guid":{"rendered":"https:\/\/chessgamesemporium.com\/?post_type=product&#038;p=59376"},"modified":"2025-02-05T12:05:21","modified_gmt":"2025-02-05T12:05:21","slug":"sahovski-komplet-valencia","status":"publish","type":"product","link":"https:\/\/chessgamesemporium.com\/fr\/shop\/sahovski-kompleti\/sestavljeni-kompleti\/sahovski-komplet-valencia\/","title":{"rendered":"Jeu d'\u00e9checs Valencia"},"content":{"rendered":"<p>PI\u00c8CES D'\u00c9CHECS EN BOIS<br \/>\nFeutr\u00e9, vernies<\/p>\n<p>Dimensions : (hauteur | largeur de la base)<br \/>\nRoi : 9,2 cm | 3,3 cm<br \/>\nReine : 8,0 cm | 3,3 cm<br \/>\nTour : 5,6 cm | 2,9 cm<br \/>\nFou : 6,7 cm | 2,9 cm<br \/>\nCavalier : 6,0 cm | 3,0 cm<br \/>\nPion : 4,3 cm | 2,7 cm<\/p>\n<p>Mat\u00e9riau : Aulne<\/p>\n<p>\u00c9CHIQUIER EN BOIS<br \/>\nIncrust\u00e9, avec notation, base feutr\u00e9e<\/p>\n<p>Dimensions des cases : 50 x 50 mm<br \/>\nDimensions de l'\u00e9chiquier : 50 x 50 cm<br \/>\n\u00c9paisseur de l'\u00e9chiquier : 1,4 cm<\/p>\n<p>Le jeu d'\u00e9checs Valencia comprend un \u00e9chiquier de qualit\u00e9 et des pi\u00e8ces d'\u00e9checs aux dimensions adapt\u00e9es. Un \u00e9l\u00e9gant coffret de rangement en bois de peuplier est disponible en option.<br \/>\nCe jeu est une excellente id\u00e9e cadeau.<\/p>\n<p>Attention ! Ne convient pas aux enfants de moins de 3 ans en raison des petites pi\u00e8ces ! Risque d'\u00e9touffement.<\/p>","protected":false},"excerpt":{"rendered":"<p>LESENE \u0160AHOVSKE FIGURE Podlo\u017eene, lakirane Dimenzije: (vi\u0161ina figure | premer podlage): Kralj: 9,2 cm | 3,3 cm Dama: 8,0 cm | 3,3 cm Top: 5,6 cm | 2,9 cm Lovec: 6,7 cm | 2,9 cm Skaka\u010d: 6,0 cm | 3,0 cm Kmet: 4,3 cm | 2,7 cm Material: Jel\u0161a LESENA \u0160AHOVNICA Intarzija, z notacijo, podlo\u017eena [&hellip;]<\/p>","protected":false},"featured_media":59390,"comment_status":"open","ping_status":"closed","template":"","meta":{"_seopress_robots_primary_cat":"none","_seopress_titles_title":"","_seopress_titles_desc":"","_seopress_robots_index":""},"product_brand":[],"product_cat":[581,510],"product_tag":[],"class_list":{"0":"post-59376","1":"product","2":"type-product","3":"status-publish","4":"has-post-thumbnail","6":"product_cat-sestavljeni-kompleti","7":"product_cat-sahovski-kompleti","8":"wcpa_has_options","10":"entry","11":"has-media","13":"first","14":"instock","15":"taxable","16":"shipping-taxable","17":"purchasable","18":"product-type-variable","19":"has-product-nav","20":"col","21":"span_1_of_4","22":"owp-content-center","23":"item-entry","24":"owp-thumbs-layout-horizontal","25":"owp-btn-normal","26":"owp-tabs-layout-section"},"wcpa_form_fields":{"rules":{"pric_overide_base_price":false,"pric_overide_base_price_if_gt_zero":false,"pric_overide_base_price_fully":false,"pric_cal_option_once":false,"pric_use_as_fee":false,"bind_quantity":false,"quantity_bind_formula":false},"fields":[{"type":"text","elementId":"wcpa-text-1666713333654","label":"Gravura ( opcijsko )","description":"Vpi\u0161ite \u017eeljeni tekst za graviranje (npr. Vse najbolj\u0161e, IME, datum ipd.)","desc_type":true,"enablePrice":true,"pricingType":"fixed","price":"7","name":"text-1666713333654","fee_label":"Za naro\u010dnike izven eu, bo davek od\u0161tet na blagajni.","subtype":"text","maxlength":"16","cl_rule":"show","col":6,"relations":false,"form_id":46231,"form_rules":{"pric_cal_option_once":false,"exclude_from_discount":false,"pric_use_as_fee":false,"fee_label":"Fee","render_after_acb":false,"disp_hide_options_price":false}}]},"_links":{"self":[{"href":"https:\/\/chessgamesemporium.com\/fr\/wp-json\/wp\/v2\/product\/59376","targetHints":{"allow":["GET"]}}],"collection":[{"href":"https:\/\/chessgamesemporium.com\/fr\/wp-json\/wp\/v2\/product"}],"about":[{"href":"https:\/\/chessgamesemporium.com\/fr\/wp-json\/wp\/v2\/types\/product"}],"replies":[{"embeddable":true,"href":"https:\/\/chessgamesemporium.com\/fr\/wp-json\/wp\/v2\/comments?post=59376"}],"version-history":[{"count":0,"href":"https:\/\/chessgamesemporium.com\/fr\/wp-json\/wp\/v2\/product\/59376\/revisions"}],"wp:featuredmedia":[{"embeddable":true,"href":"https:\/\/chessgamesemporium.com\/fr\/wp-json\/wp\/v2\/media\/59390"}],"wp:attachment":[{"href":"https:\/\/chessgamesemporium.com\/fr\/wp-json\/wp\/v2\/media?parent=59376"}],"wp:term":[{"taxonomy":"product_brand","embeddable":true,"href":"https:\/\/chessgamesemporium.com\/fr\/wp-json\/wp\/v2\/product_brand?post=59376"},{"taxonomy":"product_cat","embeddable":true,"href":"https:\/\/chessgamesemporium.com\/fr\/wp-json\/wp\/v2\/product_cat?post=59376"},{"taxonomy":"product_tag","embeddable":true,"href":"https:\/\/chessgamesemporium.com\/fr\/wp-json\/wp\/v2\/product_tag?post=59376"}],"curies":[{"name":"wp","href":"https:\/\/api.w.org\/{rel}","templated":true}]}}