{"id":59718,"date":"2025-03-05T10:31:16","date_gmt":"2025-03-05T10:31:16","guid":{"rendered":"https:\/\/chessgamesemporium.com\/?post_type=product&#038;p=59718"},"modified":"2025-03-12T07:52:05","modified_gmt":"2025-03-12T07:52:05","slug":"lesene-sahovske-figure-staunton-olive-5","status":"publish","type":"product","link":"https:\/\/chessgamesemporium.com\/fr\/shop\/sahovske-figure\/lesene-figure\/lesene-sahovske-figure-staunton-olive-5\/","title":{"rendered":"PI\u00c8CES D'\u00c9CHECS EN BOIS STAUNTON OLIVE 5"},"content":{"rendered":"<p data-start=\"0\" data-end=\"216\">Ces pi\u00e8ces d'\u00e9checs de qualit\u00e9, fabriqu\u00e9es en bois d'olivier, sont con\u00e7ues et r\u00e9alis\u00e9es avec un soin m\u00e9ticuleux, jusque dans les moindres d\u00e9tails. Leur poids assure une stabilit\u00e9 optimale et une glisse fluide sur l'\u00e9chiquier. Le jeu comprend une reine suppl\u00e9mentaire pour chaque couleur.<\/p>\n<p data-start=\"285\" data-end=\"674\">L'unicit\u00e9 du bois d'olivier provient de son origine m\u00e9diterran\u00e9enne. Les motifs de son grain \u00e9voquent le soleil, la mer et la campagne. Chaque pi\u00e8ce est v\u00e9ritablement unique. Lors de la fabrication, l'atelier s'impr\u00e8gne des senteurs d'huile et de nature. Nous esp\u00e9rons qu'en jouant avec ce jeu, vous ressentirez vous aussi cette atmosph\u00e8re traditionnelle.<br \/>\nLe jeu comprend une reine blanche et une reine noire suppl\u00e9mentaires.<\/p>\n<p data-start=\"676\" data-end=\"834\" data-is-last-node=\"\" data-is-only-node=\"\"><strong data-start=\"676\" data-end=\"692\">Pr\u00e9sentation<\/strong><br data-start=\"692\" data-end=\"695\" \/>Les pi\u00e8ces sont rang\u00e9es dans un coffret en pin, con\u00e7u sp\u00e9cialement pour elles.<\/p>\n<p data-start=\"676\" data-end=\"834\" data-is-last-node=\"\" data-is-only-node=\"\">Hauteur du roi : 87 mm<\/p>\n<p data-start=\"0\" data-end=\"283\">","protected":false},"excerpt":{"rendered":"<p>Te visokokakovostne \u0161ahovske figure iz olj\u010dnega lesa so bile oblikovane, izdelane in dodelane do zadnje podrobnosti. Vsebujejo ute\u017ei, ki zagotavljajo stabilnost ter popolno te\u017eo za nemoteno drsenje po \u0161ahovnici. Poleg tega je prilo\u017eena tudi dodatna dama vsake barve. Edinstvenost olj\u010dnega lesa izhaja iz njegovega sredozemskega porekla, njegove \u017eile in vzorci pa pripovedujejo zgodbe sonca, vode [&hellip;]<\/p>","protected":false},"featured_media":59726,"comment_status":"open","ping_status":"closed","template":"","meta":{"_seopress_robots_primary_cat":"none","_seopress_titles_title":"","_seopress_titles_desc":"","_seopress_robots_index":""},"product_brand":[],"product_cat":[511,522],"product_tag":[],"class_list":{"0":"post-59718","1":"product","2":"type-product","3":"status-publish","4":"has-post-thumbnail","6":"product_cat-sahovske-figure","7":"product_cat-lesene-figure","9":"entry","10":"has-media","12":"first","13":"instock","14":"taxable","15":"shipping-taxable","16":"purchasable","17":"product-type-simple","18":"has-product-nav","19":"col","20":"span_1_of_4","21":"owp-content-center","22":"item-entry","23":"owp-thumbs-layout-horizontal","24":"owp-btn-normal","25":"owp-tabs-layout-section"},"wcpa_form_fields":null,"_links":{"self":[{"href":"https:\/\/chessgamesemporium.com\/fr\/wp-json\/wp\/v2\/product\/59718","targetHints":{"allow":["GET"]}}],"collection":[{"href":"https:\/\/chessgamesemporium.com\/fr\/wp-json\/wp\/v2\/product"}],"about":[{"href":"https:\/\/chessgamesemporium.com\/fr\/wp-json\/wp\/v2\/types\/product"}],"replies":[{"embeddable":true,"href":"https:\/\/chessgamesemporium.com\/fr\/wp-json\/wp\/v2\/comments?post=59718"}],"version-history":[{"count":0,"href":"https:\/\/chessgamesemporium.com\/fr\/wp-json\/wp\/v2\/product\/59718\/revisions"}],"wp:featuredmedia":[{"embeddable":true,"href":"https:\/\/chessgamesemporium.com\/fr\/wp-json\/wp\/v2\/media\/59726"}],"wp:attachment":[{"href":"https:\/\/chessgamesemporium.com\/fr\/wp-json\/wp\/v2\/media?parent=59718"}],"wp:term":[{"taxonomy":"product_brand","embeddable":true,"href":"https:\/\/chessgamesemporium.com\/fr\/wp-json\/wp\/v2\/product_brand?post=59718"},{"taxonomy":"product_cat","embeddable":true,"href":"https:\/\/chessgamesemporium.com\/fr\/wp-json\/wp\/v2\/product_cat?post=59718"},{"taxonomy":"product_tag","embeddable":true,"href":"https:\/\/chessgamesemporium.com\/fr\/wp-json\/wp\/v2\/product_tag?post=59718"}],"curies":[{"name":"wp","href":"https:\/\/api.w.org\/{rel}","templated":true}]}}