{"id":59738,"date":"2025-03-05T10:38:31","date_gmt":"2025-03-05T10:38:31","guid":{"rendered":"https:\/\/chessgamesemporium.com\/?post_type=product&#038;p=59738"},"modified":"2025-03-12T07:50:34","modified_gmt":"2025-03-12T07:50:34","slug":"lesene-sahovske-figure-spain-olive-5","status":"publish","type":"product","link":"https:\/\/chessgamesemporium.com\/fr\/shop\/sahovske-figure\/lesene-figure\/lesene-sahovske-figure-spain-olive-5\/","title":{"rendered":"PI\u00c8CES D'\u00c9CHECS EN BOIS ANGLAIS OLIVE 4"},"content":{"rendered":"<p data-start=\"0\" data-end=\"216\">Pi\u00e8ces d'\u00e9checs de style anglais. Ce jeu comprend un cavalier sculpt\u00e9 \u00e0 la main et est fabriqu\u00e9 en buis et en bois d'olivier. Les pi\u00e8ces en bois d'olivier sont particuli\u00e8rement belles. La texture unique du bois offre une exp\u00e9rience \u00e9l\u00e9gante et raffin\u00e9e. Chaque pi\u00e8ce est unique : un v\u00e9ritable coup de c\u0153ur !<\/p>\n<p data-start=\"0\" data-end=\"216\">Les pi\u00e8ces sont rang\u00e9es dans un \u00e9l\u00e9gant coffret en bois.<\/p>\n<p data-start=\"676\" data-end=\"834\" data-is-last-node=\"\" data-is-only-node=\"\">Hauteur du roi : 78 mm<\/p>","protected":false},"excerpt":{"rendered":"<p>\u0160ahovske figure angle\u0161kega modela. Preprost konj, vendar ro\u010dno izrezljan. Izdelane so iz pu\u0161pana in olj\u010dnega lesa. Tiste iz olj\u010dnega lesa so \u0161e posebej \u010dudovite. Edinstvena lesna tekstura daje igri poseben in eleganten videz. Dveh enakih figur ne boste na\u0161li \u2013 preprosto osupljive so! Figure so shranjene v li\u010dni leseni \u0161katli. Vi\u0161ina kralja: 78 mm<\/p>","protected":false},"featured_media":59749,"comment_status":"open","ping_status":"closed","template":"","meta":{"_seopress_robots_primary_cat":"none","_seopress_titles_title":"","_seopress_titles_desc":"","_seopress_robots_index":""},"product_brand":[],"product_cat":[511,522],"product_tag":[],"class_list":{"0":"post-59738","1":"product","2":"type-product","3":"status-publish","4":"has-post-thumbnail","6":"product_cat-sahovske-figure","7":"product_cat-lesene-figure","9":"entry","10":"has-media","12":"first","13":"instock","14":"taxable","15":"shipping-taxable","16":"purchasable","17":"product-type-simple","18":"has-product-nav","19":"col","20":"span_1_of_4","21":"owp-content-center","22":"item-entry","23":"owp-thumbs-layout-horizontal","24":"owp-btn-normal","25":"owp-tabs-layout-section"},"wcpa_form_fields":null,"_links":{"self":[{"href":"https:\/\/chessgamesemporium.com\/fr\/wp-json\/wp\/v2\/product\/59738","targetHints":{"allow":["GET"]}}],"collection":[{"href":"https:\/\/chessgamesemporium.com\/fr\/wp-json\/wp\/v2\/product"}],"about":[{"href":"https:\/\/chessgamesemporium.com\/fr\/wp-json\/wp\/v2\/types\/product"}],"replies":[{"embeddable":true,"href":"https:\/\/chessgamesemporium.com\/fr\/wp-json\/wp\/v2\/comments?post=59738"}],"version-history":[{"count":0,"href":"https:\/\/chessgamesemporium.com\/fr\/wp-json\/wp\/v2\/product\/59738\/revisions"}],"wp:featuredmedia":[{"embeddable":true,"href":"https:\/\/chessgamesemporium.com\/fr\/wp-json\/wp\/v2\/media\/59749"}],"wp:attachment":[{"href":"https:\/\/chessgamesemporium.com\/fr\/wp-json\/wp\/v2\/media?parent=59738"}],"wp:term":[{"taxonomy":"product_brand","embeddable":true,"href":"https:\/\/chessgamesemporium.com\/fr\/wp-json\/wp\/v2\/product_brand?post=59738"},{"taxonomy":"product_cat","embeddable":true,"href":"https:\/\/chessgamesemporium.com\/fr\/wp-json\/wp\/v2\/product_cat?post=59738"},{"taxonomy":"product_tag","embeddable":true,"href":"https:\/\/chessgamesemporium.com\/fr\/wp-json\/wp\/v2\/product_tag?post=59738"}],"curies":[{"name":"wp","href":"https:\/\/api.w.org\/{rel}","templated":true}]}}