{"id":59866,"date":"2025-03-24T12:10:51","date_gmt":"2025-03-24T12:10:51","guid":{"rendered":"https:\/\/chessgamesemporium.com\/?post_type=product&#038;p=59866"},"modified":"2026-03-06T14:04:15","modified_gmt":"2026-03-06T14:04:15","slug":"1001-chess-exercises-for-club-players","status":"publish","type":"product","link":"https:\/\/chessgamesemporium.com\/fr\/shop\/livres-echecs\/strategie-et-tactique\/1001-chess-exercises-for-club-players\/","title":{"rendered":"1001 Chess Exercises for Club Players"},"content":{"rendered":"<p>Auteur: Frank Erwich<br \/>\nAnn\u00e9e de publication : 2024<br \/>\nLangue : Anglais<br \/>\nPages: 272<br \/>\nDimensiones: 24 x 17 cm<br \/>\nCouverture : souple<\/p>\n<p>\u00c9dition mise \u00e0 jour avec 6 diagrammes par page<\/p>\n<p>\u0160ah je 99% taktika. Ta slavna ugotovitev ne velja le za za\u010detnike, ampak tudi za klubske igralce (Elo 1500 \u2013 2000). \u010ce \u017eelite zmagati ve\u010d iger, ni\u010d ne deluje bolje kot treniranje kombinacijskih sposobnosti.<\/p>\n<p>Obstajata dve vrsti knjig o taktiki: tiste, ki uvajajo koncepte, ki jim sledi nekaj primerov, in delovni zvezki, ki vsebujejo veliko vaj. Mojster FIDE Frank Erwich je naredil oboje: razlo\u017ei vse klju\u010dne takti\u010dne ideje IN zagotovi ogromno vaj za vsako temo.<\/p>\n<p>Erwich je ustvaril popolno knjigo o taktiki za ambiciozne klubske in turnirske igralce. Popelje vas na naslednjo raven prepoznavanja \u0161ibkih to\u010dk v nasprotnikovem polo\u017eaju, prepoznavanja vzorcev kombinacij, vizualizacije trikov in u\u010dinkovitega ra\u010dunanja. Erwich je vklju\u010dil tudi nov in pomemben element: teste, ki bodo izbolj\u0161ali va\u0161e obrambne sposobnosti.<\/p>\n<p>1001 Chess Exercises for Club Players ni zbirka naklju\u010dno izbranih nalog. Slu\u017ei kot u\u010dbenik, saj so predstavljene samo najbolj didakti\u010dno produktivne vaje. Vsako poglavje se za\u010dne z enostavnimi primeri, a ne skrbite: te\u017eavnostna stopnja se bo vztrajno pove\u010devala.<\/p>","protected":false},"excerpt":{"rendered":"<p><a href=\"https:\/\/chessgamesemporium.com\/wp-content\/uploads\/2025\/03\/9226.pdf\" target=\"_blank\" rel=\"noopener\">Extrait PDF<\/a><\/p>","protected":false},"featured_media":59850,"comment_status":"open","ping_status":"closed","template":"","meta":{"_seopress_robots_primary_cat":"none","_seopress_titles_title":"","_seopress_titles_desc":"","_seopress_robots_index":""},"product_brand":[],"product_cat":[608,512],"product_tag":[],"class_list":{"0":"post-59866","1":"product","2":"type-product","3":"status-publish","4":"has-post-thumbnail","6":"product_cat-strategija-in-taktika","7":"product_cat-sahovske-knjige","8":"pa_avtor-franco-masetti-roberto-messa","9":"pa_leto-izdaje-977","10":"pa_nivo-knjige-srednji","11":"pa_stran-oboje-nevtralno","12":"pa_tip-knjige-taktika","13":"pa_zalozba-new-in-chess","15":"entry","16":"has-media","18":"first","19":"outofstock","20":"taxable","21":"shipping-taxable","22":"purchasable","23":"product-type-simple","24":"has-product-nav","25":"col","26":"span_1_of_4","27":"owp-content-center","28":"item-entry","29":"owp-thumbs-layout-horizontal","30":"owp-btn-normal","31":"owp-tabs-layout-section","32":"has-no-thumbnails"},"wcpa_form_fields":null,"_links":{"self":[{"href":"https:\/\/chessgamesemporium.com\/fr\/wp-json\/wp\/v2\/product\/59866","targetHints":{"allow":["GET"]}}],"collection":[{"href":"https:\/\/chessgamesemporium.com\/fr\/wp-json\/wp\/v2\/product"}],"about":[{"href":"https:\/\/chessgamesemporium.com\/fr\/wp-json\/wp\/v2\/types\/product"}],"replies":[{"embeddable":true,"href":"https:\/\/chessgamesemporium.com\/fr\/wp-json\/wp\/v2\/comments?post=59866"}],"version-history":[{"count":0,"href":"https:\/\/chessgamesemporium.com\/fr\/wp-json\/wp\/v2\/product\/59866\/revisions"}],"wp:featuredmedia":[{"embeddable":true,"href":"https:\/\/chessgamesemporium.com\/fr\/wp-json\/wp\/v2\/media\/59850"}],"wp:attachment":[{"href":"https:\/\/chessgamesemporium.com\/fr\/wp-json\/wp\/v2\/media?parent=59866"}],"wp:term":[{"taxonomy":"product_brand","embeddable":true,"href":"https:\/\/chessgamesemporium.com\/fr\/wp-json\/wp\/v2\/product_brand?post=59866"},{"taxonomy":"product_cat","embeddable":true,"href":"https:\/\/chessgamesemporium.com\/fr\/wp-json\/wp\/v2\/product_cat?post=59866"},{"taxonomy":"product_tag","embeddable":true,"href":"https:\/\/chessgamesemporium.com\/fr\/wp-json\/wp\/v2\/product_tag?post=59866"}],"curies":[{"name":"wp","href":"https:\/\/api.w.org\/{rel}","templated":true}]}}