{"id":60269,"date":"2025-06-11T08:30:17","date_gmt":"2025-06-11T08:30:17","guid":{"rendered":"https:\/\/chessgamesemporium.com\/?post_type=product&#038;p=60269"},"modified":"2026-03-12T07:59:37","modified_gmt":"2026-03-12T07:59:37","slug":"powerhouse-pawn-sacrifices","status":"publish","type":"product","link":"https:\/\/chessgamesemporium.com\/fr\/shop\/livres-echecs\/strategie-et-tactique\/powerhouse-pawn-sacrifices\/","title":{"rendered":"Powerhouse Pawn Sacrifices"},"content":{"rendered":"<p>Avtor: Ivan Cheparinov<br \/>\nLeto izdaje: 2025<br \/>\nLangue : Anglais<br \/>\n\u0160t. strani: 368<br \/>\nDimensiones: 24 x 17 cm<br \/>\nCouverture : souple<\/p>\n<p>Kmet je najmanj\u0161a materialna enota v \u0161ahu, a dobro izvedena \u017ertev kmeta lahko prinese ogromne koristi. Kljub temu se \u0161tevilni igralci tak\u0161nim prilo\u017enostim izogibajo, ker niso prepri\u010dani o posledicah. Mogo\u010dne \u017ertve kmetov vsebuje vse, kar potrebujete za obvladovanje tega klju\u010dnega podro\u010dja \u0161aha. Poleg obravnave dinami\u010dnih in dolgoro\u010dnih \u017ertev velemojster Ivan \u010ceparinov razpravlja tudi o \u017ertvah kmetov, ki se pojavljajo v dolo\u010denih otvoritvenih variantah, pri tem pa povezuje razli\u010dne faze igre in deli dragocene uvide, ki jih je mogo\u010de prenesti tudi na druge polo\u017eaje.<\/p>\n<p>Ivan \u010ceparinov je bolgarski velemojster in nekdanji sekundant Veselina Topalova v \u010dasu, ko je bil slednji svetovni prvak. Osvojil je \u0161tevilne presti\u017ene turnirje in dosegel najvi\u0161ji rating 2718.<\/p>","protected":false},"excerpt":{"rendered":"<p><a href=\"https:\/\/chessgamesemporium.com\/wp-content\/uploads\/2025\/06\/pawn.pdf\">Extrait PDF<\/a><\/p>","protected":false},"featured_media":60266,"comment_status":"open","ping_status":"closed","template":"","meta":{"_seopress_robots_primary_cat":"none","_seopress_titles_title":"","_seopress_titles_desc":"","_seopress_robots_index":""},"product_brand":[],"product_cat":[608,512],"product_tag":[],"class_list":{"0":"post-60269","1":"product","2":"type-product","3":"status-publish","4":"has-post-thumbnail","6":"product_cat-strategija-in-taktika","7":"product_cat-sahovske-knjige","8":"pa_avtor-ivan-cheparinov","9":"pa_leto-izdaje-1034","10":"pa_nivo-knjige-srednji","11":"pa_stran-oboje-nevtralno","12":"pa_tip-knjige-srednja-igra-strategija","13":"pa_zalozba-quality-chess","15":"entry","16":"has-media","18":"first","19":"instock","20":"taxable","21":"shipping-taxable","22":"purchasable","23":"product-type-simple","24":"has-product-nav","25":"col","26":"span_1_of_4","27":"owp-content-center","28":"item-entry","29":"owp-thumbs-layout-horizontal","30":"owp-btn-normal","31":"owp-tabs-layout-section","32":"has-no-thumbnails"},"wcpa_form_fields":null,"_links":{"self":[{"href":"https:\/\/chessgamesemporium.com\/fr\/wp-json\/wp\/v2\/product\/60269","targetHints":{"allow":["GET"]}}],"collection":[{"href":"https:\/\/chessgamesemporium.com\/fr\/wp-json\/wp\/v2\/product"}],"about":[{"href":"https:\/\/chessgamesemporium.com\/fr\/wp-json\/wp\/v2\/types\/product"}],"replies":[{"embeddable":true,"href":"https:\/\/chessgamesemporium.com\/fr\/wp-json\/wp\/v2\/comments?post=60269"}],"version-history":[{"count":0,"href":"https:\/\/chessgamesemporium.com\/fr\/wp-json\/wp\/v2\/product\/60269\/revisions"}],"wp:featuredmedia":[{"embeddable":true,"href":"https:\/\/chessgamesemporium.com\/fr\/wp-json\/wp\/v2\/media\/60266"}],"wp:attachment":[{"href":"https:\/\/chessgamesemporium.com\/fr\/wp-json\/wp\/v2\/media?parent=60269"}],"wp:term":[{"taxonomy":"product_brand","embeddable":true,"href":"https:\/\/chessgamesemporium.com\/fr\/wp-json\/wp\/v2\/product_brand?post=60269"},{"taxonomy":"product_cat","embeddable":true,"href":"https:\/\/chessgamesemporium.com\/fr\/wp-json\/wp\/v2\/product_cat?post=60269"},{"taxonomy":"product_tag","embeddable":true,"href":"https:\/\/chessgamesemporium.com\/fr\/wp-json\/wp\/v2\/product_tag?post=60269"}],"curies":[{"name":"wp","href":"https:\/\/api.w.org\/{rel}","templated":true}]}}