{"id":60278,"date":"2025-06-11T08:44:16","date_gmt":"2025-06-11T08:44:16","guid":{"rendered":"https:\/\/chessgamesemporium.com\/?post_type=product&#038;p=60278"},"modified":"2026-03-12T07:30:48","modified_gmt":"2026-03-12T07:30:48","slug":"100-endgame-studies-you-must-know","status":"publish","type":"product","link":"https:\/\/chessgamesemporium.com\/fr\/shop\/livres-echecs\/fins-de-partie\/100-endgame-studies-you-must-know\/","title":{"rendered":"100 Endgame Studies You Must Know"},"content":{"rendered":"<p>Avtor: Jan Timman<br \/>\nLeto izdaje: 2024<br \/>\nLangue : Anglais<br \/>\n\u0160t. strani: 232<br \/>\nDimensiones: 24 x 17 cm<br \/>\nCouverture : souple<\/p>\n<p data-start=\"54\" data-end=\"447\">Morda najve\u010dja lepota \u0161aha ti\u010di v kon\u010dnicah \u2013 \u0161tudijah. \u010cudoviti preobrati in zapleti na \u0161ahovnici se zdru\u017eijo v prave umetnine. V \u0161tudijah je \u0161ah destiliran v svojo naj\u010distej\u0161o obliko, kjer vse figure izvajajo le najnujnej\u0161e poteze. Kon\u010dnice so obenem tudi zelo koristne za prakti\u010dne \u0161ahiste, saj prikazujejo vzorce, izbolj\u0161ujejo ra\u010dunanje in spodbujajo razmi\u0161ljanje izven ustaljenih okvirov.<\/p>\n<p data-start=\"449\" data-end=\"820\">Velemojstra Jana Timmana so \u0161tudije kon\u010dnic navdu\u0161evale \u017ee od mladosti. Njegovo zanimanje so vedno pritegnili prefinjenost in popolnost, ki ju izra\u017eajo. V zadnjih letih se je njegov fokus s tekmovalnega \u0161aha preusmeril v komponiranje kon\u010dnic, pri \u010demer je prejel \u0161tevilna priznanja. O tem je pisal v knjigi The Art of the Endgame (New In Chess, prenovljena izdaja 2023).<\/p>\n<p data-start=\"822\" data-end=\"1371\">V tej novi knjigi Timman predstavlja sto najbolj\u0161ih \u0161ahovskih kon\u010dnic. V petih poglavjih vas popelje skozi mojstrovine, razvr\u0161\u010dene po stopnji zahtevnosti, za\u010den\u0161i z osnovnimi kon\u010dnicami, kot sta Retijev in Laskerjev manever. \u0160tudije vklju\u010dujejo teme, kot so (manj\u0161a) promocija, nujnica in dominacija \u2013 vse to je lepo ilustrirano in jasno razlo\u017eeno. Ko boste prispeli do zadnjega poglavja z najbolj zapletenimi primeri, boste osupnili nad neskon\u010dnimi mo\u017enostmi \u0161aha in navdihnjeni, da ve\u010djo prefinjenost prenesete tudi v svojo lastno igro kon\u010dnic.<\/p>\n<p data-start=\"1373\" data-end=\"1755\">Jan Timman, finalist svetovnega \u0161ahovskega prvenstva, je avtor \u0161tevilnih uspe\u0161nic. Njegova knjiga Timman\u2019s Titans je prejela nagrado ECF za knjigo leta 2017, njegove novej\u0161e knjige, The Longest Game, The Unstoppable American, Timman\u2019s Triumphs in Max Euwe\u2019s Best Games, pa so bile dele\u017ene \u0161irokega priznanja. Leta 2022 je prejel naziv FIDE mojstra za \u0161ahovsko kompozicijo.<\/p>","protected":false},"excerpt":{"rendered":"<p><a href=\"https:\/\/chessgamesemporium.com\/wp-content\/uploads\/2025\/06\/studies.pdf\">Extrait PDF<\/a><\/p>","protected":false},"featured_media":60267,"comment_status":"open","ping_status":"closed","template":"","meta":{"_seopress_robots_primary_cat":"none","_seopress_titles_title":"","_seopress_titles_desc":"","_seopress_robots_index":""},"product_brand":[],"product_cat":[609,512],"product_tag":[],"class_list":{"0":"post-60278","1":"product","2":"type-product","3":"status-publish","4":"has-post-thumbnail","6":"product_cat-koncnice","7":"product_cat-sahovske-knjige","8":"pa_avtor-jesus-de-la-villa","9":"pa_leto-izdaje-1023","10":"pa_nivo-knjige-srednji","11":"pa_stran-oboje-nevtralno","12":"pa_tip-knjige-koncnice","13":"pa_zalozba-new-in-chess","15":"entry","16":"has-media","18":"first","19":"instock","20":"taxable","21":"shipping-taxable","22":"purchasable","23":"product-type-simple","24":"has-product-nav","25":"col","26":"span_1_of_4","27":"owp-content-center","28":"item-entry","29":"owp-thumbs-layout-horizontal","30":"owp-btn-normal","31":"owp-tabs-layout-section","32":"has-no-thumbnails"},"wcpa_form_fields":null,"_links":{"self":[{"href":"https:\/\/chessgamesemporium.com\/fr\/wp-json\/wp\/v2\/product\/60278","targetHints":{"allow":["GET"]}}],"collection":[{"href":"https:\/\/chessgamesemporium.com\/fr\/wp-json\/wp\/v2\/product"}],"about":[{"href":"https:\/\/chessgamesemporium.com\/fr\/wp-json\/wp\/v2\/types\/product"}],"replies":[{"embeddable":true,"href":"https:\/\/chessgamesemporium.com\/fr\/wp-json\/wp\/v2\/comments?post=60278"}],"version-history":[{"count":0,"href":"https:\/\/chessgamesemporium.com\/fr\/wp-json\/wp\/v2\/product\/60278\/revisions"}],"wp:featuredmedia":[{"embeddable":true,"href":"https:\/\/chessgamesemporium.com\/fr\/wp-json\/wp\/v2\/media\/60267"}],"wp:attachment":[{"href":"https:\/\/chessgamesemporium.com\/fr\/wp-json\/wp\/v2\/media?parent=60278"}],"wp:term":[{"taxonomy":"product_brand","embeddable":true,"href":"https:\/\/chessgamesemporium.com\/fr\/wp-json\/wp\/v2\/product_brand?post=60278"},{"taxonomy":"product_cat","embeddable":true,"href":"https:\/\/chessgamesemporium.com\/fr\/wp-json\/wp\/v2\/product_cat?post=60278"},{"taxonomy":"product_tag","embeddable":true,"href":"https:\/\/chessgamesemporium.com\/fr\/wp-json\/wp\/v2\/product_tag?post=60278"}],"curies":[{"name":"wp","href":"https:\/\/api.w.org\/{rel}","templated":true}]}}