{"id":60982,"date":"2025-11-20T08:45:43","date_gmt":"2025-11-20T08:45:43","guid":{"rendered":"https:\/\/chessgamesemporium.com\/?post_type=product&#038;p=60982"},"modified":"2026-03-12T08:08:13","modified_gmt":"2026-03-12T08:08:13","slug":"practical-chess-strategy","status":"publish","type":"product","link":"https:\/\/chessgamesemporium.com\/fr\/shop\/livres-echecs\/strategie-et-tactique\/practical-chess-strategy\/","title":{"rendered":"Practical Chess Strategy"},"content":{"rendered":"<p>Avtor: Julen Arizmendi<br \/>\nLeto izdaje: 2025<br \/>\nLangue : Anglais<br \/>\n\u0160t. strani: 424<br \/>\nDimensiones: 24 x 17 cm<\/p>\n<p data-start=\"31\" data-end=\"353\">Ali ne bi bilo lepo, \u010de bi imeli nabor pravil, ki bi nas v vsaki \u0161ahovski poziciji vedno usmerila k najbolj\u0161i potezi? Prav to je tisto, kar je velemojster Julen Arizmendi iskal skozi svojo dolgo in uspe\u0161no trenersko kariero, in tukaj deli svojo razsodbo: tega se ne da narediti \u2013 a \u0161e vedno bi si morali prizadevati za to!<\/p>\n<p data-start=\"355\" data-end=\"777\" data-is-last-node=\"\" data-is-only-node=\"\"><em data-start=\"355\" data-end=\"386\">Prakti\u010dna \u0161ahovska strategija<\/em> vas bo nau\u010dila raz\u010dleniti vsako pozicijo na njene temeljne elemente in uporabiti klju\u010dne koncepte, ki vas bodo vodili k najbolj\u0161i potezi in na\u010drtu. GM Arizmendi obravnava primere, kjer nas intuicija pusti na cedilu, u\u010di nas, kako oceniti neuravnote\u017eenosti, ovr\u017ee pogosta napa\u010dna prepri\u010danja o strategiji ter ponuja vaje, s katerimi lahko preizkusite in utrdite novo pridobljeno razumevanje.<\/p>","protected":false},"excerpt":{"rendered":"<p><a href=\"https:\/\/chessgamesemporium.com\/wp-content\/uploads\/2025\/11\/strategy.pdf\" target=\"_blank\" rel=\"noopener\">Extrait PDF<\/a><\/p>","protected":false},"featured_media":60985,"comment_status":"open","ping_status":"closed","template":"","meta":{"_seopress_robots_primary_cat":"none","_seopress_titles_title":"","_seopress_titles_desc":"","_seopress_robots_index":""},"product_brand":[],"product_cat":[608,512],"product_tag":[],"class_list":{"0":"post-60982","1":"product","2":"type-product","3":"status-publish","4":"has-post-thumbnail","6":"product_cat-strategija-in-taktika","7":"product_cat-sahovske-knjige","8":"pa_avtor-julen-arizmendi","9":"pa_leto-izdaje-1034","10":"pa_nivo-knjige-napredni","11":"pa_nivo-knjige-srednji","12":"pa_stran-oboje-nevtralno","13":"pa_tip-knjige-srednja-igra-strategija","14":"pa_zalozba-quality-chess","16":"entry","17":"has-media","19":"first","20":"instock","21":"taxable","22":"shipping-taxable","23":"purchasable","24":"product-type-simple","25":"has-product-nav","26":"col","27":"span_1_of_4","28":"owp-content-center","29":"item-entry","30":"owp-thumbs-layout-horizontal","31":"owp-btn-normal","32":"owp-tabs-layout-section","33":"has-no-thumbnails"},"wcpa_form_fields":null,"_links":{"self":[{"href":"https:\/\/chessgamesemporium.com\/fr\/wp-json\/wp\/v2\/product\/60982","targetHints":{"allow":["GET"]}}],"collection":[{"href":"https:\/\/chessgamesemporium.com\/fr\/wp-json\/wp\/v2\/product"}],"about":[{"href":"https:\/\/chessgamesemporium.com\/fr\/wp-json\/wp\/v2\/types\/product"}],"replies":[{"embeddable":true,"href":"https:\/\/chessgamesemporium.com\/fr\/wp-json\/wp\/v2\/comments?post=60982"}],"version-history":[{"count":0,"href":"https:\/\/chessgamesemporium.com\/fr\/wp-json\/wp\/v2\/product\/60982\/revisions"}],"wp:featuredmedia":[{"embeddable":true,"href":"https:\/\/chessgamesemporium.com\/fr\/wp-json\/wp\/v2\/media\/60985"}],"wp:attachment":[{"href":"https:\/\/chessgamesemporium.com\/fr\/wp-json\/wp\/v2\/media?parent=60982"}],"wp:term":[{"taxonomy":"product_brand","embeddable":true,"href":"https:\/\/chessgamesemporium.com\/fr\/wp-json\/wp\/v2\/product_brand?post=60982"},{"taxonomy":"product_cat","embeddable":true,"href":"https:\/\/chessgamesemporium.com\/fr\/wp-json\/wp\/v2\/product_cat?post=60982"},{"taxonomy":"product_tag","embeddable":true,"href":"https:\/\/chessgamesemporium.com\/fr\/wp-json\/wp\/v2\/product_tag?post=60982"}],"curies":[{"name":"wp","href":"https:\/\/api.w.org\/{rel}","templated":true}]}}