{"id":61100,"date":"2025-12-04T09:39:33","date_gmt":"2025-12-04T09:39:33","guid":{"rendered":"https:\/\/chessgamesemporium.com\/?post_type=product&#038;p=61100"},"modified":"2026-03-09T11:11:16","modified_gmt":"2026-03-09T11:11:16","slug":"exploiting-the-bishop-pair","status":"publish","type":"product","link":"https:\/\/chessgamesemporium.com\/fr\/shop\/livres-echecs\/strategie-et-tactique\/exploiting-the-bishop-pair\/","title":{"rendered":"Exploiting the Bishop pair"},"content":{"rendered":"<p>Avtor: Cyrus Lakdawala<br \/>\nLeto izdaje: 2025<br \/>\nLangue : Anglais<br \/>\n\u0160t. strani: 224<br \/>\nDimensiones: 24 x 17 cm<\/p>\n<p>Vsi \u0161ahisti so \u017ee sli\u0161ali o mo\u010di lovskega para \u2013 a mnogi ne razumejo, kdaj sta dva lovca bolj\u0161a, zakaj sta bolj\u0161a, ko sta, in \u0161e najmanj, kako izkoristiti prednost dveh lovcev, ko jo enkrat dose\u017eemo.<\/p>\n<p>Vpra\u0161anja, kot so ta, so v sredi\u0161\u010du tega osve\u017eujo\u010dega novega projekta, pod katerega se podpisuje zelo ploden in uveljavljen avtor Cyrus Lakdawala. Z minimalno koli\u010dino variant, a z obse\u017enimi razlagami in njegovim prepoznavnim slogom, ameri\u0161ki mednarodni mojster raz\u010dleni to dobro znano, a redko razumljeno tematiko na na\u010din, ki jo naredi dostopno igralcem na vseh stopnjah \u0161ahovskega razvoja. Exploiting the Bishop Pair \u017eeli biti hkrati razburljivo in prijetno branje ter globoko pou\u010den u\u010dbenik, ki ambicioznemu igralcu ponudi vse, kar potrebuje, da v svoj arsenal doda neprecenljivo zmagovalno \u0161ahovsko strategijo.<\/p>\n<p>Cyrus Lakdawala je mednarodni mojster, nekdanji zmagovalec National Open in American Open, ter \u0161estkratni dr\u017eavni prvak. \u0160ah pou\u010duje \u017ee ve\u010d kot 40 let in trenira najbolj\u0161e ameri\u0161ke mladince.<\/p>","protected":false},"excerpt":{"rendered":"<p><a href=\"https:\/\/chessgamesemporium.com\/wp-content\/uploads\/2025\/12\/bishop_pair.pdf\" target=\"_blank\" rel=\"noopener\">Extrait PDF<\/a><\/p>","protected":false},"featured_media":61104,"comment_status":"open","ping_status":"closed","template":"","meta":{"_seopress_robots_primary_cat":"none","_seopress_titles_title":"","_seopress_titles_desc":"","_seopress_robots_index":""},"product_brand":[],"product_cat":[512,608],"product_tag":[],"class_list":{"0":"post-61100","1":"product","2":"type-product","3":"status-publish","4":"has-post-thumbnail","6":"product_cat-sahovske-knjige","7":"product_cat-strategija-in-taktika","8":"pa_avtor-cyrus-lakdawala","9":"pa_leto-izdaje-1034","10":"pa_nivo-knjige-srednji","11":"pa_stran-oboje-nevtralno","12":"pa_tip-knjige-srednja-igra-strategija","13":"pa_zalozba-popular-chess","15":"entry","16":"has-media","18":"first","19":"instock","20":"taxable","21":"shipping-taxable","22":"purchasable","23":"product-type-simple","24":"has-product-nav","25":"col","26":"span_1_of_4","27":"owp-content-center","28":"item-entry","29":"owp-thumbs-layout-horizontal","30":"owp-btn-normal","31":"owp-tabs-layout-section","32":"has-no-thumbnails"},"wcpa_form_fields":null,"_links":{"self":[{"href":"https:\/\/chessgamesemporium.com\/fr\/wp-json\/wp\/v2\/product\/61100","targetHints":{"allow":["GET"]}}],"collection":[{"href":"https:\/\/chessgamesemporium.com\/fr\/wp-json\/wp\/v2\/product"}],"about":[{"href":"https:\/\/chessgamesemporium.com\/fr\/wp-json\/wp\/v2\/types\/product"}],"replies":[{"embeddable":true,"href":"https:\/\/chessgamesemporium.com\/fr\/wp-json\/wp\/v2\/comments?post=61100"}],"version-history":[{"count":0,"href":"https:\/\/chessgamesemporium.com\/fr\/wp-json\/wp\/v2\/product\/61100\/revisions"}],"wp:featuredmedia":[{"embeddable":true,"href":"https:\/\/chessgamesemporium.com\/fr\/wp-json\/wp\/v2\/media\/61104"}],"wp:attachment":[{"href":"https:\/\/chessgamesemporium.com\/fr\/wp-json\/wp\/v2\/media?parent=61100"}],"wp:term":[{"taxonomy":"product_brand","embeddable":true,"href":"https:\/\/chessgamesemporium.com\/fr\/wp-json\/wp\/v2\/product_brand?post=61100"},{"taxonomy":"product_cat","embeddable":true,"href":"https:\/\/chessgamesemporium.com\/fr\/wp-json\/wp\/v2\/product_cat?post=61100"},{"taxonomy":"product_tag","embeddable":true,"href":"https:\/\/chessgamesemporium.com\/fr\/wp-json\/wp\/v2\/product_tag?post=61100"}],"curies":[{"name":"wp","href":"https:\/\/api.w.org\/{rel}","templated":true}]}}