{"id":61106,"date":"2025-12-04T09:48:06","date_gmt":"2025-12-04T09:48:06","guid":{"rendered":"https:\/\/chessgamesemporium.com\/?post_type=product&#038;p=61106"},"modified":"2026-03-09T11:11:56","modified_gmt":"2026-03-09T11:11:56","slug":"exploiting-a-space-advantage","status":"publish","type":"product","link":"https:\/\/chessgamesemporium.com\/fr\/shop\/livres-echecs\/strategie-et-tactique\/exploiting-a-space-advantage\/","title":{"rendered":"Exploiting a space advantage"},"content":{"rendered":"<p>Avtor: Cyrus Lakdawala<br \/>\nLeto izdaje: 2025<br \/>\nLangue : Anglais<br \/>\n\u0160t. strani: 248<br \/>\nDimensiones: 24 x 17 cm<\/p>\n<p>\u0160ahovska tabla je redko dovolj velika za obe vojski, zato prihaja do boja za center in boja za prostor, ki skupaj z materialom in \u010dasom predstavljata klju\u010dne elemente \u0161ahovske strategije.<\/p>\n<p>Kako se borimo za dodaten prostor in kako ga izkoristimo, ko ga osvojimo, je tema tega dela iz serije Winning Chess Strategies, Exploiting a Space Advantage. Cyrus Lakdawala razlo\u017ei, kako nasprotnika stisniti v kot, kdaj prostorska prednost vodi v napad, zakaj moramo biti previdni, da se ne raztegnemo preve\u010d, ter \u0161e mnogo drugih konceptov, ki vam pomagajo bolje razumeti izmuzljivi pojem prostora.<\/p>\n<p>Pripravite se, da se nehate po\u010dutiti utesnjene in za\u010dnete osvajati prostor!<\/p>\n<p>Cyrus Lakdawala je mednarodni mojster, nekdanji zmagovalec National Open in American Open ter \u0161estkratni dr\u017eavni prvak. \u0160ah pou\u010duje \u017ee ve\u010d kot 40 let in trenira najbolj\u0161e ameri\u0161ke mladince.<\/p>","protected":false},"excerpt":{"rendered":"<p><a href=\"https:\/\/chessgamesemporium.com\/wp-content\/uploads\/2025\/12\/space_adv.pdf\" target=\"_blank\" rel=\"noopener\">Extrait PDF<\/a><\/p>","protected":false},"featured_media":61111,"comment_status":"open","ping_status":"closed","template":"","meta":{"_seopress_robots_primary_cat":"none","_seopress_titles_title":"","_seopress_titles_desc":"","_seopress_robots_index":""},"product_brand":[],"product_cat":[608,512],"product_tag":[],"class_list":{"0":"post-61106","1":"product","2":"type-product","3":"status-publish","4":"has-post-thumbnail","6":"product_cat-strategija-in-taktika","7":"product_cat-sahovske-knjige","8":"pa_avtor-cyrus-lakdawala","9":"pa_leto-izdaje-1034","10":"pa_nivo-knjige-srednji","11":"pa_stran-oboje-nevtralno","12":"pa_tip-knjige-srednja-igra-strategija","13":"pa_zalozba-popular-chess","15":"entry","16":"has-media","18":"first","19":"instock","20":"taxable","21":"shipping-taxable","22":"purchasable","23":"product-type-simple","24":"has-product-nav","25":"col","26":"span_1_of_4","27":"owp-content-center","28":"item-entry","29":"owp-thumbs-layout-horizontal","30":"owp-btn-normal","31":"owp-tabs-layout-section","32":"has-no-thumbnails"},"wcpa_form_fields":null,"_links":{"self":[{"href":"https:\/\/chessgamesemporium.com\/fr\/wp-json\/wp\/v2\/product\/61106","targetHints":{"allow":["GET"]}}],"collection":[{"href":"https:\/\/chessgamesemporium.com\/fr\/wp-json\/wp\/v2\/product"}],"about":[{"href":"https:\/\/chessgamesemporium.com\/fr\/wp-json\/wp\/v2\/types\/product"}],"replies":[{"embeddable":true,"href":"https:\/\/chessgamesemporium.com\/fr\/wp-json\/wp\/v2\/comments?post=61106"}],"version-history":[{"count":0,"href":"https:\/\/chessgamesemporium.com\/fr\/wp-json\/wp\/v2\/product\/61106\/revisions"}],"wp:featuredmedia":[{"embeddable":true,"href":"https:\/\/chessgamesemporium.com\/fr\/wp-json\/wp\/v2\/media\/61111"}],"wp:attachment":[{"href":"https:\/\/chessgamesemporium.com\/fr\/wp-json\/wp\/v2\/media?parent=61106"}],"wp:term":[{"taxonomy":"product_brand","embeddable":true,"href":"https:\/\/chessgamesemporium.com\/fr\/wp-json\/wp\/v2\/product_brand?post=61106"},{"taxonomy":"product_cat","embeddable":true,"href":"https:\/\/chessgamesemporium.com\/fr\/wp-json\/wp\/v2\/product_cat?post=61106"},{"taxonomy":"product_tag","embeddable":true,"href":"https:\/\/chessgamesemporium.com\/fr\/wp-json\/wp\/v2\/product_tag?post=61106"}],"curies":[{"name":"wp","href":"https:\/\/api.w.org\/{rel}","templated":true}]}}