{"id":61134,"date":"2025-12-05T10:05:50","date_gmt":"2025-12-05T10:05:50","guid":{"rendered":"https:\/\/chessgamesemporium.com\/?post_type=product&#038;p=61134"},"modified":"2025-12-05T10:07:20","modified_gmt":"2025-12-05T10:07:20","slug":"unikatne-sahovske-nogavice-black-red","status":"publish","type":"product","link":"https:\/\/chessgamesemporium.com\/fr\/shop\/razno-za-sah\/razno-za-sah-razno-za-sah\/unikatne-sahovske-nogavice-black-red\/","title":{"rendered":"Chaussettes d'\u00e9checs uniques BLACK RED"},"content":{"rendered":"<p>Chaussettes d'\u00e9checs uniques<\/p>\n<p>Tailles vari\u00e9es<\/p>\n<p>Mat\u00e9riau :<\/p>\n<p>Coton : 80 %<br \/>\nPolyamide : 17 %<br \/>\n\u00c9lasthanne : 3 %<\/p>\n<p>Du coton de qualit\u00e9 et un design original. Une pinc\u00e9e d'imagination et beaucoup d'\u00e9nergie positive : la recette id\u00e9ale pour des chaussettes \u00e0 essayer absolument !<\/p>","protected":false},"excerpt":{"rendered":"<p>Unikatne \u0161ahovske NOGAVICE Razli\u010dne dimenzije Material: Bomba\u017e: 80 % Poliamid: 17 % Elastan: 3 % Kveliteten bomba\u017e in originalni dizajn. \u0160\u010depec \u010darovnije in veliko pozitivne energije je idealen recept za nogavice, katere enostavno morate obuti.<\/p>","protected":false},"featured_media":61138,"comment_status":"closed","ping_status":"closed","template":"","meta":{"_seopress_robots_primary_cat":"none","_seopress_titles_title":"","_seopress_titles_desc":"","_seopress_robots_index":""},"product_brand":[],"product_cat":[547,548],"product_tag":[],"class_list":{"0":"post-61134","1":"product","2":"type-product","3":"status-publish","4":"has-post-thumbnail","6":"product_cat-razno-za-sah","7":"product_cat-razno-za-sah-razno-za-sah","9":"entry","10":"has-media","12":"first","13":"instock","14":"taxable","15":"shipping-taxable","16":"purchasable","17":"product-type-variable","18":"has-product-nav","19":"col","20":"span_1_of_4","21":"owp-content-center","22":"item-entry","23":"owp-thumbs-layout-horizontal","24":"owp-btn-normal","25":"owp-tabs-layout-section","26":"has-no-thumbnails"},"wcpa_form_fields":null,"_links":{"self":[{"href":"https:\/\/chessgamesemporium.com\/fr\/wp-json\/wp\/v2\/product\/61134","targetHints":{"allow":["GET"]}}],"collection":[{"href":"https:\/\/chessgamesemporium.com\/fr\/wp-json\/wp\/v2\/product"}],"about":[{"href":"https:\/\/chessgamesemporium.com\/fr\/wp-json\/wp\/v2\/types\/product"}],"replies":[{"embeddable":true,"href":"https:\/\/chessgamesemporium.com\/fr\/wp-json\/wp\/v2\/comments?post=61134"}],"version-history":[{"count":0,"href":"https:\/\/chessgamesemporium.com\/fr\/wp-json\/wp\/v2\/product\/61134\/revisions"}],"wp:featuredmedia":[{"embeddable":true,"href":"https:\/\/chessgamesemporium.com\/fr\/wp-json\/wp\/v2\/media\/61138"}],"wp:attachment":[{"href":"https:\/\/chessgamesemporium.com\/fr\/wp-json\/wp\/v2\/media?parent=61134"}],"wp:term":[{"taxonomy":"product_brand","embeddable":true,"href":"https:\/\/chessgamesemporium.com\/fr\/wp-json\/wp\/v2\/product_brand?post=61134"},{"taxonomy":"product_cat","embeddable":true,"href":"https:\/\/chessgamesemporium.com\/fr\/wp-json\/wp\/v2\/product_cat?post=61134"},{"taxonomy":"product_tag","embeddable":true,"href":"https:\/\/chessgamesemporium.com\/fr\/wp-json\/wp\/v2\/product_tag?post=61134"}],"curies":[{"name":"wp","href":"https:\/\/api.w.org\/{rel}","templated":true}]}}