{"id":61186,"date":"2025-12-10T15:15:42","date_gmt":"2025-12-10T15:15:42","guid":{"rendered":"https:\/\/chessgamesemporium.com\/?post_type=product&#038;p=61186"},"modified":"2026-01-06T09:18:12","modified_gmt":"2026-01-06T09:18:12","slug":"remi-karte-sahovske-otvoritve","status":"publish","type":"product","link":"https:\/\/chessgamesemporium.com\/fr\/shop\/razno-za-sah\/razno-za-sah-razno-za-sah\/remi-karte-sahovske-otvoritve\/","title":{"rendered":"Cartes \u00e0 jouer - Ouvertures d'\u00e9checs"},"content":{"rendered":"<p data-start=\"306\" data-end=\"662\">Le jeu de cartes \u00ab Ouvertures d'\u00e9checs \u00bb est un excellent outil pour les joueurs d'\u00e9checs, du d\u00e9butant au joueur interm\u00e9diaire, souhaitant am\u00e9liorer rapidement et efficacement leur strat\u00e9gie d'ouverture. Le jeu comprend 52 cartes illustrant les ouvertures d'\u00e9checs populaires, couramment utilis\u00e9es par les joueurs du monde entier lors de cette phase cruciale de la partie.<\/p>\n<p data-start=\"664\" data-end=\"688\">Chaque carte comprend :<\/p>\n<ul data-start=\"689\" data-end=\"1005\">\n<li data-start=\"689\" data-end=\"763\">\n<p data-start=\"691\" data-end=\"763\"><strong data-start=\"691\" data-end=\"723\">Le nom de l'ouverture en trois langues<\/strong>: anglais, fran\u00e7ais et espagnol<\/p>\n<\/li>\n<li data-start=\"764\" data-end=\"818\">\n<p data-start=\"766\" data-end=\"818\"><strong data-start=\"766\" data-end=\"816\">La r\u00e9f\u00e9rence de l'Encyclop\u00e9die des ouvertures d'\u00e9checs (code ECO)<\/strong><\/p>\n<\/li>\n<li data-start=\"819\" data-end=\"874\">\n<p data-start=\"821\" data-end=\"874\"><strong data-start=\"821\" data-end=\"872\">Le sch\u00e9ma de la position sur l'\u00e9chiquier<\/strong><\/p>\n<\/li>\n<li data-start=\"875\" data-end=\"914\">\n<p data-start=\"877\" data-end=\"914\"><strong data-start=\"877\" data-end=\"912\">Les coups possibles pour les Blancs et les Noirs<\/strong><\/p>\n<\/li>\n<li data-start=\"915\" data-end=\"1005\">\n<p data-start=\"917\" data-end=\"1005\"><strong data-start=\"917\" data-end=\"954\">Les coups suivants les plus fr\u00e9quents<\/strong> pour une meilleure compr\u00e9hension des plans d'ouverture typiques.<\/p>\n<\/li>\n<\/ul>\n<p data-start=\"1007\" data-end=\"1305\">C'est une m\u00e9thode extr\u00eamement pratique et compacte pour m\u00e9moriser les ouvertures d'\u00e9checs, approfondir sa compr\u00e9hension de la th\u00e9orie et apprendre diff\u00e9rents syst\u00e8mes d'ouverture par la pratique et la r\u00e9p\u00e9tition. C'est \u00e9galement un excellent cadeau pour les joueurs d'\u00e9checs, les entra\u00eeneurs, les d\u00e9butants ou tout joueur souhaitant am\u00e9liorer sa pr\u00e9paration aux ouvertures.<\/p>","protected":false},"excerpt":{"rendered":"<p>Remi karte \u0160ahovske otvoritve so odli\u010dno orodje za vse \u0161ahiste \u2013 od za\u010detnikov do naprednih igralcev \u2013 ki \u017eelijo hitro in u\u010dinkovito nau\u010diti \u0161ahovske otvoritve ter izbolj\u0161ati svojo strategijo v otvoritvi. Set vsebuje 52 najpopularnej\u0161ih \u0161ahovskih otvoritev, ki jih igralci po svetu najpogosteje uporabljajo za izbolj\u0161anje poznavanja te klju\u010dne faze igre. Vsaka karta vklju\u010duje: Ime [&hellip;]<\/p>","protected":false},"featured_media":61184,"comment_status":"open","ping_status":"closed","template":"","meta":{"_seopress_robots_primary_cat":"none","_seopress_titles_title":"","_seopress_titles_desc":"","_seopress_robots_index":""},"product_brand":[],"product_cat":[547,548],"product_tag":[],"class_list":{"0":"post-61186","1":"product","2":"type-product","3":"status-publish","4":"has-post-thumbnail","6":"product_cat-razno-za-sah","7":"product_cat-razno-za-sah-razno-za-sah","9":"entry","10":"has-media","12":"first","13":"instock","14":"taxable","15":"shipping-taxable","16":"purchasable","17":"product-type-simple","18":"has-product-nav","19":"col","20":"span_1_of_4","21":"owp-content-center","22":"item-entry","23":"owp-thumbs-layout-horizontal","24":"owp-btn-normal","25":"owp-tabs-layout-section","26":"has-no-thumbnails"},"wcpa_form_fields":null,"_links":{"self":[{"href":"https:\/\/chessgamesemporium.com\/fr\/wp-json\/wp\/v2\/product\/61186","targetHints":{"allow":["GET"]}}],"collection":[{"href":"https:\/\/chessgamesemporium.com\/fr\/wp-json\/wp\/v2\/product"}],"about":[{"href":"https:\/\/chessgamesemporium.com\/fr\/wp-json\/wp\/v2\/types\/product"}],"replies":[{"embeddable":true,"href":"https:\/\/chessgamesemporium.com\/fr\/wp-json\/wp\/v2\/comments?post=61186"}],"version-history":[{"count":0,"href":"https:\/\/chessgamesemporium.com\/fr\/wp-json\/wp\/v2\/product\/61186\/revisions"}],"wp:featuredmedia":[{"embeddable":true,"href":"https:\/\/chessgamesemporium.com\/fr\/wp-json\/wp\/v2\/media\/61184"}],"wp:attachment":[{"href":"https:\/\/chessgamesemporium.com\/fr\/wp-json\/wp\/v2\/media?parent=61186"}],"wp:term":[{"taxonomy":"product_brand","embeddable":true,"href":"https:\/\/chessgamesemporium.com\/fr\/wp-json\/wp\/v2\/product_brand?post=61186"},{"taxonomy":"product_cat","embeddable":true,"href":"https:\/\/chessgamesemporium.com\/fr\/wp-json\/wp\/v2\/product_cat?post=61186"},{"taxonomy":"product_tag","embeddable":true,"href":"https:\/\/chessgamesemporium.com\/fr\/wp-json\/wp\/v2\/product_tag?post=61186"}],"curies":[{"name":"wp","href":"https:\/\/api.w.org\/{rel}","templated":true}]}}