{"id":61372,"date":"2025-12-29T12:33:12","date_gmt":"2025-12-29T12:33:12","guid":{"rendered":"https:\/\/chessgamesemporium.com\/?post_type=product&#038;p=61372"},"modified":"2026-03-12T08:00:39","modified_gmt":"2026-03-12T08:00:39","slug":"the-real-paul-morphy","status":"publish","type":"product","link":"https:\/\/chessgamesemporium.com\/fr\/shop\/livres-echecs\/biografije\/the-real-paul-morphy\/","title":{"rendered":"THE REAL PAUL MORPHY"},"content":{"rendered":"<p data-start=\"27\" data-end=\"496\">Avtor: Charles Hertan<br \/>\nLeto izdaje: 2024<br \/>\nLangue : Anglais<br \/>\n\u0160t. strani: 384<br \/>\nDimensiones: 24 x 17 cm<br \/>\nCouverture : souple<\/p>\n<p data-start=\"27\" data-end=\"496\">Paul Morphy je bil morda najbolj briljanten in hkrati najbolj skrivnosten \u0161ahovski prvak vseh \u010dasov. Na \u0161ahovsko prizori\u0161\u010de je eksplodiral leta 1857 kot 20-letnik in v dveh kratkih letih povsem zavladal \u0161ahovskemu svetu, prepri\u010dljivo premagal vse najmo\u010dnej\u0161e igralce tistega \u010dasa. Po osvojitvi evropske \u0161ahovske scene je bil Morphy splo\u0161no priznan kot najve\u010dji igralec vseh \u010dasov. Toda pri komaj 22 letih se je nenadoma in za vedno umaknil iz resnega tekmovalnega \u0161aha.<\/p>\n<p data-start=\"498\" data-end=\"906\">Morphyjeva veli\u010dina je sijala tako mo\u010dno, da sta ga \u0161e 75 let pozneje svetovna prvaka Lasker in Capablanca \u0161tela za najve\u010djega. \u0160e danes je ob\u010dudovan zaradi svojih briljantnih kombinacij in drugih prispevkov k \u0161ahu. Bobby Fischer ga je imenoval \u00bbmorda najbolj natan\u010den igralec, ki je kdaj \u017eivel\u00ab. Garry Kasparov pa ga je ozna\u010dil za \u00bbprototip mo\u010dnega velemojstra 20. stoletja\u00ab in \u00bbpredhodnika modernega \u0161aha\u00ab.<\/p>\n<p data-start=\"908\" data-end=\"1279\">O Morphyju obstaja veliko pomembnih biografij in zbirk partij. Nagrajeni \u0161ahovski avtor Charles Hertan pa prina\u0161a nekaj novega \u2013 celovito sodobno biografijo, ki se poglobi v njegovo fascinantno zgodovino, razkriva nove podatke o Morphyjevem izvoru ter jih prepleta s poglobljeno analizo njegovih partij, pri \u010demer pogosto postavlja na glavo ve\u010d kot 160 let stare analize.<\/p>\n<p data-start=\"1281\" data-end=\"1642\">Hertan s svojimi izku\u0161njami poklicnega psihoterapevta osvetli Morphyjevo tragi\u010dno du\u0161evno nazadovanje v novi lu\u010di. Avtor obravnava tudi stanje \u0161aha pred Morphyjem ter se vklju\u010duje v sodobno razpravo o vlogi velikih mojstrov Howarda Stauntona in Adolfa Anderssena v \u0161ahovski zgodovini ter o tem, ali bi Morphyjevo obdobje sploh smeli imenovati \u00bbromanti\u010dna doba\u00ab.<\/p>\n<p data-start=\"1644\" data-end=\"1770\"><em data-start=\"1644\" data-end=\"1673\">Knjiga The Real Paul Morphy<\/em> v enem samem zvezku ponuja vse, kar morate vedeti o \u017eivljenju, \u0161ahu in zapu\u0161\u010dini Paula Morphyja.<\/p>\n<p data-start=\"1772\" data-end=\"1961\" data-is-last-node=\"\" data-is-only-node=\"\">Charles Hertan je mojster FIDE iz Massachusettsa z ve\u010d desetletji izku\u0161enj kot \u0161ahovski trener. Je avtor nagrajene knjige <em data-start=\"1894\" data-end=\"1915\">Forcing Chess Moves<\/em> in prodajne uspe\u0161nice <em data-start=\"1938\" data-end=\"1960\">Power Chess for Kids<\/em>.<\/p>","protected":false},"excerpt":{"rendered":"<p><a href=\"https:\/\/chessgamesemporium.com\/wp-content\/uploads\/2025\/12\/9185.pdf\" target=\"_blank\" rel=\"noopener\">Extrait PDF<\/a><\/p>","protected":false},"featured_media":61376,"comment_status":"open","ping_status":"closed","template":"","meta":{"_seopress_robots_primary_cat":"none","_seopress_titles_title":"","_seopress_titles_desc":"","_seopress_robots_index":""},"product_brand":[],"product_cat":[610,512],"product_tag":[],"class_list":{"0":"post-61372","1":"product","2":"type-product","3":"status-publish","4":"has-post-thumbnail","6":"product_cat-biografije","7":"product_cat-sahovske-knjige","8":"pa_avtor-paul-morphy","9":"pa_leto-izdaje-1023","10":"pa_nivo-knjige-srednji","11":"pa_stran-oboje-nevtralno","12":"pa_tip-knjige-biografije-zgodovina","13":"pa_zalozba-new-in-chess","15":"entry","16":"has-media","18":"first","19":"instock","20":"taxable","21":"shipping-taxable","22":"purchasable","23":"product-type-simple","24":"has-product-nav","25":"col","26":"span_1_of_4","27":"owp-content-center","28":"item-entry","29":"owp-thumbs-layout-horizontal","30":"owp-btn-normal","31":"owp-tabs-layout-section","32":"has-no-thumbnails"},"wcpa_form_fields":null,"_links":{"self":[{"href":"https:\/\/chessgamesemporium.com\/fr\/wp-json\/wp\/v2\/product\/61372","targetHints":{"allow":["GET"]}}],"collection":[{"href":"https:\/\/chessgamesemporium.com\/fr\/wp-json\/wp\/v2\/product"}],"about":[{"href":"https:\/\/chessgamesemporium.com\/fr\/wp-json\/wp\/v2\/types\/product"}],"replies":[{"embeddable":true,"href":"https:\/\/chessgamesemporium.com\/fr\/wp-json\/wp\/v2\/comments?post=61372"}],"version-history":[{"count":0,"href":"https:\/\/chessgamesemporium.com\/fr\/wp-json\/wp\/v2\/product\/61372\/revisions"}],"wp:featuredmedia":[{"embeddable":true,"href":"https:\/\/chessgamesemporium.com\/fr\/wp-json\/wp\/v2\/media\/61376"}],"wp:attachment":[{"href":"https:\/\/chessgamesemporium.com\/fr\/wp-json\/wp\/v2\/media?parent=61372"}],"wp:term":[{"taxonomy":"product_brand","embeddable":true,"href":"https:\/\/chessgamesemporium.com\/fr\/wp-json\/wp\/v2\/product_brand?post=61372"},{"taxonomy":"product_cat","embeddable":true,"href":"https:\/\/chessgamesemporium.com\/fr\/wp-json\/wp\/v2\/product_cat?post=61372"},{"taxonomy":"product_tag","embeddable":true,"href":"https:\/\/chessgamesemporium.com\/fr\/wp-json\/wp\/v2\/product_tag?post=61372"}],"curies":[{"name":"wp","href":"https:\/\/api.w.org\/{rel}","templated":true}]}}