{"id":61398,"date":"2026-01-06T10:21:45","date_gmt":"2026-01-06T10:21:45","guid":{"rendered":"https:\/\/chessgamesemporium.com\/?post_type=product&#038;p=61398"},"modified":"2026-03-10T11:38:12","modified_gmt":"2026-03-10T11:38:12","slug":"winning-chess-middlegame","status":"publish","type":"product","link":"https:\/\/chessgamesemporium.com\/fr\/shop\/livres-echecs\/strategie-et-tactique\/winning-chess-middlegame\/","title":{"rendered":"Winning Chess Middlegame Volume 1"},"content":{"rendered":"<p>Avtor: Ivan Sokolov<br \/>\nLeto izdaje: 2025<br \/>\nLangue : Anglais<br \/>\n\u0160t. strani: 344<br \/>\nDimensiones: 24 x 17 cm<br \/>\nCouverture : souple<\/p>\n<p>Kon\u010dno je ta sodobna klasika znova v tisku!<\/p>\n<p>Ste se kdaj spra\u0161evali, zakaj velemojstri v nekaj sekundah prepoznajo, kaj se v \u0161ahovski poziciji v resnici dogaja? Klju\u010d so kme\u010dke strukture, kot v tej prelomni knjigi pojasnjuje Ivan Sokolov.<br \/>\nKnjiga Winning Chess Middlegames obravnava pogosto zapostavljeno, a izjemno pomembno temo kme\u010dkih struktur, ki jih razdeli v \u0161tiri glavne tipe: dvojni kmetje, izolirani kmet, vise\u010di kmetje in kme\u010dka majoriteta.<\/p>\n<p>Z zelo dostopnimi besednimi razlagami in poglobljenimi analizami partij z vrhunske ravni knjiga pomaga re\u0161evati temeljne probleme srednje igre: prostor, napetost in pobudo.<br \/>\nKlubski igralci, ki bodo preu\u010devali Winning Chess Middlegames, bodo:<\/p>\n<p>bistveno izbolj\u0161ali razumevanje v sredi\u0161njici<br \/>\nrazvili natan\u010den ob\u010dutek, katere vrste pozicij najbolj ustrezajo njihovemu slogu igre<br \/>\npridobili novo strate\u0161ko in prakti\u010dno otvoritveno znanje.<\/p>\n<p>Ivan Sokolov snov razlaga poglobljeno, iskreno in objektivno ter dodaja \u0161tevilne anekdote iz vrhunskega \u0161aha; v svojih komentarjih ne prizana\u0161a ne kolegom velemojstrom ne samemu sebi.<\/p>","protected":false},"excerpt":{"rendered":"<p><a href=\"https:\/\/chessgamesemporium.com\/wp-content\/uploads\/2026\/01\/9283.pdf\" target=\"_blank\" rel=\"noopener\">Extrait PDF<\/a><\/p>","protected":false},"featured_media":61401,"comment_status":"open","ping_status":"closed","template":"","meta":{"_seopress_robots_primary_cat":"none","_seopress_titles_title":"","_seopress_titles_desc":"","_seopress_robots_index":""},"product_brand":[],"product_cat":[512,608],"product_tag":[],"class_list":{"0":"post-61398","1":"product","2":"type-product","3":"status-publish","4":"has-post-thumbnail","6":"product_cat-sahovske-knjige","7":"product_cat-strategija-in-taktika","8":"pa_avtor-ivan-sokolov","9":"pa_leto-izdaje-1034","10":"pa_nivo-knjige-srednji","11":"pa_stran-oboje-nevtralno","12":"pa_tip-knjige-srednja-igra-strategija","13":"pa_zalozba-new-in-chess","15":"entry","16":"has-media","18":"first","19":"instock","20":"taxable","21":"shipping-taxable","22":"purchasable","23":"product-type-simple","24":"has-product-nav","25":"col","26":"span_1_of_4","27":"owp-content-center","28":"item-entry","29":"owp-thumbs-layout-horizontal","30":"owp-btn-normal","31":"owp-tabs-layout-section","32":"has-no-thumbnails"},"wcpa_form_fields":null,"_links":{"self":[{"href":"https:\/\/chessgamesemporium.com\/fr\/wp-json\/wp\/v2\/product\/61398","targetHints":{"allow":["GET"]}}],"collection":[{"href":"https:\/\/chessgamesemporium.com\/fr\/wp-json\/wp\/v2\/product"}],"about":[{"href":"https:\/\/chessgamesemporium.com\/fr\/wp-json\/wp\/v2\/types\/product"}],"replies":[{"embeddable":true,"href":"https:\/\/chessgamesemporium.com\/fr\/wp-json\/wp\/v2\/comments?post=61398"}],"version-history":[{"count":0,"href":"https:\/\/chessgamesemporium.com\/fr\/wp-json\/wp\/v2\/product\/61398\/revisions"}],"wp:featuredmedia":[{"embeddable":true,"href":"https:\/\/chessgamesemporium.com\/fr\/wp-json\/wp\/v2\/media\/61401"}],"wp:attachment":[{"href":"https:\/\/chessgamesemporium.com\/fr\/wp-json\/wp\/v2\/media?parent=61398"}],"wp:term":[{"taxonomy":"product_brand","embeddable":true,"href":"https:\/\/chessgamesemporium.com\/fr\/wp-json\/wp\/v2\/product_brand?post=61398"},{"taxonomy":"product_cat","embeddable":true,"href":"https:\/\/chessgamesemporium.com\/fr\/wp-json\/wp\/v2\/product_cat?post=61398"},{"taxonomy":"product_tag","embeddable":true,"href":"https:\/\/chessgamesemporium.com\/fr\/wp-json\/wp\/v2\/product_tag?post=61398"}],"curies":[{"name":"wp","href":"https:\/\/api.w.org\/{rel}","templated":true}]}}