{"id":61411,"date":"2026-01-06T11:28:32","date_gmt":"2026-01-06T11:28:32","guid":{"rendered":"https:\/\/chessgamesemporium.com\/?post_type=product&#038;p=61411"},"modified":"2026-03-09T10:57:01","modified_gmt":"2026-03-09T10:57:01","slug":"beyond-material","status":"publish","type":"product","link":"https:\/\/chessgamesemporium.com\/fr\/shop\/livres-echecs\/strategie-et-tactique\/beyond-material\/","title":{"rendered":"Beyond material"},"content":{"rendered":"<p>Avtor: Davorin Kuljasevic<br \/>\nLeto izdaje: 2019<br \/>\nLangue : Anglais<br \/>\n\u0160t. strani: 336<br \/>\nDimensiones: 24 x 17 cm<br \/>\nCouverture : souple<\/p>\n<p>Za zmago v \u0161ahovski partiji je zelo pogosto treba \u017ertvovati material. Zbrati pogum za tak\u0161no odlo\u010ditev in hkrati pravilno oceniti morebitne koristi je pravi izziv. Klju\u010dno vpra\u0161anje je vedno isto:<br \/>\nkak\u0161no kompenzacijo imam?<\/p>\n<p>Generacije \u0161ahistov so odra\u0161\u010dale z mislijo, da je bila \u017ertev pravilna le, \u010de se je material hitro povrnil \u2013 in to z obrestmi. Skoraj refleksno so porabili ogromno \u010dasa za \u0161tetje in kvantificiranje stati\u010dne vrednosti figur. Toda ali je to res najbolj\u0161i na\u010din za presojo pravilnosti \u017ertve?<\/p>\n<p>V tej knjigi velemojster Davorin Kulja\u0161evi\u0107 u\u010di, kako pri vrednotenju pozicij gledati onkraj materialnega ravnote\u017eja. S \u0161tevilnimi pou\u010dnimi primeri poka\u017ee, kako se dejanska vrednost figur med partijo nenehno spreminja, odvisno od \u0161tevilnih nematerialnih dejavnikov. Nekateri so povezani s prostorom, kot so mobilnost, harmonija figur, opori\u0161\u010da, strukture, odprte linije in diagonale. Drugi so povezani s \u010dasom in razvojem igre: tempo, pobuda, gro\u017enja, napad.<\/p>\n<p>Sodobni \u0161ahisti morajo znati zatreti potrebo po takoj\u0161njem zadovoljstvu. Da bi si pridobili prednost, je pogosto treba \u017eiveti z negotovo kompenzacijo. S \u0161tevilnimi fascinantnimi primeri Kulja\u0161evi\u0107 u\u010di klju\u010dno ve\u0161\u010dino prera\u010dunanega tveganja. Po \u0161tudiju knjige Onkraj materiala bo zmagovanje partij z materialnimi \u017ertvami za vas postalo nekaj povsem naravnega.<\/p>\n<p>Davorin Kulja\u0161evi\u0107 je velemojster, rojen na Hrva\u0161kem. Diplomiral je na univerzi Texas Tech in je v letih 2007 in 2008 nastopal v ligi USCL za ekipo Dallas Destiny, ki je v obeh sezonah osvojila naslov ameri\u0161kega prvaka. Je izku\u0161en trener in zmagovalec \u0161tevilnih turnirjev.<\/p>","protected":false},"excerpt":{"rendered":"<p><a href=\"https:\/\/chessgamesemporium.com\/wp-content\/uploads\/2026\/01\/9088.pdf\" target=\"_blank\" rel=\"noopener\">Extrait PDF<\/a><\/p>","protected":false},"featured_media":61415,"comment_status":"open","ping_status":"closed","template":"","meta":{"_seopress_robots_primary_cat":"none","_seopress_titles_title":"","_seopress_titles_desc":"","_seopress_robots_index":""},"product_brand":[],"product_cat":[608,512],"product_tag":[],"class_list":{"0":"post-61411","1":"product","2":"type-product","3":"status-publish","4":"has-post-thumbnail","6":"product_cat-strategija-in-taktika","7":"product_cat-sahovske-knjige","8":"pa_avtor-davorin-kuljasevic","9":"pa_leto-izdaje-820","10":"pa_nivo-knjige-srednji","11":"pa_stran-oboje-nevtralno","12":"pa_tip-knjige-srednja-igra-strategija","13":"pa_zalozba-new-in-chess","15":"entry","16":"has-media","18":"first","19":"instock","20":"taxable","21":"shipping-taxable","22":"purchasable","23":"product-type-simple","24":"has-product-nav","25":"col","26":"span_1_of_4","27":"owp-content-center","28":"item-entry","29":"owp-thumbs-layout-horizontal","30":"owp-btn-normal","31":"owp-tabs-layout-section","32":"has-no-thumbnails"},"wcpa_form_fields":null,"_links":{"self":[{"href":"https:\/\/chessgamesemporium.com\/fr\/wp-json\/wp\/v2\/product\/61411","targetHints":{"allow":["GET"]}}],"collection":[{"href":"https:\/\/chessgamesemporium.com\/fr\/wp-json\/wp\/v2\/product"}],"about":[{"href":"https:\/\/chessgamesemporium.com\/fr\/wp-json\/wp\/v2\/types\/product"}],"replies":[{"embeddable":true,"href":"https:\/\/chessgamesemporium.com\/fr\/wp-json\/wp\/v2\/comments?post=61411"}],"version-history":[{"count":0,"href":"https:\/\/chessgamesemporium.com\/fr\/wp-json\/wp\/v2\/product\/61411\/revisions"}],"wp:featuredmedia":[{"embeddable":true,"href":"https:\/\/chessgamesemporium.com\/fr\/wp-json\/wp\/v2\/media\/61415"}],"wp:attachment":[{"href":"https:\/\/chessgamesemporium.com\/fr\/wp-json\/wp\/v2\/media?parent=61411"}],"wp:term":[{"taxonomy":"product_brand","embeddable":true,"href":"https:\/\/chessgamesemporium.com\/fr\/wp-json\/wp\/v2\/product_brand?post=61411"},{"taxonomy":"product_cat","embeddable":true,"href":"https:\/\/chessgamesemporium.com\/fr\/wp-json\/wp\/v2\/product_cat?post=61411"},{"taxonomy":"product_tag","embeddable":true,"href":"https:\/\/chessgamesemporium.com\/fr\/wp-json\/wp\/v2\/product_tag?post=61411"}],"curies":[{"name":"wp","href":"https:\/\/api.w.org\/{rel}","templated":true}]}}