{"id":61477,"date":"2026-01-07T09:24:27","date_gmt":"2026-01-07T09:24:27","guid":{"rendered":"https:\/\/chessgamesemporium.com\/?post_type=product&#038;p=61477"},"modified":"2026-03-09T11:21:44","modified_gmt":"2026-03-09T11:21:44","slug":"the-how-to-study-chess-on-your-own-workbook-2-kopija","status":"publish","type":"product","link":"https:\/\/chessgamesemporium.com\/fr\/shop\/livres-echecs\/strategie-et-tactique\/the-how-to-study-chess-on-your-own-workbook-2-kopija\/","title":{"rendered":"The how to study chess on your own workbook 2"},"content":{"rendered":"<p>Volume 2<br \/>\nExercises and Training for Chess Improvers (1500-1800 ELO)<\/p>\n<p>Avtor: Davorin Kuljasevic<br \/>\nLeto izdaje: 2023<br \/>\nLangue : Anglais<br \/>\n\u0160t. strani: 200<br \/>\nDimensiones: 24 x 17 cm<br \/>\nCouverture : souple<\/p>\n<p data-start=\"41\" data-end=\"445\">Ta delovni zvezek, drugi zvezek v seriji How to Study Chess on Your Own Davorina Kulja\u0161evi\u0107a, je optimiziran za \u0161ahiste z Elo ratingom med 1500 in 1800, vendar je koristen za vse igralce v razponu pribli\u017eno od 1200 do 2000. Osupljiv uspeh njegove knjige How to Study Chess on Your Own je pokazal, da si na tiso\u010de \u0161ahistov \u017eeli izbolj\u0161ati svojo igro in da radi vsaj del treninga opravljajo samostojno.<\/p>\n<p data-start=\"447\" data-end=\"649\">Kulja\u0161evi\u0107 je s pomo\u010djo svojih trenerskih izku\u0161enj prepoznal tipi\u010dne napake klubskih igralcev ter oblikoval \u0161irok in zanimiv vadbeni program za njihovo odpravljanje. Naloge, kot so te, vas bodo izzvale:<\/p>\n<ul data-start=\"651\" data-end=\"849\">\n<li data-start=\"651\" data-end=\"687\">\n<p data-start=\"653\" data-end=\"687\">re\u0161evanje vizualizacijskih nalog<\/p>\n<\/li>\n<li data-start=\"688\" data-end=\"763\">\n<p data-start=\"690\" data-end=\"763\">iskanje najbolj\u0161e poteze v srednji igri \u2013 ter odkrivanje skrite taktike<\/p>\n<\/li>\n<li data-start=\"764\" data-end=\"813\">\n<p data-start=\"766\" data-end=\"813\">ocenjevanje klju\u010dne odlo\u010ditve o menjavi figur<\/p>\n<\/li>\n<li data-start=\"814\" data-end=\"849\">\n<p data-start=\"816\" data-end=\"849\">analiziranje prakti\u010dne kon\u010dnice<\/p>\n<\/li>\n<\/ul>\n<p data-start=\"851\" data-end=\"923\">S temi vajami in orodji lahko vsak \u0161tudent \u0161aha takoj za\u010dne s treningom.<\/p>\n<p data-start=\"925\" data-end=\"1258\">Davorin Kulja\u0161evi\u0107 je mednarodni velemojster, rojen na Hrva\u0161kem. Diplomiral je na univerzi Texas Tech in je izku\u0161en trener. Njegova prodajna uspe\u0161nica Beyond Material: Ignore the Face Value of Your Pieces je bila finalistka nagrade Boleslavsky\u2013Averbakh za najbolj\u0161o \u0161ahovsko knjigo, ki jo podeljuje FIDE, Mednarodna \u0161ahovska zveza.<\/p>","protected":false},"excerpt":{"rendered":"<p><a href=\"https:\/\/chessgamesemporium.com\/wp-content\/uploads\/2026\/01\/9172.pdf\" target=\"_blank\" rel=\"noopener\">Extrait PDF<\/a><\/p>","protected":false},"featured_media":61434,"comment_status":"open","ping_status":"closed","template":"","meta":{"_seopress_robots_primary_cat":"none","_seopress_titles_title":"","_seopress_titles_desc":"","_seopress_robots_index":""},"product_brand":[],"product_cat":[512,608],"product_tag":[],"class_list":{"0":"post-61477","1":"product","2":"type-product","3":"status-publish","4":"has-post-thumbnail","6":"product_cat-sahovske-knjige","7":"product_cat-strategija-in-taktika","8":"pa_avtor-davorin-kuljasevic","9":"pa_leto-izdaje-1037","10":"pa_nivo-knjige-srednji","11":"pa_stran-oboje-nevtralno","12":"pa_tip-knjige-trening-vaje","13":"pa_zalozba-new-in-chess","15":"entry","16":"has-media","18":"first","19":"instock","20":"taxable","21":"shipping-taxable","22":"purchasable","23":"product-type-simple","24":"has-product-nav","25":"col","26":"span_1_of_4","27":"owp-content-center","28":"item-entry","29":"owp-thumbs-layout-horizontal","30":"owp-btn-normal","31":"owp-tabs-layout-section","32":"has-no-thumbnails"},"wcpa_form_fields":null,"_links":{"self":[{"href":"https:\/\/chessgamesemporium.com\/fr\/wp-json\/wp\/v2\/product\/61477","targetHints":{"allow":["GET"]}}],"collection":[{"href":"https:\/\/chessgamesemporium.com\/fr\/wp-json\/wp\/v2\/product"}],"about":[{"href":"https:\/\/chessgamesemporium.com\/fr\/wp-json\/wp\/v2\/types\/product"}],"replies":[{"embeddable":true,"href":"https:\/\/chessgamesemporium.com\/fr\/wp-json\/wp\/v2\/comments?post=61477"}],"version-history":[{"count":0,"href":"https:\/\/chessgamesemporium.com\/fr\/wp-json\/wp\/v2\/product\/61477\/revisions"}],"wp:featuredmedia":[{"embeddable":true,"href":"https:\/\/chessgamesemporium.com\/fr\/wp-json\/wp\/v2\/media\/61434"}],"wp:attachment":[{"href":"https:\/\/chessgamesemporium.com\/fr\/wp-json\/wp\/v2\/media?parent=61477"}],"wp:term":[{"taxonomy":"product_brand","embeddable":true,"href":"https:\/\/chessgamesemporium.com\/fr\/wp-json\/wp\/v2\/product_brand?post=61477"},{"taxonomy":"product_cat","embeddable":true,"href":"https:\/\/chessgamesemporium.com\/fr\/wp-json\/wp\/v2\/product_cat?post=61477"},{"taxonomy":"product_tag","embeddable":true,"href":"https:\/\/chessgamesemporium.com\/fr\/wp-json\/wp\/v2\/product_tag?post=61477"}],"curies":[{"name":"wp","href":"https:\/\/api.w.org\/{rel}","templated":true}]}}