{"id":61576,"date":"2026-01-15T07:51:52","date_gmt":"2026-01-15T07:51:52","guid":{"rendered":"https:\/\/chessgamesemporium.com\/?post_type=product&#038;p=61576"},"modified":"2026-03-10T11:36:31","modified_gmt":"2026-03-10T11:36:31","slug":"can-i-take-it","status":"publish","type":"product","link":"https:\/\/chessgamesemporium.com\/fr\/shop\/sahovske-knjige\/strategija-in-taktika\/can-i-take-it\/","title":{"rendered":"Can I Take It?"},"content":{"rendered":"<p>Avtor: Dan Heisman, Laura Smith<br \/>\nLeto izdaje: 2025<br \/>\nLangue : Anglais<br \/>\n\u0160t. strani: 88<br \/>\nFormat: 24 x 17 cm<br \/>\nPlatnice: mehke<\/p>\n<p data-start=\"37\" data-end=\"282\">Nau\u010dil si se pravil \u0161aha in tega, kako se figure premikajo. Kaj pa zdaj? Jemlje\u0161 nasprotnikove figure \u2013 to je to! A kot si morda \u017ee izkusil v svojih partijah, lahko jemanje napa\u010dnih figur \u2013 ali jemanje z napa\u010dno figuro \u2013 povzro\u010di hude posledice.<\/p>\n<p data-start=\"284\" data-end=\"567\">Tu nastopi ta te\u010daj. Can I take it? A Beginner&#8217;s Guide to Capturing in Chess te nau\u010di najbolj osnovnih ve\u0161\u010din \u0161ahovske taktike in strategije. Ne bo\u0161 se nau\u010dil le, ali lahko vzame\u0161 nasprotnikovo figuro, temve\u010d tudi, kako jo vzeti \u2013 kar lahko pomeni razliko med zmago in porazom!<\/p>\n<p data-start=\"569\" data-end=\"716\">Predvsem se bo\u0161 nau\u010dil, kako enostavno oceniti vsako menjavo figur. Nau\u010dil se bo\u0161 tudi \u0161teti napadalce in branilce \u2013 ter kdaj to sploh ni pomembno!<\/p>\n<p data-start=\"718\" data-end=\"829\">Ta knjiga bo mo\u010dno izbolj\u0161ala tvoje mo\u017enosti za zmago \u2013 tako da bo\u0161 za\u010del pravilno jemati nasprotnikove figure!<\/p>\n<p data-start=\"831\" data-end=\"1062\">Laura Smith je uspe\u0161na \u0161ahistka in u\u010diteljica. Kot 13-letnica z najvi\u0161jim ratingom v Zdru\u017eenih dr\u017eavah Amerike je redno nastopala na ve\u010d ameri\u0161kih prvenstvih za \u017eenske. Danes je u\u010diteljica in vodi \u0161ahovski kro\u017eek v Brooklynu v ZDA.<\/p>\n<p data-start=\"1064\" data-end=\"1289\">Dan Heisman je eden najbolj priznanih ameri\u0161kih \u0161ahovskih trenerjev. Po izobrazbi je in\u017eenir, a ga je strast do \u0161aha leta 1996 pripeljala do tega, da je postal profesionalni \u0161ahovski trener. To je njegova 14. \u0161ahovska knjiga!<\/p>","protected":false},"excerpt":{"rendered":"<p><a href=\"https:\/\/chessgamesemporium.com\/wp-content\/uploads\/2026\/01\/9229-1.pdf\" target=\"_blank\" rel=\"noopener\">Extrait PDF<\/a><\/p>","protected":false},"featured_media":61583,"comment_status":"open","ping_status":"closed","template":"","meta":{"_seopress_robots_primary_cat":"none","_seopress_titles_title":"","_seopress_titles_desc":"","_seopress_robots_index":""},"product_brand":[],"product_cat":[512,608],"product_tag":[],"class_list":{"0":"post-61576","1":"product","2":"type-product","3":"status-publish","4":"has-post-thumbnail","6":"product_cat-sahovske-knjige","7":"product_cat-strategija-in-taktika","8":"pa_avtor-dan-heisman","9":"pa_avtor-laura-smith","10":"pa_leto-izdaje-1091","11":"pa_nivo-knjige-srednji","12":"pa_nivo-knjige-zacetni","13":"pa_stran-oboje-nevtralno","14":"pa_tip-knjige-srednja-igra-strategija","15":"pa_tip-knjige-taktika","16":"pa_zalozba-new-in-chess","18":"entry","19":"has-media","21":"first","22":"instock","23":"taxable","24":"shipping-taxable","25":"purchasable","26":"product-type-simple","27":"has-product-nav","28":"col","29":"span_1_of_4","30":"owp-content-center","31":"item-entry","32":"owp-thumbs-layout-horizontal","33":"owp-btn-normal","34":"owp-tabs-layout-section","35":"has-no-thumbnails"},"wcpa_form_fields":null,"_links":{"self":[{"href":"https:\/\/chessgamesemporium.com\/fr\/wp-json\/wp\/v2\/product\/61576","targetHints":{"allow":["GET"]}}],"collection":[{"href":"https:\/\/chessgamesemporium.com\/fr\/wp-json\/wp\/v2\/product"}],"about":[{"href":"https:\/\/chessgamesemporium.com\/fr\/wp-json\/wp\/v2\/types\/product"}],"replies":[{"embeddable":true,"href":"https:\/\/chessgamesemporium.com\/fr\/wp-json\/wp\/v2\/comments?post=61576"}],"version-history":[{"count":0,"href":"https:\/\/chessgamesemporium.com\/fr\/wp-json\/wp\/v2\/product\/61576\/revisions"}],"wp:featuredmedia":[{"embeddable":true,"href":"https:\/\/chessgamesemporium.com\/fr\/wp-json\/wp\/v2\/media\/61583"}],"wp:attachment":[{"href":"https:\/\/chessgamesemporium.com\/fr\/wp-json\/wp\/v2\/media?parent=61576"}],"wp:term":[{"taxonomy":"product_brand","embeddable":true,"href":"https:\/\/chessgamesemporium.com\/fr\/wp-json\/wp\/v2\/product_brand?post=61576"},{"taxonomy":"product_cat","embeddable":true,"href":"https:\/\/chessgamesemporium.com\/fr\/wp-json\/wp\/v2\/product_cat?post=61576"},{"taxonomy":"product_tag","embeddable":true,"href":"https:\/\/chessgamesemporium.com\/fr\/wp-json\/wp\/v2\/product_tag?post=61576"}],"curies":[{"name":"wp","href":"https:\/\/api.w.org\/{rel}","templated":true}]}}