{"id":62551,"date":"2026-03-11T09:42:21","date_gmt":"2026-03-11T09:42:21","guid":{"rendered":"https:\/\/chessgamesemporium.com\/shop\/nekategorizirano\/winning-chess-middlegames-volume-2\/"},"modified":"2026-03-11T12:24:53","modified_gmt":"2026-03-11T12:24:53","slug":"winning-chess-middlegames-volume-2","status":"publish","type":"product","link":"https:\/\/chessgamesemporium.com\/fr\/shop\/livres-echecs\/strategie-et-tactique\/winning-chess-middlegames-volume-2\/","title":{"rendered":"Winning Chess Middlegames &#8211; Volume 2"},"content":{"rendered":"<p><strong>Auteur:<\/strong> Ivan Sokolov<br \/>\n<strong>Ann\u00e9e de publication: 2025<\/strong> 2024<br \/>\n<strong>Jezik:<\/strong> Angle\u0161ki<br \/>\n<strong>Pages<\/strong> 284<br \/>\n<strong>Couverture:<\/strong> Souples<\/p>\n<p><em>Winning Chess Middlegames &#8211; Volume 2<\/em> je prakti\u010den vodnik po strukturah kmetov, ki nastajajo po otvoritvah s prvo potezo 1.e4. Ivan Sokolov na razumljiv na\u010din razlo\u017ei klju\u010dne motive, tipi\u010dne na\u010drte in prehod iz otvoritve v srednjo igro.<\/p>\n<p>Knjiga pokriva pomembne strukture iz otvoritev, kot so \u0160panska igra, Italijanka, Ruska, Sicilijanka, Je\u017eeva postavitev, Sve\u0161nikov in Francoska-Winawer. Primerna je za igralce, ki \u017eelijo poglobiti strate\u0161ko razumevanje in izbolj\u0161ati igro v srednji igri.<\/p>","protected":false},"excerpt":{"rendered":"<p>Winning Chess Middlegames \u2013 Volume 2 explique les structures de pions typiques issues des ouvertures apr\u00e8s 1.e4 et montre comment passer de l\u2019ouverture aux bons plans strat\u00e9giques au milieu de partie.<\/p>\n<p><a href=\"https:\/\/chessgamesemporium.com\/wp-content\/uploads\/2026\/03\/9183.pdf\" target=\"_blank\" rel=\"noopener\">Extrait PDF<\/a><\/p>","protected":false},"featured_media":62558,"comment_status":"closed","ping_status":"closed","template":"","meta":{"_seopress_robots_primary_cat":"none","_seopress_titles_title":"","_seopress_titles_desc":"%%post_excerpt%%","_seopress_robots_index":""},"product_brand":[],"product_cat":[608,512],"product_tag":[],"class_list":{"0":"post-62551","1":"product","2":"type-product","3":"status-publish","4":"has-post-thumbnail","6":"product_cat-strategija-in-taktika","7":"product_cat-sahovske-knjige","8":"pa_avtor-ivan-sokolov","9":"pa_leto-izdaje-1023","10":"pa_nivo-knjige-napredni","11":"pa_nivo-knjige-srednji","12":"pa_stran-oboje-nevtralno","13":"pa_tip-knjige-srednja-igra-strategija","14":"pa_zalozba-new-in-chess","16":"entry","17":"has-media","19":"first","20":"instock","21":"taxable","22":"shipping-taxable","23":"purchasable","24":"product-type-simple","25":"has-product-nav","26":"col","27":"span_1_of_4","28":"owp-content-center","29":"item-entry","30":"owp-thumbs-layout-horizontal","31":"owp-btn-normal","32":"owp-tabs-layout-section","33":"has-no-thumbnails"},"wcpa_form_fields":null,"_links":{"self":[{"href":"https:\/\/chessgamesemporium.com\/fr\/wp-json\/wp\/v2\/product\/62551","targetHints":{"allow":["GET"]}}],"collection":[{"href":"https:\/\/chessgamesemporium.com\/fr\/wp-json\/wp\/v2\/product"}],"about":[{"href":"https:\/\/chessgamesemporium.com\/fr\/wp-json\/wp\/v2\/types\/product"}],"replies":[{"embeddable":true,"href":"https:\/\/chessgamesemporium.com\/fr\/wp-json\/wp\/v2\/comments?post=62551"}],"version-history":[{"count":0,"href":"https:\/\/chessgamesemporium.com\/fr\/wp-json\/wp\/v2\/product\/62551\/revisions"}],"wp:featuredmedia":[{"embeddable":true,"href":"https:\/\/chessgamesemporium.com\/fr\/wp-json\/wp\/v2\/media\/62558"}],"wp:attachment":[{"href":"https:\/\/chessgamesemporium.com\/fr\/wp-json\/wp\/v2\/media?parent=62551"}],"wp:term":[{"taxonomy":"product_brand","embeddable":true,"href":"https:\/\/chessgamesemporium.com\/fr\/wp-json\/wp\/v2\/product_brand?post=62551"},{"taxonomy":"product_cat","embeddable":true,"href":"https:\/\/chessgamesemporium.com\/fr\/wp-json\/wp\/v2\/product_cat?post=62551"},{"taxonomy":"product_tag","embeddable":true,"href":"https:\/\/chessgamesemporium.com\/fr\/wp-json\/wp\/v2\/product_tag?post=62551"}],"curies":[{"name":"wp","href":"https:\/\/api.w.org\/{rel}","templated":true}]}}