{"id":62820,"date":"2026-03-23T12:39:49","date_gmt":"2026-03-23T12:39:49","guid":{"rendered":"https:\/\/chessgamesemporium.com\/shop\/nekategorizirano\/chess-in-miniature-volume-1\/"},"modified":"2026-04-17T08:48:16","modified_gmt":"2026-04-17T08:48:16","slug":"chess-in-miniature-volume-1","status":"publish","type":"product","link":"https:\/\/chessgamesemporium.com\/fr\/shop\/livres-echecs\/strategie-et-tactique\/chess-in-miniature-volume-1\/","title":{"rendered":"Chess in Miniature &#8211; Volume 1"},"content":{"rendered":"<p><strong>Auteur:<\/strong> David LeMoir<br \/>\n<strong>Ann\u00e9e de publication: 2025<\/strong> 2026<br \/>\n<strong>Jezik:<\/strong> Angle\u0161ki<br \/>\n<strong>Pages<\/strong> 304<br \/>\n<strong>Couverture:<\/strong> Souples<\/p>\n<p><em>Chess in Miniature &#8211; Volume 1<\/em> rel\u00e8ve le d\u00e9fi en pr\u00e9sentant les huit secrets essentiels pour gagner en 25 coups ou moins, huit autres secrets cruciaux \u00e9tant d\u00e9voil\u00e9s dans \u00c9checs en miniature : Volume 2.<\/p>\n<p>Ce livre pratique permet de d\u00e9velopper ses tactiques, le d\u00e9veloppement des pi\u00e8ces, l\u2019initiative et le sens de l\u2019attaque. Il convient aux joueurs de club, aux jeunes joueurs et \u00e0 tous ceux qui souhaitent apprendre rapidement des id\u00e9es pratiques \u00e0 partir de v\u00e9ritables parties d\u2019\u00e9checs.<\/p>\n<p>\u2753 Vous ne savez pas quel livre est fait pour vous ? Essayez notre assistant IA et d\u00e9crivez votre niveau et vos objectifs. En quelques secondes, vous obtiendrez des recommandations adapt\u00e9es.<\/p>\n<div class=\"book-ai-cta\"><a class=\"book-ai-cta-button\" href=\"https:\/\/chessgamesemporium.com\/fr\/ai-knjige\/\">\ud83e\udd16 Assistant IA \u2013 trouvez le bon livre<\/a><\/div>\n<div class=\"book-ai-cta\"><a class=\"book-ai-cta-button\" href=\"\/fr\/product-category-2\/livres-echecs\/\">\ud83d\udd17 Voir plus de livres d\u2019\u00e9checs<\/a><\/div>","protected":false},"excerpt":{"rendered":"<p>Chess in Miniature \u2013 Volume 1 est un ouvrage de David LeMoir consacr\u00e9 aux parties courtes et gagnantes en 25 coups ou moins. Un excellent choix pour les joueurs souhaitant perfectionner leur tactique, leurs id\u00e9es d'attaque, le d\u00e9veloppement de leurs pi\u00e8ces et leur compr\u00e9hension des pi\u00e8ces miniatures.<\/p>","protected":false},"featured_media":62827,"comment_status":"closed","ping_status":"closed","template":"","meta":{"_seopress_robots_primary_cat":"none","_seopress_titles_title":"Chess in Miniature Vol. 1 \u2013 Klasi\u010dne kratke partije | ChessGamesEmporium","_seopress_titles_desc":"%%post_excerpt%%","_seopress_robots_index":""},"product_brand":[1132],"product_cat":[608,512],"product_tag":[],"class_list":{"0":"post-62820","1":"product","2":"type-product","3":"status-publish","4":"has-post-thumbnail","6":"product_brand-popular-chess","7":"product_cat-strategija-in-taktika","8":"product_cat-sahovske-knjige","9":"pa_avtor-david-lemoir","10":"pa_leto-izdaje-1091","11":"pa_nivo-knjige-srednji","12":"pa_nivo-knjige-zacetni","13":"pa_stran-oboje-nevtralno","14":"pa_tip-knjige-trening-vaje","15":"pa_zalozba-popular-chess","17":"entry","18":"has-media","20":"first","21":"instock","22":"taxable","23":"shipping-taxable","24":"purchasable","25":"product-type-simple","26":"has-product-nav","27":"col","28":"span_1_of_4","29":"owp-content-center","30":"item-entry","31":"owp-thumbs-layout-horizontal","32":"owp-btn-normal","33":"owp-tabs-layout-section","34":"has-no-thumbnails"},"wcpa_form_fields":null,"_links":{"self":[{"href":"https:\/\/chessgamesemporium.com\/fr\/wp-json\/wp\/v2\/product\/62820","targetHints":{"allow":["GET"]}}],"collection":[{"href":"https:\/\/chessgamesemporium.com\/fr\/wp-json\/wp\/v2\/product"}],"about":[{"href":"https:\/\/chessgamesemporium.com\/fr\/wp-json\/wp\/v2\/types\/product"}],"replies":[{"embeddable":true,"href":"https:\/\/chessgamesemporium.com\/fr\/wp-json\/wp\/v2\/comments?post=62820"}],"version-history":[{"count":1,"href":"https:\/\/chessgamesemporium.com\/fr\/wp-json\/wp\/v2\/product\/62820\/revisions"}],"predecessor-version":[{"id":63694,"href":"https:\/\/chessgamesemporium.com\/fr\/wp-json\/wp\/v2\/product\/62820\/revisions\/63694"}],"wp:featuredmedia":[{"embeddable":true,"href":"https:\/\/chessgamesemporium.com\/fr\/wp-json\/wp\/v2\/media\/62827"}],"wp:attachment":[{"href":"https:\/\/chessgamesemporium.com\/fr\/wp-json\/wp\/v2\/media?parent=62820"}],"wp:term":[{"taxonomy":"product_brand","embeddable":true,"href":"https:\/\/chessgamesemporium.com\/fr\/wp-json\/wp\/v2\/product_brand?post=62820"},{"taxonomy":"product_cat","embeddable":true,"href":"https:\/\/chessgamesemporium.com\/fr\/wp-json\/wp\/v2\/product_cat?post=62820"},{"taxonomy":"product_tag","embeddable":true,"href":"https:\/\/chessgamesemporium.com\/fr\/wp-json\/wp\/v2\/product_tag?post=62820"}],"curies":[{"name":"wp","href":"https:\/\/api.w.org\/{rel}","templated":true}]}}