{"id":63489,"date":"2026-04-14T12:23:03","date_gmt":"2026-04-14T12:23:03","guid":{"rendered":"https:\/\/chessgamesemporium.com\/?post_type=product&#038;p=63489"},"modified":"2026-04-17T08:13:24","modified_gmt":"2026-04-17T08:13:24","slug":"win-with-the-english","status":"publish","type":"product","link":"https:\/\/chessgamesemporium.com\/fr\/shop\/livres-echecs\/ouvertures-echecs\/win-with-the-english\/","title":{"rendered":"Win with the English!"},"content":{"rendered":"<h3>\ud83e\udde0 Ma\u00eetrisez l\u2019ouverture anglaise<\/h3>\n<p>Win with the English! est un guide pratique de l\u2019ouverture anglaise qui vous aide \u00e0 comprendre les id\u00e9es strat\u00e9giques cl\u00e9s. Apprenez \u00e0 jouer avec confiance et \u00e0 prendre l\u2019avantage d\u00e8s l\u2019ouverture.<\/p>\n<h3>\u265f\ufe0f Contenu principal<\/h3>\n<p>\u2714 ideje in na\u010drti v angle\u0161ki otvoritvi<br \/>\n\u2714 compr\u00e9hension des structures de pions typiques<br \/>\n\u2714 approche strat\u00e9gique au lieu de th\u00e9orie s\u00e8che<br \/>\n\u2714 exemples pratiques issus de parties r\u00e9elles<br \/>\n\u2714 d\u00e9veloppement d\u2019un avantage positionnel \u00e0 long terme<\/p>\n<h3>\ud83c\udfaf \u00c0 qui s\u2019adresse ce livre<\/h3>\n<p>\u2714 joueurs de club<br \/>\n\u2714 joueurs interm\u00e9diaires<br \/>\n\u2714 joueurs souhaitant \u00e9largir leur r\u00e9pertoire d\u2019ouvertures<br \/>\n\u2714 tous ceux qui veulent jouer de mani\u00e8re plus positionnelle et strat\u00e9gique<\/p>\n<h3>\ud83c\udf81 Pourquoi choisir ce livre<\/h3>\n<p>\u2714 explication claire de l\u2019ouverture anglaise<br \/>\n\u2714 accent sur la compr\u00e9hension plut\u00f4t que la m\u00e9morisation<br \/>\n\u2714 litt\u00e9rature d\u2019\u00e9checs reconnue<br \/>\n\u2714 un excellent cadeau pour les amateurs d\u2019\u00e9checs<\/p>\n<h3>\ud83c\udfc1 Prenez l\u2019avantage d\u00e8s l\u2019ouverture<\/h3>\n<p>Si vous souhaitez jouer avec confiance d\u00e8s les premiers coups et prendre progressivement le contr\u00f4le de la partie, ce livre est un excellent choix pour progresser aux \u00e9checs.<\/p>\n<p>\u2753 Vous ne savez pas quel livre est fait pour vous ? Essayez notre assistant IA et d\u00e9crivez votre niveau et vos objectifs. En quelques secondes, vous obtiendrez des recommandations adapt\u00e9es.<\/p>\n<div class=\"book-ai-cta\"><a class=\"book-ai-cta-button\" href=\"https:\/\/chessgamesemporium.com\/fr\/ai-knjige\/\">\ud83e\udd16 Assistant IA \u2013 trouvez le bon livre<\/a><\/div>\n<div class=\"book-ai-cta\"><a class=\"book-ai-cta-button\" href=\"\/fr\/otvoritev-tema\/angleska-otvoritev\/\">\ud83d\udd17 D\u00e9couvrez plus de livres sur l\u2019ouverture anglaise<\/a><\/div>","protected":false},"excerpt":{"rendered":"<p>Win with the English! est un guide pratique pour ma\u00eetriser l\u2019ouverture anglaise et comprendre ses id\u00e9es strat\u00e9giques cl\u00e9s. Le livre id\u00e9al pour les joueurs ambitieux qui souhaitent jouer avec confiance et prendre l\u2019avantage d\u00e8s l\u2019ouverture.<\/p>\n<p><a href=\"https:\/\/chessgamesemporium.com\/wp-content\/uploads\/2026\/04\/82152.pdf\" target=\"_blank\" rel=\"noopener\">Extrait PDF<\/a><\/p>","protected":false},"featured_media":63607,"comment_status":"open","ping_status":"closed","template":"","meta":{"_seopress_robots_primary_cat":"none","_seopress_titles_title":"Win with the English! \u2013 Obvladajte angle\u0161ko otvoritev | ChessGamesEmporium","_seopress_titles_desc":"Kupite Win with the English! \u2013 prakti\u010den vodnik za igranje angle\u0161ke otvoritve. Nau\u010dite se klju\u010dnih idej, strategij in planov za uspe\u0161no igro. Idealno za ambiciozne \u0161ahiste. Hitra dostava po svetu.","_seopress_robots_index":""},"product_brand":[],"product_cat":[605,512],"product_tag":[],"class_list":{"0":"post-63489","1":"product","2":"type-product","3":"status-publish","4":"has-post-thumbnail","6":"product_cat-otvoritve","7":"product_cat-sahovske-knjige","8":"pa_avtor-nikolas-ntirlis","9":"pa_glavna-linija-1-c4-e5-2-nc3-nf6-3-nf3-nc6","10":"pa_leto-izdaje-1091","11":"pa_nivo-knjige-napredni","12":"pa_otvoritev-tema-angleska-otvoritev","13":"pa_stran-beli","14":"pa_tip-knjige-otvoritve","15":"pa_zalozba-quality-chess","17":"entry","18":"has-media","20":"first","21":"instock","22":"taxable","23":"shipping-taxable","24":"purchasable","25":"product-type-simple","26":"has-product-nav","27":"col","28":"span_1_of_4","29":"owp-content-center","30":"item-entry","31":"owp-thumbs-layout-horizontal","32":"owp-btn-normal","33":"owp-tabs-layout-section","34":"has-no-thumbnails"},"wcpa_form_fields":null,"_links":{"self":[{"href":"https:\/\/chessgamesemporium.com\/fr\/wp-json\/wp\/v2\/product\/63489","targetHints":{"allow":["GET"]}}],"collection":[{"href":"https:\/\/chessgamesemporium.com\/fr\/wp-json\/wp\/v2\/product"}],"about":[{"href":"https:\/\/chessgamesemporium.com\/fr\/wp-json\/wp\/v2\/types\/product"}],"replies":[{"embeddable":true,"href":"https:\/\/chessgamesemporium.com\/fr\/wp-json\/wp\/v2\/comments?post=63489"}],"version-history":[{"count":0,"href":"https:\/\/chessgamesemporium.com\/fr\/wp-json\/wp\/v2\/product\/63489\/revisions"}],"wp:featuredmedia":[{"embeddable":true,"href":"https:\/\/chessgamesemporium.com\/fr\/wp-json\/wp\/v2\/media\/63607"}],"wp:attachment":[{"href":"https:\/\/chessgamesemporium.com\/fr\/wp-json\/wp\/v2\/media?parent=63489"}],"wp:term":[{"taxonomy":"product_brand","embeddable":true,"href":"https:\/\/chessgamesemporium.com\/fr\/wp-json\/wp\/v2\/product_brand?post=63489"},{"taxonomy":"product_cat","embeddable":true,"href":"https:\/\/chessgamesemporium.com\/fr\/wp-json\/wp\/v2\/product_cat?post=63489"},{"taxonomy":"product_tag","embeddable":true,"href":"https:\/\/chessgamesemporium.com\/fr\/wp-json\/wp\/v2\/product_tag?post=63489"}],"curies":[{"name":"wp","href":"https:\/\/api.w.org\/{rel}","templated":true}]}}