{"id":45058,"date":"2022-09-06T10:09:31","date_gmt":"2022-09-06T10:09:31","guid":{"rendered":"https:\/\/www.ivh9.si\/Ponudbe\/chess\/?post_type=product&#038;p=45058"},"modified":"2024-12-03T18:35:06","modified_gmt":"2024-12-03T18:35:06","slug":"digitalni-sahovski-sat-dgt960-travel","status":"publish","type":"product","link":"https:\/\/chessgamesemporium.com\/hr\/shop\/sahovski-satovi\/digitalni-satovi\/digitalni-sahovski-sat-dgt960-travel\/","title":{"rendered":"Digitalni \u0161ahovski sat DGT960 Travel"},"content":{"rendered":"<p>Okvir: Plasti\u010dan<br \/>\nBoja: plava \/ bijela<br \/>\nDimenzije: 14 x 6,5 x 2,3 cm<\/p>\n<p>Prvi \u0161ahovski sat koji automatski i nasumi\u010dno stvara 960 po\u010detnih pozicija. Ekran prikazuje simbole koji ozna\u010davaju osnovne pozicije figura. Ovaj na\u010din igranja vratio je mnoge \u0161ahiste natrag u igru.<\/p>\n<p>Ideja biv\u0161eg svjetskog prvaka Bobbyja Fischera, nedavno preminulog, da stvori \u0161ahovsku igru gdje otvaraju\u0107a teorija ne igra va\u017enu ulogu, predstavlja najva\u017enije pobolj\u0161anje u svijetu \u0161aha u posljednjih 500 godina.<\/p>\n<p>Ovaj \u0161ahovski sat je pomo\u0107 koju svaki \u0161ahist \u017eeli posjedovati!<\/p>","protected":false},"excerpt":{"rendered":"<ul>\n<li>Novi na\u010din igranja!<\/li>\n<li>Revolucionarni sklopivi \u0161ahovski sat DGT 960<\/li>\n<li>Veliki zaslon za jednostavno gledanje<\/li>\n<li>Jednostavan za kori\u0161tenje i jednostavan za postavljanje programa<\/li>\n<\/ul>","protected":false},"featured_media":47744,"comment_status":"closed","ping_status":"closed","template":"","meta":{"_seopress_robots_primary_cat":"none","_seopress_titles_title":"","_seopress_titles_desc":"","_seopress_robots_index":""},"product_brand":[],"product_cat":[513,520],"product_tag":[],"class_list":{"0":"post-45058","1":"product","2":"type-product","3":"status-publish","4":"has-post-thumbnail","6":"product_cat-sahovske-ure","7":"product_cat-digitalne-ure","9":"entry","10":"has-media","12":"first","13":"outofstock","14":"taxable","15":"shipping-taxable","16":"purchasable","17":"product-type-simple","18":"has-product-nav","19":"col","20":"span_1_of_4","21":"owp-content-center","22":"item-entry","23":"owp-thumbs-layout-horizontal","24":"owp-btn-normal","25":"owp-tabs-layout-section","26":"has-no-thumbnails"},"wcpa_form_fields":null,"_links":{"self":[{"href":"https:\/\/chessgamesemporium.com\/hr\/wp-json\/wp\/v2\/product\/45058","targetHints":{"allow":["GET"]}}],"collection":[{"href":"https:\/\/chessgamesemporium.com\/hr\/wp-json\/wp\/v2\/product"}],"about":[{"href":"https:\/\/chessgamesemporium.com\/hr\/wp-json\/wp\/v2\/types\/product"}],"replies":[{"embeddable":true,"href":"https:\/\/chessgamesemporium.com\/hr\/wp-json\/wp\/v2\/comments?post=45058"}],"version-history":[{"count":0,"href":"https:\/\/chessgamesemporium.com\/hr\/wp-json\/wp\/v2\/product\/45058\/revisions"}],"wp:featuredmedia":[{"embeddable":true,"href":"https:\/\/chessgamesemporium.com\/hr\/wp-json\/wp\/v2\/media\/47744"}],"wp:attachment":[{"href":"https:\/\/chessgamesemporium.com\/hr\/wp-json\/wp\/v2\/media?parent=45058"}],"wp:term":[{"taxonomy":"product_brand","embeddable":true,"href":"https:\/\/chessgamesemporium.com\/hr\/wp-json\/wp\/v2\/product_brand?post=45058"},{"taxonomy":"product_cat","embeddable":true,"href":"https:\/\/chessgamesemporium.com\/hr\/wp-json\/wp\/v2\/product_cat?post=45058"},{"taxonomy":"product_tag","embeddable":true,"href":"https:\/\/chessgamesemporium.com\/hr\/wp-json\/wp\/v2\/product_tag?post=45058"}],"curies":[{"name":"wp","href":"https:\/\/api.w.org\/{rel}","templated":true}]}}