{"id":45078,"date":"2022-09-06T10:37:25","date_gmt":"2022-09-06T10:37:25","guid":{"rendered":"https:\/\/www.ivh9.si\/Ponudbe\/chess\/?post_type=product&#038;p=45078"},"modified":"2026-04-22T05:38:56","modified_gmt":"2026-04-22T05:38:56","slug":"digitalni-sahovski-sat-leap-kk9908","status":"publish","type":"product","link":"https:\/\/chessgamesemporium.com\/hr\/shop\/sahovski-satovi\/digitalni-satovi\/digitalni-sahovski-sat-leap-kk9908\/","title":{"rendered":"Digitalni \u0161ahovski sat Leap KK9908"},"content":{"rendered":"<p>Ovaj prakti\u010dni sat pru\u017ea sve funkcionalnosti koje su vam potrebne za igranje \u0161aha na svim razinama i sadr\u017ei vi\u0161e unaprijed postavljenih i predprogramiranih postavki koje se naj\u010de\u0161\u0107e koriste.<br \/>\nTako\u0111er mo\u017eete programirati svoje najdra\u017ee postavke.<\/p>\n<p>Sat je odobren od strane FIDE.<\/p>\n<p>Dolazi u \u010dvrstoj ambala\u017ei s magnetskim zatvaranjem koje \u0107e o\u010duvati va\u0161 sat sigurnim.<br \/>\nUpute za uporabu prilo\u017eene.<\/p>\n<p>Dimenzije: 14 cm x 9,5 cm x 4,5 cm<\/p>\n<p>Sat koristi 1 x AA bateriju koja NIJE UKLJU\u010cENA!<\/p>\n<p>LEAP KK9908 je dizajniran tako da igru mo\u017eete zapo\u010deti gotovo odmah \u2013 naj\u010de\u0161\u0107e kori\u0161tene vremenske postavke ve\u0107 su unaprijed pode\u0161ene, a mo\u017eete jednostavno spremiti i svoje omiljene. To je posebno prakti\u010dno za redoviti trening ili klupsku igru, gdje je va\u017eno brzo mijenjati razli\u010dite vremenske kontrole.<\/p>\n<p>Zahvaljuju\u0107i pouzdanosti i FIDE odobrenju, sat je prikladan ne samo za opu\u0161tenu igru ve\u0107 i za ozbiljniju upotrebu. Jasan zaslon, logi\u010dan raspored tipki i kompaktan dizajn \u010dine ga odli\u010dnim izborom za turnire i igru u pokretu.<\/p>","protected":false},"excerpt":{"rendered":"<p>FIDE odobren digitalni \u0161ahovski sat s 36 unaprijed postavljenih programa za brzu upotrebu. Podr\u017eava vi\u0161e perioda, dodatak vremena (increment) i odgodu (delay).<\/p>","protected":false},"featured_media":45081,"comment_status":"closed","ping_status":"closed","template":"","meta":{"_seopress_robots_primary_cat":"none","_seopress_titles_title":"LEAP KK9908 digitalna \u0161ahovska ura \u2013 FIDE potrjena | ChessGamesEmporium","_seopress_titles_desc":"Digitalna \u0161ahovska ura z dodatkom \u010dasa na potezo, delay funkcijo in jasnim zaslonom. Enostavna za uporabo in primerna za trening, \u0161olo ali klubsko igro.","_seopress_robots_index":""},"product_brand":[],"product_cat":[513,520],"product_tag":[],"class_list":{"0":"post-45078","1":"product","2":"type-product","3":"status-publish","4":"has-post-thumbnail","6":"product_cat-sahovske-ure","7":"product_cat-digitalne-ure","9":"entry","10":"has-media","12":"first","13":"instock","14":"taxable","15":"shipping-taxable","16":"purchasable","17":"product-type-simple","18":"has-product-nav","19":"col","20":"span_1_of_4","21":"owp-content-center","22":"item-entry","23":"owp-thumbs-layout-horizontal","24":"owp-btn-normal","25":"owp-tabs-layout-section"},"wcpa_form_fields":null,"_links":{"self":[{"href":"https:\/\/chessgamesemporium.com\/hr\/wp-json\/wp\/v2\/product\/45078","targetHints":{"allow":["GET"]}}],"collection":[{"href":"https:\/\/chessgamesemporium.com\/hr\/wp-json\/wp\/v2\/product"}],"about":[{"href":"https:\/\/chessgamesemporium.com\/hr\/wp-json\/wp\/v2\/types\/product"}],"replies":[{"embeddable":true,"href":"https:\/\/chessgamesemporium.com\/hr\/wp-json\/wp\/v2\/comments?post=45078"}],"version-history":[{"count":0,"href":"https:\/\/chessgamesemporium.com\/hr\/wp-json\/wp\/v2\/product\/45078\/revisions"}],"wp:featuredmedia":[{"embeddable":true,"href":"https:\/\/chessgamesemporium.com\/hr\/wp-json\/wp\/v2\/media\/45081"}],"wp:attachment":[{"href":"https:\/\/chessgamesemporium.com\/hr\/wp-json\/wp\/v2\/media?parent=45078"}],"wp:term":[{"taxonomy":"product_brand","embeddable":true,"href":"https:\/\/chessgamesemporium.com\/hr\/wp-json\/wp\/v2\/product_brand?post=45078"},{"taxonomy":"product_cat","embeddable":true,"href":"https:\/\/chessgamesemporium.com\/hr\/wp-json\/wp\/v2\/product_cat?post=45078"},{"taxonomy":"product_tag","embeddable":true,"href":"https:\/\/chessgamesemporium.com\/hr\/wp-json\/wp\/v2\/product_tag?post=45078"}],"curies":[{"name":"wp","href":"https:\/\/api.w.org\/{rel}","templated":true}]}}