{"id":45084,"date":"2022-09-06T10:40:49","date_gmt":"2022-09-06T10:40:49","guid":{"rendered":"https:\/\/www.ivh9.si\/Ponudbe\/chess\/?post_type=product&#038;p=45084"},"modified":"2025-05-09T08:14:00","modified_gmt":"2025-05-09T08:14:00","slug":"digitalni-sahovski-sat-leap-wooden-look","status":"publish","type":"product","link":"https:\/\/chessgamesemporium.com\/hr\/shop\/sahovski-satovi\/digitalni-satovi\/digitalni-sahovski-sat-leap-wooden-look\/","title":{"rendered":"Digitalni \u0161ahovski sat LEAP WOODEN LOOK"},"content":{"rendered":"<p>\u0160ahovski sat: profesionalni digitalni \u0161ahovski sat s funkcijom odbrojavanja i dodavanja vremena.<\/p>\n<p>Novi izgled u boji drveta. Mo\u017ee se koristiti za \u0161ah, Go, kineski \u0161ah i druge igre za dva igra\u010da.<br \/>\nSat je napravljen od kvalitetnih, izdr\u017eljivih, ekolo\u0161ki prihvatljivih materijala.<\/p>\n<p>Mogu\u0107e je uklju\u010divanje zvu\u010dnog signala po isteku vremena, prilo\u017eena 1 AA baterija.<\/p>\n<p>Jednostavno postavljanje funkcija kao \u0161to su \"bonus\" ili \"odgoda\".<\/p>","protected":false},"excerpt":{"rendered":"<ul>\n<li>\u0160ahovski sat s mogu\u0107no\u0161\u0107u odbrojavanja i dodavanja vremena<\/li>\n<li>Ura je pogodna i za kineski \u0161ah, Go-bang i ostale dru\u0161tvene igre za dva igra\u010da<\/li>\n<li>Mogu\u0107nost postavljanja zvu\u010dnog signala po isteku vremena, za rad je potrebna samo 1 baterija<\/li>\n<li>Jednostavno postavljanje funkcija kao \u0161to su bonus i odgoda<\/li>\n<\/ul>","protected":false},"featured_media":45088,"comment_status":"closed","ping_status":"closed","template":"","meta":{"_seopress_robots_primary_cat":"none","_seopress_titles_title":"","_seopress_titles_desc":"","_seopress_robots_index":""},"product_brand":[],"product_cat":[513,520],"product_tag":[],"class_list":{"0":"post-45084","1":"product","2":"type-product","3":"status-publish","4":"has-post-thumbnail","6":"product_cat-sahovske-ure","7":"product_cat-digitalne-ure","9":"entry","10":"has-media","12":"first","13":"instock","14":"sale","15":"taxable","16":"shipping-taxable","17":"purchasable","18":"product-type-simple","19":"has-product-nav","20":"col","21":"span_1_of_4","22":"owp-content-center","23":"item-entry","24":"owp-thumbs-layout-horizontal","25":"owp-btn-normal","26":"owp-tabs-layout-section"},"wcpa_form_fields":null,"_links":{"self":[{"href":"https:\/\/chessgamesemporium.com\/hr\/wp-json\/wp\/v2\/product\/45084","targetHints":{"allow":["GET"]}}],"collection":[{"href":"https:\/\/chessgamesemporium.com\/hr\/wp-json\/wp\/v2\/product"}],"about":[{"href":"https:\/\/chessgamesemporium.com\/hr\/wp-json\/wp\/v2\/types\/product"}],"replies":[{"embeddable":true,"href":"https:\/\/chessgamesemporium.com\/hr\/wp-json\/wp\/v2\/comments?post=45084"}],"version-history":[{"count":0,"href":"https:\/\/chessgamesemporium.com\/hr\/wp-json\/wp\/v2\/product\/45084\/revisions"}],"wp:featuredmedia":[{"embeddable":true,"href":"https:\/\/chessgamesemporium.com\/hr\/wp-json\/wp\/v2\/media\/45088"}],"wp:attachment":[{"href":"https:\/\/chessgamesemporium.com\/hr\/wp-json\/wp\/v2\/media?parent=45084"}],"wp:term":[{"taxonomy":"product_brand","embeddable":true,"href":"https:\/\/chessgamesemporium.com\/hr\/wp-json\/wp\/v2\/product_brand?post=45084"},{"taxonomy":"product_cat","embeddable":true,"href":"https:\/\/chessgamesemporium.com\/hr\/wp-json\/wp\/v2\/product_cat?post=45084"},{"taxonomy":"product_tag","embeddable":true,"href":"https:\/\/chessgamesemporium.com\/hr\/wp-json\/wp\/v2\/product_tag?post=45084"}],"curies":[{"name":"wp","href":"https:\/\/api.w.org\/{rel}","templated":true}]}}