{"id":45291,"date":"2022-09-24T13:10:51","date_gmt":"2022-09-24T13:10:51","guid":{"rendered":"https:\/\/www.ivh9.si\/Ponudbe\/chess\/?post_type=product&#038;p=45291"},"modified":"2026-04-09T14:49:15","modified_gmt":"2026-04-09T14:49:15","slug":"digitalni-sahovski-sat-dgt-3000","status":"publish","type":"product","link":"https:\/\/chessgamesemporium.com\/hr\/shop\/sahovski-satovi\/digitalni-satovi\/digitalni-sahovski-sat-dgt-3000\/","title":{"rendered":"DGT 3000 digitalni \u0161ahovski sat \u2013 FIDE turnirski"},"content":{"rendered":"<p>\u0160ahovski sat DGT 3000 predstavljen je u listopadu 2014. godine i jedan je od najnaprednijih \u0161ahovskih satova. Kompatibilna je s e-\u0161ahovskom plo\u010dom (DGT e-board) u skladu sa svim FIDE pravilima.<\/p>\n<p>DGT 3000 \u0161ahovska ura je vrhunska digitalna \u0161ahovska ura koja kombinira najsuvremeniju tehnologiju s korisni\u010dki prijateljskim dizajnom. Ova precizna i pouzdana \u0161ahovska ura izuzetno je popularna me\u0111u zaljubljenicima u \u0161ah i igra\u010dima diljem svijeta.<\/p>\n<p>S posebno oblikovanim zna\u010dajkama poput prilagodljivih vremenskih kontrola, podsjetnika i odgode, DGT 3000 omogu\u0107uje fleksibilno i personalizirano iskustvo igranja. Namijenjena je zadovoljenju potreba kako po\u010detnika tako i iskusnih \u0161ahista, nude\u0107i jednostavno upravljanje i jasan, \u010ditljiv zaslon.<\/p>\n<p>Digitalna tehnologija omogu\u0107uje precizno mjerenje vremena, klju\u010dan aspekt \u0161ahovske igre. DGT 3000 opremljena je intuitivnim gumbima za jednostavno pode\u0161avanje vremenskih postavki i odgode. Osim toga, ima moderni dizajn koji se lijepo uklapa uz svaki \u0161ahovski set.<\/p>\n<p>Osim toga, DGT 3000 ima mogu\u0107nost pohranjivanja razli\u010ditih vremenskih postavki, \u0161to je izuzetno prakti\u010dno za treninge ili turnire s razli\u010ditim vremenskim kontrolama. Sve to \u010dini DGT 3000 \u0161ahovsku uru neophodnim alatom za ozbiljne \u0161ahiste.<\/p>\n<p>Pouzdanost, jednostavnost uporabe i suvremeni dizajn stavljaju DGT 3000 \u0161ahovsku uru u sam vrh digitalnih \u0161ahovskih satova na tr\u017ei\u0161tu. Bez obzira jeste li po\u010detnik ili iskusan \u0161ahist, DGT 3000 sigurno \u0107e zadovoljiti va\u0161a o\u010dekivanja u vezi s pouzdanom i naprednom \u0161ahovskom urom.<\/p>\n<p>Nove prednosti sata, osim osnovnih postavki, uklju\u010duju:<br \/>\n- Dodatne informacije na ve\u0107em ekranu.<br \/>\n- Povezljiva s svim DGT e-plo\u010dama (elektroni\u010dkim \u0161ahovskim plo\u010dama).<br \/>\n- Prikazuje sekunde ve\u0107 na po\u010detku.<br \/>\n- 25 vremenskih postavki.<br \/>\n- 5 praznih utora za vlastite postavke.<br \/>\n- 6 jezika; engleski, francuski, \u0161panjolski, nizozemski, njema\u010dki i ruski.<\/p>","protected":false},"excerpt":{"rendered":"<p>DGT 3000 digitalni \u0161ahovski sat je FIDE odobren za turnirsku igru. Ima veliki zaslon, 25 vremenskih sustava te podr\u0161ku za increment i delay. Idealan za ozbiljne \u0161ahiste i klubove.<\/p>","protected":false},"featured_media":47735,"comment_status":"closed","ping_status":"closed","template":"","meta":{"_seopress_robots_primary_cat":"none","_seopress_titles_title":"","_seopress_titles_desc":"","_seopress_robots_index":""},"product_brand":[],"product_cat":[513,520],"product_tag":[],"class_list":{"0":"post-45291","1":"product","2":"type-product","3":"status-publish","4":"has-post-thumbnail","6":"product_cat-sahovske-ure","7":"product_cat-digitalne-ure","9":"entry","10":"has-media","12":"first","13":"instock","14":"sale","15":"taxable","16":"shipping-taxable","17":"purchasable","18":"product-type-simple","19":"has-product-nav","20":"col","21":"span_1_of_4","22":"owp-content-center","23":"item-entry","24":"owp-thumbs-layout-horizontal","25":"owp-btn-normal","26":"owp-tabs-layout-section"},"wcpa_form_fields":null,"_links":{"self":[{"href":"https:\/\/chessgamesemporium.com\/hr\/wp-json\/wp\/v2\/product\/45291","targetHints":{"allow":["GET"]}}],"collection":[{"href":"https:\/\/chessgamesemporium.com\/hr\/wp-json\/wp\/v2\/product"}],"about":[{"href":"https:\/\/chessgamesemporium.com\/hr\/wp-json\/wp\/v2\/types\/product"}],"replies":[{"embeddable":true,"href":"https:\/\/chessgamesemporium.com\/hr\/wp-json\/wp\/v2\/comments?post=45291"}],"version-history":[{"count":0,"href":"https:\/\/chessgamesemporium.com\/hr\/wp-json\/wp\/v2\/product\/45291\/revisions"}],"wp:featuredmedia":[{"embeddable":true,"href":"https:\/\/chessgamesemporium.com\/hr\/wp-json\/wp\/v2\/media\/47735"}],"wp:attachment":[{"href":"https:\/\/chessgamesemporium.com\/hr\/wp-json\/wp\/v2\/media?parent=45291"}],"wp:term":[{"taxonomy":"product_brand","embeddable":true,"href":"https:\/\/chessgamesemporium.com\/hr\/wp-json\/wp\/v2\/product_brand?post=45291"},{"taxonomy":"product_cat","embeddable":true,"href":"https:\/\/chessgamesemporium.com\/hr\/wp-json\/wp\/v2\/product_cat?post=45291"},{"taxonomy":"product_tag","embeddable":true,"href":"https:\/\/chessgamesemporium.com\/hr\/wp-json\/wp\/v2\/product_tag?post=45291"}],"curies":[{"name":"wp","href":"https:\/\/api.w.org\/{rel}","templated":true}]}}