{"id":45353,"date":"2022-09-27T11:52:02","date_gmt":"2022-09-27T11:52:02","guid":{"rendered":"https:\/\/www.ivh9.si\/Ponudbe\/chess\/?post_type=product&#038;p=45353"},"modified":"2026-05-05T13:16:36","modified_gmt":"2026-05-05T13:16:36","slug":"plasticne-sahovske-figure-dubrovnik-zagreb","status":"publish","type":"product","link":"https:\/\/chessgamesemporium.com\/hr\/shop\/sahovske-figure\/plasticne-figure\/plasticne-sahovske-figure-dubrovnik-zagreb\/","title":{"rendered":"Plasti\u010dne \u0161ahovske figure DUBROVNIK ZAGREB"},"content":{"rendered":"<p>Podno\u017eje: filcano<br \/>\nMaterijal: Plastika<br \/>\nBoja: Be\u017e\/sme\u0111a<\/p>\n<p><b>Dimenzije: (visina figure | promjer baze)<\/b><br \/>\nKralj: 8,2 cm | 3,6 cm<br \/>\nDama: 7,7 cm | 3,6 cm<br \/>\nTop: 5,1 cm | 3,4 cm<br \/>\nLovac: 7,1 cm | 3,4 cm<br \/>\nSkaka\u010d: 6,1 cm | 3,4 cm<br \/>\nPje\u0161ak: 4,7 cm | 3,2 cm<\/p>\n<p>Ovaj plasti\u010dni \u0161ahovski set temelji se na dubrova\u010dkom modelu, poznatom dizajnu s dugom tradicijom. Figure su utegnute i filcane, \u0161to omogu\u0107uje stabilne i brze pokrete tijekom igre. Klasi\u010dan \u010dist dizajn bez vjerske ikonografije \u010dini ove figure izvrsnima za ku\u0107nu ili profesionalnu upotrebu. Kvalitetna plastika \u010dini figure izdr\u017eljivima i osigurava dug vijek trajanja.<\/p>\n<p>Idealno za:<\/p>\n<p>Turnirske i \u0161kolske igre<\/p>\n<p>Kolekcionare i ljubitelje klasi\u010dnih \u0161ahovskih dizajna<\/p>\n<p>Igra\u010de koji cijene stabilnost i estetiku<\/p>\n<p>UPOZORENJE! Nije prikladno za djecu mla\u0111u od tri godine.<\/p>","protected":false},"excerpt":{"rendered":"<p>Podlaga: podlo\u017eene s filcem Material: plastika Barva: be\u017e \/ rjava Dimenzije: (vi\u0161ina figure | premer podlage) Kralj: 8,2 cm | 3,6 cm Dama: 7,7 cm | 3,6 cm Top: 5,1 cm | 3,4 cm Lovec: 7,1 cm | 3,4 cm Skaka\u010d: 6,1 cm | 3,4 cm Kmet: 4,7 cm | 3,2 cm Komplet plasti\u010dnih \u0161ahovskih [&hellip;]<\/p>","protected":false},"featured_media":48252,"comment_status":"closed","ping_status":"closed","template":"","meta":{"_seopress_robots_primary_cat":"none","_seopress_titles_title":"","_seopress_titles_desc":"","_seopress_robots_index":""},"product_brand":[],"product_cat":[511,521],"product_tag":[594],"class_list":{"0":"post-45353","1":"product","2":"type-product","3":"status-publish","4":"has-post-thumbnail","6":"product_cat-sahovske-figure","7":"product_cat-plasticne-figure","8":"product_tag-90mm","10":"entry","11":"has-media","13":"first","14":"instock","15":"taxable","16":"shipping-taxable","17":"purchasable","18":"product-type-simple","19":"has-product-nav","20":"col","21":"span_1_of_4","22":"owp-content-center","23":"item-entry","24":"owp-thumbs-layout-horizontal","25":"owp-btn-normal","26":"owp-tabs-layout-section"},"wcpa_form_fields":null,"_links":{"self":[{"href":"https:\/\/chessgamesemporium.com\/hr\/wp-json\/wp\/v2\/product\/45353","targetHints":{"allow":["GET"]}}],"collection":[{"href":"https:\/\/chessgamesemporium.com\/hr\/wp-json\/wp\/v2\/product"}],"about":[{"href":"https:\/\/chessgamesemporium.com\/hr\/wp-json\/wp\/v2\/types\/product"}],"replies":[{"embeddable":true,"href":"https:\/\/chessgamesemporium.com\/hr\/wp-json\/wp\/v2\/comments?post=45353"}],"version-history":[{"count":1,"href":"https:\/\/chessgamesemporium.com\/hr\/wp-json\/wp\/v2\/product\/45353\/revisions"}],"predecessor-version":[{"id":64489,"href":"https:\/\/chessgamesemporium.com\/hr\/wp-json\/wp\/v2\/product\/45353\/revisions\/64489"}],"wp:featuredmedia":[{"embeddable":true,"href":"https:\/\/chessgamesemporium.com\/hr\/wp-json\/wp\/v2\/media\/48252"}],"wp:attachment":[{"href":"https:\/\/chessgamesemporium.com\/hr\/wp-json\/wp\/v2\/media?parent=45353"}],"wp:term":[{"taxonomy":"product_brand","embeddable":true,"href":"https:\/\/chessgamesemporium.com\/hr\/wp-json\/wp\/v2\/product_brand?post=45353"},{"taxonomy":"product_cat","embeddable":true,"href":"https:\/\/chessgamesemporium.com\/hr\/wp-json\/wp\/v2\/product_cat?post=45353"},{"taxonomy":"product_tag","embeddable":true,"href":"https:\/\/chessgamesemporium.com\/hr\/wp-json\/wp\/v2\/product_tag?post=45353"}],"curies":[{"name":"wp","href":"https:\/\/api.w.org\/{rel}","templated":true}]}}