{"id":45873,"date":"2022-10-13T10:17:12","date_gmt":"2022-10-13T10:17:12","guid":{"rendered":"https:\/\/www.ivh44.si\/Ponudbe\/chess\/?post_type=product&#038;p=45873"},"modified":"2025-10-16T11:09:47","modified_gmt":"2025-10-16T11:09:47","slug":"plasticne-sahovske-figure-crna-bez","status":"publish","type":"product","link":"https:\/\/chessgamesemporium.com\/hr\/shop\/sahovske-figure\/plasticne-figure\/plasticne-sahovske-figure-crna-bez\/","title":{"rendered":"Plasti\u010dne \u0160ahovske Figure CRNA | BE\u017d"},"content":{"rendered":"<p>Podloga: Filc<br \/>\nMaterijal: Plastika<br \/>\nBoja: oker i crna<\/p>\n<p>Dimenzije: (visina | promjer baze)<br \/>\nKralj: 9,0 cm | 3,5 cm<br \/>\nDama: 7,8 cm | 3,5 cm<br \/>\nTop: 4,7 cm | 3,1 cm<br \/>\nLovac: 6,7 cm | 3,1 cm<br \/>\nSkaka\u010d: 6,1 cm | 3,1 cm<br \/>\nPje\u0161ak: 4,6 cm | 2,7 cm<\/p>\n<p>Plasti\u010dni \u0161ahovski set STAUNTON pouzdan je i pristupa\u010dan izbor za svakodnevnu igru u \u0161kolama, klubovima ili kod ku\u0107e. Figure su izra\u0111ene od izuzetno izdr\u017eljive plastike, \u0161to zna\u010di da mogu izdr\u017eati intenzivnu upotrebu bez ve\u0107ih o\u0161te\u0107enja ili habanja.<\/p>\n<p>Ovaj set se posebno preporu\u010duje za:<\/p>\n<p>\u0160ahovske klubove i krugove<\/p>\n<p>\u0160kole i obrazovne ustanove<\/p>\n<p>Organizatore turnira<\/p>\n<p>Po\u010detnike i povremene igra\u010de<\/p>\n<p>UPOZORENJE! Nije prikladno za djecu mla\u0111u od tri godine.<\/p>","protected":false},"excerpt":{"rendered":"<p>Podlaga: Podlo\u017eene s filcem Material: Plastika Barva: oker in \u010drna Dimenzije: (vi\u0161ina | premer podlage) Kralj: 9,0 cm | 3,5 cm Dama: 7,8 cm | 3,5 cm Top: 4,7 cm | 3,1 cm Lovec: 6,7 cm | 3,1 cm Skaka\u010d: 6,1 cm | 3,1 cm Kmet: 4,6 cm | 2,7 cm Komplet plasti\u010dnih \u0161ahovskih figur [&hellip;]<\/p>","protected":false},"featured_media":48251,"comment_status":"closed","ping_status":"closed","template":"","meta":{"_seopress_robots_primary_cat":"none","_seopress_titles_title":"","_seopress_titles_desc":"","_seopress_robots_index":""},"product_brand":[],"product_cat":[511,521],"product_tag":[594],"class_list":{"0":"post-45873","1":"product","2":"type-product","3":"status-publish","4":"has-post-thumbnail","6":"product_cat-sahovske-figure","7":"product_cat-plasticne-figure","8":"product_tag-90mm","10":"entry","11":"has-media","13":"first","14":"instock","15":"taxable","16":"shipping-taxable","17":"purchasable","18":"product-type-simple","19":"has-product-nav","20":"col","21":"span_1_of_4","22":"owp-content-center","23":"item-entry","24":"owp-thumbs-layout-horizontal","25":"owp-btn-normal","26":"owp-tabs-layout-section"},"wcpa_form_fields":null,"_links":{"self":[{"href":"https:\/\/chessgamesemporium.com\/hr\/wp-json\/wp\/v2\/product\/45873","targetHints":{"allow":["GET"]}}],"collection":[{"href":"https:\/\/chessgamesemporium.com\/hr\/wp-json\/wp\/v2\/product"}],"about":[{"href":"https:\/\/chessgamesemporium.com\/hr\/wp-json\/wp\/v2\/types\/product"}],"replies":[{"embeddable":true,"href":"https:\/\/chessgamesemporium.com\/hr\/wp-json\/wp\/v2\/comments?post=45873"}],"version-history":[{"count":0,"href":"https:\/\/chessgamesemporium.com\/hr\/wp-json\/wp\/v2\/product\/45873\/revisions"}],"wp:featuredmedia":[{"embeddable":true,"href":"https:\/\/chessgamesemporium.com\/hr\/wp-json\/wp\/v2\/media\/48251"}],"wp:attachment":[{"href":"https:\/\/chessgamesemporium.com\/hr\/wp-json\/wp\/v2\/media?parent=45873"}],"wp:term":[{"taxonomy":"product_brand","embeddable":true,"href":"https:\/\/chessgamesemporium.com\/hr\/wp-json\/wp\/v2\/product_brand?post=45873"},{"taxonomy":"product_cat","embeddable":true,"href":"https:\/\/chessgamesemporium.com\/hr\/wp-json\/wp\/v2\/product_cat?post=45873"},{"taxonomy":"product_tag","embeddable":true,"href":"https:\/\/chessgamesemporium.com\/hr\/wp-json\/wp\/v2\/product_tag?post=45873"}],"curies":[{"name":"wp","href":"https:\/\/api.w.org\/{rel}","templated":true}]}}