{"id":45941,"date":"2022-10-13T10:43:56","date_gmt":"2022-10-13T10:43:56","guid":{"rendered":"https:\/\/www.ivh44.si\/Ponudbe\/chess\/?post_type=product&#038;p=45941"},"modified":"2025-08-06T07:31:57","modified_gmt":"2025-08-06T07:31:57","slug":"plasticne-sahovske-figure-dgt-tournament","status":"publish","type":"product","link":"https:\/\/chessgamesemporium.com\/hr\/shop\/sahovske-figure\/plasticne-figure\/plasticne-sahovske-figure-dgt-tournament\/","title":{"rendered":"Plasti\u010dne \u0160ahovske Figure DGT TOURNAMENT"},"content":{"rendered":"<p>Podloga: Filc<br \/>\nMaterijal: Plastika<br \/>\nBoja: Be\u017e i crna<\/p>\n<p>Dimenzije: (visina figure | promjer baze)<br \/>\nKralj: 9,5 cm | 4,2 cm<br \/>\nDama: 8,1 cm | 3,9 cm<br \/>\nTop: 5,7 cm | 3,6 cm<br \/>\nLovac: 7,4 cm | 3,6 cm<br \/>\nSkaka\u010d: 6,4 cm | 3,6 cm<br \/>\nPje\u0161ak: 5,0 cm | 2,8 cm<\/p>\n<p>DGT Tournament set plasti\u010dnih \u0161ahovskih figura ima dvostruko utezanje, \u0161to osigurava iznimnu stabilnost i ugodan osje\u0107aj tijekom igre. Figure su robusne, svaka nosi dovoljno mase da se sprije\u010di lako prevrtanje - idealno za intenzivnu upotrebu.<\/p>\n<p>Ovo je proizvod renomiranog dobavlja\u010da DGT, \u0161to zna\u010di kvalitetu i uskla\u0111enost s turnirskim standardima (kralj ~9,5 cm). Materijal je visoko otporna plastika, pogodna za klupsku upotrebu, nastavna okru\u017eenja ili turnire. Filcana podloga dodatno poma\u017ee u ti\u0161em i lak\u0161em pomicanju figura.<\/p>\n<p>Ovaj set nudi izniman omjer cijene i performansi, posebno atraktivan za:<\/p>\n<p>\u0161ahovske klubove i organizatore doga\u0111anja<\/p>\n<p>\u0160ahovske klubove i krugove<\/p>\n<p>po\u010detnike koji tra\u017ee robusnu i pristupa\u010dnu opremu<\/p>\n<p>intenzivnu svakodnevnu upotrebu u obrazovnim okru\u017eenjima<\/p>\n<p>UPOZORENJE! Nije prikladno za djecu mla\u0111u od tri godine.<\/p>","protected":false},"excerpt":{"rendered":"<p>Podlaga: Podlo\u017eene s filcem Material: Plastika Barva: Be\u017e in \u010drna Dimenzije: (vi\u0161ina figure | premer podlage) Kralj: 9,5 cm | 4,2 cm Dama: 8,1 cm | 3,9 cm Top: 5,7 cm | 3,6 cm Lovec: 7,4 cm | 3,6 cm Skaka\u010d: 6,4 cm | 3,6 cm Kmet: 5,0 cm | 2,8 cm Komplet plasti\u010dnih \u0161ahovskih [&hellip;]<\/p>","protected":false},"featured_media":48246,"comment_status":"closed","ping_status":"closed","template":"","meta":{"_seopress_robots_primary_cat":"none","_seopress_titles_title":"","_seopress_titles_desc":"","_seopress_robots_index":""},"product_brand":[],"product_cat":[511,521],"product_tag":[595],"class_list":{"0":"post-45941","1":"product","2":"type-product","3":"status-publish","4":"has-post-thumbnail","6":"product_cat-sahovske-figure","7":"product_cat-plasticne-figure","8":"product_tag-95mm","9":"wcpa_has_options","11":"entry","12":"has-media","14":"first","15":"instock","16":"taxable","17":"shipping-taxable","18":"purchasable","19":"product-type-simple","20":"has-product-nav","21":"col","22":"span_1_of_4","23":"owp-content-center","24":"item-entry","25":"owp-thumbs-layout-horizontal","26":"owp-btn-normal","27":"owp-tabs-layout-section"},"wcpa_form_fields":{"rules":{"pric_overide_base_price":false,"pric_overide_base_price_if_gt_zero":false,"pric_overide_base_price_fully":false,"pric_cal_option_once":false,"pric_use_as_fee":false,"bind_quantity":false,"quantity_bind_formula":false},"fields":[{"type":"checkbox-group","elementId":"wcpa-checkbox-group-1707738535577","label":"Dodatek","enablePrice":true,"priceOptions":"fixed_for_all","pricingType":"fixed","price":"5","name":"checkbox-group-1707738535577","other_text":"Other","cl_rule":"show","col":6,"values":[{"label":"Dodatni kraljici (bela in \u010drna)","value":"5.00 Eur","price":"","pimage":"","pimage_id":"","pthumb":""}],"relations":false,"form_id":55845,"form_rules":{"pric_cal_option_once":false,"exclude_from_discount":false,"pric_use_as_fee":false,"fee_label":"Fee","render_after_acb":false,"disp_hide_options_price":false}}]},"_links":{"self":[{"href":"https:\/\/chessgamesemporium.com\/hr\/wp-json\/wp\/v2\/product\/45941","targetHints":{"allow":["GET"]}}],"collection":[{"href":"https:\/\/chessgamesemporium.com\/hr\/wp-json\/wp\/v2\/product"}],"about":[{"href":"https:\/\/chessgamesemporium.com\/hr\/wp-json\/wp\/v2\/types\/product"}],"replies":[{"embeddable":true,"href":"https:\/\/chessgamesemporium.com\/hr\/wp-json\/wp\/v2\/comments?post=45941"}],"version-history":[{"count":0,"href":"https:\/\/chessgamesemporium.com\/hr\/wp-json\/wp\/v2\/product\/45941\/revisions"}],"wp:featuredmedia":[{"embeddable":true,"href":"https:\/\/chessgamesemporium.com\/hr\/wp-json\/wp\/v2\/media\/48246"}],"wp:attachment":[{"href":"https:\/\/chessgamesemporium.com\/hr\/wp-json\/wp\/v2\/media?parent=45941"}],"wp:term":[{"taxonomy":"product_brand","embeddable":true,"href":"https:\/\/chessgamesemporium.com\/hr\/wp-json\/wp\/v2\/product_brand?post=45941"},{"taxonomy":"product_cat","embeddable":true,"href":"https:\/\/chessgamesemporium.com\/hr\/wp-json\/wp\/v2\/product_cat?post=45941"},{"taxonomy":"product_tag","embeddable":true,"href":"https:\/\/chessgamesemporium.com\/hr\/wp-json\/wp\/v2\/product_tag?post=45941"}],"curies":[{"name":"wp","href":"https:\/\/api.w.org\/{rel}","templated":true}]}}