{"id":45973,"date":"2022-10-13T10:57:16","date_gmt":"2022-10-13T10:57:16","guid":{"rendered":"https:\/\/www.ivh44.si\/Ponudbe\/chess\/?post_type=product&#038;p=45973"},"modified":"2026-05-02T21:24:58","modified_gmt":"2026-05-02T21:24:58","slug":"plasticne-sahovske-figure-vikinzi","status":"publish","type":"product","link":"https:\/\/chessgamesemporium.com\/hr\/shop\/sahovske-figure\/plasticne-figure\/plasticne-sahovske-figure-vikinzi\/","title":{"rendered":"Plasti\u010dne \u0160ahovske Figure VIKINZI"},"content":{"rendered":"<div class=\"cge-desc-tabs\" data-cge-tabs=\"\">\n<div class=\"cge-desc-tab-buttons\">\n<button class=\"active\" type=\"button\" data-tab=\"opis\">Opis<\/button><br \/>\n<button type=\"button\" data-tab=\"specifikacije\">Specifikacije<\/button><br \/>\n<button type=\"button\" data-tab=\"primernost\">Namjena<\/button>\n<\/div>\n<p><!-- OPIS --><\/p>\n<div class=\"cge-desc-tab-panel active\" data-panel=\"opis\">\n<p>Vikin\u0161ki \u0161ahovski set kombinira prakti\u010dnu funkcionalnost s umjetni\u010dkim dizajnom. Figure su inspirirane motivima iz nordijske mitologije i dizajnirane u prepoznatljivom stilu vikin\u0161ke kulture. Njihov jedinstveni izgled stvara razigrano, ali i povijesno obojeno \u0161ahovsko iskustvo.<\/p>\n<p>Vikin\u0161ke \u0161ahovske figure donose potpuno druga\u010dije iskustvo igre, kombiniraju\u0107i \u0161ah s temom nordijskih ratnika. Svojim prepoznatljivim i jedinstvenim dizajnom savr\u0161ene su za sve koji \u017eele ne\u0161to druga\u010dije od klasi\u010dnih Staunton figura, a pritom zadr\u017eati funkcionalnost igre. \u010cesto su popularan izbor za tematske kolekcije, poklone ili dekorativni \u0161ah koji privla\u010di pa\u017enju u svakom prostoru.<\/p>\n<p class=\"cge-warning\">UPOZORENJE! Nije prikladno za djecu mla\u0111u od tri godine.<\/p>\n<\/div>\n<p><!-- SPECIFIKACIJE --><\/p>\n<div class=\"cge-desc-tab-panel\" data-panel=\"specifikacije\">\n<div class=\"cge-spec-list\">\n<div><b>Podloga:<\/b> Podlo\u017eene filcom<\/div>\n<div><b>Ute\u017eene<\/b> Ne<\/div>\n<div><b>Materijal:<\/b> Plastika<\/div>\n<div><b>Boja:<\/b> Krem i crna<\/div>\n<div><b>Prikladne za \u0161ahovnicu:<\/b> Polje pribli\u017eno 45 mm do 55 mm<\/div>\n<\/div>\n<p class=\"cge-spec-heading\">Dimenzije: (visina figure | promjer baze)<\/p>\n<div class=\"cge-dimensions\">\n<div><b>Kralj:<\/b> 9,5 cm | 2,9 cm<\/div>\n<div><b>Dama:<\/b> 8,9 cm | 2,9 cm<\/div>\n<div><b>Top:<\/b> 6,7 cm | 2,9 cm<\/div>\n<div><b>Lovac:<\/b> 7,8 cm | 2,9 cm<\/div>\n<div><b>Skaka\u010d:<\/b> 7,5 cm | 2,9 cm<\/div>\n<div><b>Pje\u0161ak:<\/b> 5,8 cm | 2,4 cm<\/div>\n<\/div>\n<\/div>\n<p><!-- PRIMERNOST --><\/p>\n<div class=\"cge-desc-tab-panel\" data-panel=\"primernost\">\n<div class=\"cge-check-list\">\n<div>\u2713 ljubitelje nordijske povijesti i tema<\/div>\n<div>\u2713 Kolekcionari<\/div>\n<div>\u2713 Jedinstveni dizajn<\/div>\n<div>\u2713 ku\u0107na upotreba<\/div>\n<div>\u2713 Razigrano \u0161ahovsko iskustvo<\/div>\n<\/div>\n<\/div>\n<\/div>","protected":false},"excerpt":{"rendered":"<p>Opis Specifikacije Primernost Komplet \u0161ahovskih figur Vikingi zdru\u017euje uporabno funkcionalnost z umetni\u0161kim oblikovanjem. Figure so navdihnjene z motivi iz nordijske mitologije ter oblikovane v prepoznavnem slogu vikin\u0161ke kulture. Njihova unikatna podoba ustvarja igrivo, a hkrati zgodovinsko obarvano \u0161ahovsko izku\u0161njo. Viking \u0161ahovske figure prina\u0161ajo popolnoma druga\u010dno \u0161ahovsko izku\u0161njo, saj zdru\u017eujejo igro in tematiko nordijskih bojevnikov. Zaradi [&hellip;]<\/p>","protected":false},"featured_media":48244,"comment_status":"closed","ping_status":"closed","template":"","meta":{"_seopress_robots_primary_cat":"none","_seopress_titles_title":"Plasti\u010dne \u0161ahovske figure Vikingi \u2013 tematske figure | \u0160ahovska trgovina Muba","_seopress_titles_desc":"Tematske plasti\u010dne \u0161ahovske figure Vikingi z unikatnim dizajnom. Odli\u010dna izbira za dekoracijo, zbiratelje ali igranje \u0161aha doma in kot darilo.","_seopress_robots_index":""},"product_brand":[],"product_cat":[511,521],"product_tag":[595],"class_list":{"0":"post-45973","1":"product","2":"type-product","3":"status-publish","4":"has-post-thumbnail","6":"product_cat-sahovske-figure","7":"product_cat-plasticne-figure","8":"product_tag-95mm","10":"entry","11":"has-media","13":"first","14":"instock","15":"taxable","16":"shipping-taxable","17":"purchasable","18":"product-type-simple","19":"has-product-nav","20":"col","21":"span_1_of_4","22":"owp-content-center","23":"item-entry","24":"owp-thumbs-layout-horizontal","25":"owp-btn-normal","26":"owp-tabs-layout-section"},"wcpa_form_fields":null,"_links":{"self":[{"href":"https:\/\/chessgamesemporium.com\/hr\/wp-json\/wp\/v2\/product\/45973","targetHints":{"allow":["GET"]}}],"collection":[{"href":"https:\/\/chessgamesemporium.com\/hr\/wp-json\/wp\/v2\/product"}],"about":[{"href":"https:\/\/chessgamesemporium.com\/hr\/wp-json\/wp\/v2\/types\/product"}],"replies":[{"embeddable":true,"href":"https:\/\/chessgamesemporium.com\/hr\/wp-json\/wp\/v2\/comments?post=45973"}],"version-history":[{"count":5,"href":"https:\/\/chessgamesemporium.com\/hr\/wp-json\/wp\/v2\/product\/45973\/revisions"}],"predecessor-version":[{"id":64404,"href":"https:\/\/chessgamesemporium.com\/hr\/wp-json\/wp\/v2\/product\/45973\/revisions\/64404"}],"wp:featuredmedia":[{"embeddable":true,"href":"https:\/\/chessgamesemporium.com\/hr\/wp-json\/wp\/v2\/media\/48244"}],"wp:attachment":[{"href":"https:\/\/chessgamesemporium.com\/hr\/wp-json\/wp\/v2\/media?parent=45973"}],"wp:term":[{"taxonomy":"product_brand","embeddable":true,"href":"https:\/\/chessgamesemporium.com\/hr\/wp-json\/wp\/v2\/product_brand?post=45973"},{"taxonomy":"product_cat","embeddable":true,"href":"https:\/\/chessgamesemporium.com\/hr\/wp-json\/wp\/v2\/product_cat?post=45973"},{"taxonomy":"product_tag","embeddable":true,"href":"https:\/\/chessgamesemporium.com\/hr\/wp-json\/wp\/v2\/product_tag?post=45973"}],"curies":[{"name":"wp","href":"https:\/\/api.w.org\/{rel}","templated":true}]}}