{"id":46109,"date":"2022-10-20T10:01:22","date_gmt":"2022-10-20T10:01:22","guid":{"rendered":"https:\/\/www.ivh44.si\/Ponudbe\/chess\/?post_type=product&#038;p=46109"},"modified":"2024-03-26T07:52:33","modified_gmt":"2024-03-26T07:52:33","slug":"drvene-divovske-figure-kh40-cm","status":"publish","type":"product","link":"https:\/\/chessgamesemporium.com\/hr\/shop\/vrtne-igre\/vrtni-sahi\/drvene-divovske-figure-kh40-cm\/","title":{"rendered":"Drvene divovske figure KH=40 cm"},"content":{"rendered":"<p>Ove ru\u010dno izra\u0111ene \u0161ahovske figure namijenjene su funkcionalnoj ili dekorativnoj upotrebi i trebaju se odr\u017eavati kao i svaka druga drvena skulptura. Nisu prikladne igra\u010dke za djecu.<\/p>\n<p>Materijal: Drvo tikovine<\/p>\n<p>Dimenzije: (visina figure | promjer podloge | te\u017eina)<br \/>\nKralj:\u00a040 cm | 16,5 cm\u00a0| 1,7 kg<br \/>\nKraljica: 31,5 cm | 15 cm | 1,2 kg<br \/>\nTop: 22,2 cm | 13,8 cm | 0,9 kg<br \/>\nLovac: 29 cm | 12,4 cm | 0,7 kg<br \/>\nSkaka\u010d: 26 cm | 12,6 cm | 1,2 kg<br \/>\nPje\u0161ak: 18,7 cm | 11 cm | 0,4 kg<\/p>\n<p>Odr\u017eavanje i njega:<\/p>\n<p>Divovske \u0161ahovske figure izra\u0111ene od drva tikovine lako se odr\u017eavaju. Mogu se o\u010distiti vla\u017enom krpom kako bi se uklonila pra\u0161ina i mrlje koje uzrokuju ki\u0161a ili drugi oblici tro\u0161enja.<\/p>\n<p>Kako je drvo \u017eiv materijal, neke promjene su neizbje\u017ene. Konstantno kretanje drva mo\u017ee, primjerice, uzrokovati pucanje. Ali takve promjene samo poma\u017eu pove\u0107ati jedinstvenost svake skulpture. Drvo je lijep i topao materijal. Koristimo drvo tikovine u izradi ovih figura zbog njegove karakteristi\u010dne teksture i boje.<\/p>\n<p>Upozorenje: \u0161ahovske figure dizajnirane su za unutarnju i vanjsku upotrebu, ali nisu prikladne igra\u010dke za djecu. Nepa\u017eljiv tretman mo\u017ee rezultirati ogrebotinama i udarcima.<\/p>\n<p>Jednostavno re\u010deno: Ove figure nisu krhke, ali zahtijevaju njegu kako bi se osiguralo njihovo o\u010duvanje. Iako je drvo tikovine prikladno za vanjsku upotrebu, figure bi trebale biti pokrivene ili premje\u0161tene unutar prostora tijekom jakih ki\u0161a ili snijega, kao i figure od plastike.<\/p>\n<p>Samo po narud\u017ebi - ako ste zainteresirani za kupnju ovog predmeta, kontaktirajte nas unaprijed kako biste potvrdili dostupnost.<\/p>","protected":false},"excerpt":{"rendered":"<p>Ro\u010dno izdelane \u0161ahovske figure\u00a0so namenjene za funkcionalno in dekorativno uporabo in je zanje potrebno skrbeti kot za vsako drugo leseno skulpturo. Niso primerna igra\u010da za otroke Material: Tikov les Dimenzije: (vi\u0161ina figure | premer podlage\u00a0| te\u017ea) Kralj:\u00a040 cm | 16,5 cm\u00a0| 1,7 kg Dama:\u00a031,5 cm | 15 cm\u00a0| 1,2 kg Top:\u00a022,2 cm | 13,8 cm\u00a0| [&hellip;]<\/p>","protected":false},"featured_media":46113,"comment_status":"closed","ping_status":"closed","template":"","meta":{"_seopress_robots_primary_cat":"none","_seopress_titles_title":"","_seopress_titles_desc":"","_seopress_robots_index":""},"product_brand":[],"product_cat":[538,539],"product_tag":[],"class_list":{"0":"post-46109","1":"product","2":"type-product","3":"status-publish","4":"has-post-thumbnail","6":"product_cat-vrtne-igre","7":"product_cat-vrtni-sahi","9":"entry","10":"has-media","12":"first","13":"onbackorder","14":"taxable","15":"shipping-taxable","16":"purchasable","17":"product-type-simple","18":"has-product-nav","19":"col","20":"span_1_of_4","21":"owp-content-center","22":"item-entry","23":"owp-thumbs-layout-horizontal","24":"owp-btn-normal","25":"owp-tabs-layout-section"},"wcpa_form_fields":null,"_links":{"self":[{"href":"https:\/\/chessgamesemporium.com\/hr\/wp-json\/wp\/v2\/product\/46109","targetHints":{"allow":["GET"]}}],"collection":[{"href":"https:\/\/chessgamesemporium.com\/hr\/wp-json\/wp\/v2\/product"}],"about":[{"href":"https:\/\/chessgamesemporium.com\/hr\/wp-json\/wp\/v2\/types\/product"}],"replies":[{"embeddable":true,"href":"https:\/\/chessgamesemporium.com\/hr\/wp-json\/wp\/v2\/comments?post=46109"}],"version-history":[{"count":0,"href":"https:\/\/chessgamesemporium.com\/hr\/wp-json\/wp\/v2\/product\/46109\/revisions"}],"wp:featuredmedia":[{"embeddable":true,"href":"https:\/\/chessgamesemporium.com\/hr\/wp-json\/wp\/v2\/media\/46113"}],"wp:attachment":[{"href":"https:\/\/chessgamesemporium.com\/hr\/wp-json\/wp\/v2\/media?parent=46109"}],"wp:term":[{"taxonomy":"product_brand","embeddable":true,"href":"https:\/\/chessgamesemporium.com\/hr\/wp-json\/wp\/v2\/product_brand?post=46109"},{"taxonomy":"product_cat","embeddable":true,"href":"https:\/\/chessgamesemporium.com\/hr\/wp-json\/wp\/v2\/product_cat?post=46109"},{"taxonomy":"product_tag","embeddable":true,"href":"https:\/\/chessgamesemporium.com\/hr\/wp-json\/wp\/v2\/product_tag?post=46109"}],"curies":[{"name":"wp","href":"https:\/\/api.w.org\/{rel}","templated":true}]}}